{"id":1973322,"date":"2023-02-27T17:44:47","date_gmt":"2023-02-27T16:44:47","guid":{"rendered":"https:\/\/de.tilta.com\/shop\/kamerakaefig-fuer-panasonic-s5-ii-iix-g9-ii-basic-kit\/"},"modified":"2025-12-05T12:10:29","modified_gmt":"2025-12-05T11:10:29","slug":"tilta-panasonic-s5-ii-iix-basic-kit","status":"publish","type":"product","link":"https:\/\/eu.tilta.com\/de\/shop\/tilta-panasonic-s5-ii-iix-basic-kit\/","title":{"rendered":"Kamerak\u00e4fig f\u00fcr Panasonic S5 II\/IIX\/G9 II Basic Kit"},"content":{"rendered":"<p>Erweitern Sie die Funktionalit\u00e4t Ihrer Kamera in einer Videoproduktionsumgebung mit unserem Basic Kit f\u00fcr Panasonic S5 II oder IIX.<\/p>\n<p>Der K\u00e4fig selbst bietet zus\u00e4tzlichen Schutz f\u00fcr Ihr Kamerageh\u00e4use und verf\u00fcgt \u00fcber universelle Befestigungsm\u00f6glichkeiten f\u00fcr Zubeh\u00f6r wie NATO, ARRI Rosette, Cold Shoe und 1\/4&#8243;-20 Gewinde mit Fixierstiften.<\/p>\n<p>Der K\u00e4fig verf\u00fcgt \u00fcber zwei NATO-Schienenanschl\u00fcsse, die perfekt f\u00fcr unsere optionalen Type IV\/VI Side Handles oder jeden Top Handle, der \u00fcber die NATO angeschlossen wird, geeignet sind.<\/p>\n<p>Diese NATO-Schienenanordnung erm\u00f6glicht es Ihnen, die Position der NATO-basierten oberen und seitlichen Griffe einfach zu wechseln, um schnell zwischen vertikalen und horizontalen Schie\u00dfkonfigurationen zu wechseln.<\/p>\n<p>Das Basic Kit enth\u00e4lt den NATO Top Handle, der eine flexiblere Bedienung und Handhabung erm\u00f6glicht.<\/p>\n<p>Der Griff verf\u00fcgt \u00fcber mehrere Befestigungspunkte, darunter einen Kaltschuh-Empf\u00e4nger, mit dem Sie einen externen Monitor \u00fcber unsere <a href=\"https:\/\/de.tilta.com\/de\/shop\/tiltaing-adjustable-cold-shoe-accessory-mounting-bracket\/\">Kaltschuh-Zubeh\u00f6rhalterung<\/a> befestigen k\u00f6nnen.<\/p>\n<p>Im Kit enthalten ist unsere universelle 15-mm-LWS-Grundplatte, die eine 15-mm-Stangenhalterung bietet und Ihre M\u00f6glichkeiten f\u00fcr die Montage von stangenbasiertem Zubeh\u00f6r wie Follow-Focus-Motoren oder Matte-Boxen erweitert.<\/p>\n<p>Das neue modulare Design verf\u00fcgt \u00fcber einen ARCA-Empf\u00e4nger, der den Austausch zwischen einem Ronin Gimbal der S-Serie und dieser Grundplatte schnell und einfach macht.<\/p>\n<p>Dieser ARCA-Adapter kann auch entfernt werden, so dass Sie andere K\u00e4fige oder Kamerasysteme direkt \u00fcber zwei 1\/4\u2033-20 Schrauben montieren k\u00f6nnen.<\/p>\n<p>Diese Grundplatte ist mit unseren Tilta Standardschwalbenschw\u00e4nzen kompatibel und kann eine Vielzahl von Schnellwechselplatten \u00fcber 1\/4\u2033-20 und 3\/8\u2033-16 Gewinde aufnehmen.<\/p>\n<p>\u00c4hnlich wie bei unseren anderen Systemen haben Sie auch bei unseren neuen 15-mm-Einzelrutenhaltern mehrere M\u00f6glichkeiten zur Befestigung von 15-mm-Ruten.<\/p>\n<p>Damit k\u00f6nnen Sie 15-mm-Rutenzubeh\u00f6r \u00fcber das NATO-Gewinde, die beiden 1\/4\u2033-20-Gewinde oder das Front Mount Rod Holder-Gewinde befestigen.<\/p>\n<p>Bei diesem aktualisierten Design wurde der Schwerpunkt auf die Zug\u00e4nglichkeit gelegt, so dass alle Anschl\u00fcsse und Bedienelemente der Kamera besser zug\u00e4nglich sind.<\/p>\n<p>Die Bodenplatte verf\u00fcgt \u00fcber einen Arca Swiss-Anschluss und kann nativ an der DJI RS3 Pro \/ RS3 \/ RS2 befestigt werden.<\/p>\n<p>Dieser K\u00e4fig kann \u00fcber dieselbe ARCA-Verbindung auch an unser Modulares Grundplattensystem montiert werden. (weitere Informationen folgen in K\u00fcrze)<\/p>\n<p>Die mitgelieferte HDMI- und USB-C-Kabelklemme sorgt daf\u00fcr, dass alle angeschlossenen Kabel sicher befestigt sind.<\/p>\n","protected":false},"excerpt":{"rendered":"<p>Erweitern Sie die Funktionalit\u00e4t Ihrer Kamera in einer Videoproduktionsumgebung mit unserem Basic Kit f\u00fcr Panasonic S5 II oder IIX. Der K\u00e4fig selbst bietet zus\u00e4tzlichen Schutz f\u00fcr Ihr Kamerageh\u00e4use und verf\u00fcgt \u00fcber universelle Befestigungsm\u00f6glichkeiten f\u00fcr Zubeh\u00f6r wie NATO, ARRI Rosette, Cold [&hellip;]<\/p>\n","protected":false},"featured_media":1970820,"comment_status":"closed","ping_status":"closed","template":"","meta":[],"product_cat":[1105],"product_tag":[],"acf":[],"gallery_images":[1946349,1946348],"_links":{"self":[{"href":"https:\/\/eu.tilta.com\/de\/wp-json\/wp\/v2\/product\/1973322"}],"collection":[{"href":"https:\/\/eu.tilta.com\/de\/wp-json\/wp\/v2\/product"}],"about":[{"href":"https:\/\/eu.tilta.com\/de\/wp-json\/wp\/v2\/types\/product"}],"replies":[{"embeddable":true,"href":"https:\/\/eu.tilta.com\/de\/wp-json\/wp\/v2\/comments?post=1973322"}],"wp:featuredmedia":[{"embeddable":true,"href":"https:\/\/eu.tilta.com\/de\/wp-json\/wp\/v2\/media\/1970820"}],"wp:attachment":[{"href":"https:\/\/eu.tilta.com\/de\/wp-json\/wp\/v2\/media?parent=1973322"}],"wp:term":[{"taxonomy":"product_cat","embeddable":true,"href":"https:\/\/eu.tilta.com\/de\/wp-json\/wp\/v2\/product_cat?post=1973322"},{"taxonomy":"product_tag","embeddable":true,"href":"https:\/\/eu.tilta.com\/de\/wp-json\/wp\/v2\/product_tag?post=1973322"}],"curies":[{"name":"wp","href":"https:\/\/api.w.org\/{rel}","templated":true}]}}