{"id":1973325,"date":"2023-02-24T17:16:06","date_gmt":"2023-02-24T16:16:06","guid":{"rendered":"https:\/\/de.tilta.com\/shop\/kamerakaefig-fuer-panasonic-s5-ii-iix-lightweight-kit\/"},"modified":"2025-12-05T12:10:29","modified_gmt":"2025-12-05T11:10:29","slug":"tilta-panasonic-s5-ii-iix-lightweight-kit","status":"publish","type":"product","link":"https:\/\/eu.tilta.com\/de\/shop\/tilta-panasonic-s5-ii-iix-lightweight-kit\/","title":{"rendered":"Kamerak\u00e4fig f\u00fcr Panasonic S5 II\/IIX Lightweight Kit"},"content":{"rendered":"<p>Erweitern Sie die Funktionalit\u00e4t Ihrer Kamera und halten Sie Ihr Rig kompakt und mobil mit unserem Lightweight Kit f\u00fcr Panasonic S5 II oder IIX.<\/p>\n<p>Die Basis dieses Kits ist unser Halbk\u00e4fig, der zus\u00e4tzlichen Schutz f\u00fcr Ihr Kamerageh\u00e4use bietet und \u00fcber universelle Befestigungsm\u00f6glichkeiten f\u00fcr Zubeh\u00f6r wie NATO, Cold Shoe und 1\/4&#8243;-20 Gewinde mit Fixierstiften verf\u00fcgt.<\/p>\n<p>Der K\u00e4fig verf\u00fcgt \u00fcber zwei NATO-Schienenanschl\u00fcsse, die perfekt f\u00fcr unsere optionalen Type IV\/VI Side Handles oder jeden Top Handle, der \u00fcber die NATO angeschlossen wird, geeignet sind.<\/p>\n<p>Diese NATO-Schienenanordnung erm\u00f6glicht es Ihnen, die Position der NATO-basierten oberen und seitlichen Griffe einfach zu wechseln, um schnell zwischen vertikalen und horizontalen Schie\u00dfkonfigurationen zu wechseln.<\/p>\n<p>Das Lightweight Kit beinhaltet den NATO Top Handle und die externe NATO Schienenbefestigung, die eine flexiblere Bedienung und Handhabung erm\u00f6glicht.<\/p>\n<p>Der Handgriff verf\u00fcgt \u00fcber mehrere Befestigungspunkte, darunter einen Kaltschuh-Empf\u00e4nger, mit dem Sie einen externen Monitor \u00fcber unsere Kaltschuh-Zubeh\u00f6rhalterung befestigen k\u00f6nnen.<\/p>\n<p>\u00c4hnlich wie bei unseren anderen Systemen haben Sie auch bei unseren neuen 15-mm-Einzelrutenhaltern mehrere M\u00f6glichkeiten zur Befestigung von 15-mm-Ruten.<\/p>\n<p>Damit k\u00f6nnen Sie 15-mm-Rutenzubeh\u00f6r \u00fcber das NATO-Gewinde, die beiden 1\/4\u2033-20-Gewinde oder das Front Mount Rod Holder-Gewinde befestigen.<\/p>\n<p>Die Bodenplatte verf\u00fcgt \u00fcber einen Arca Swiss-Anschluss und kann nativ an der DJI RS3 Pro \/ RS3 \/ RS2 befestigt werden.<\/p>\n<p>Dieser K\u00e4fig kann \u00fcber dieselbe ARCA-Verbindung auch an unser Modulares Grundplattensystem montiert werden.<\/p>\n","protected":false},"excerpt":{"rendered":"<p>Erweitern Sie die Funktionalit\u00e4t Ihrer Kamera und halten Sie Ihr Rig kompakt und mobil mit unserem Lightweight Kit f\u00fcr Panasonic S5 II oder IIX. Die Basis dieses Kits ist unser Halbk\u00e4fig, der zus\u00e4tzlichen Schutz f\u00fcr Ihr Kamerageh\u00e4use bietet und \u00fcber [&hellip;]<\/p>\n","protected":false},"featured_media":1969683,"comment_status":"closed","ping_status":"closed","template":"","meta":[],"product_cat":[1105],"product_tag":[],"acf":[],"gallery_images":[1938967,1938968],"_links":{"self":[{"href":"https:\/\/eu.tilta.com\/de\/wp-json\/wp\/v2\/product\/1973325"}],"collection":[{"href":"https:\/\/eu.tilta.com\/de\/wp-json\/wp\/v2\/product"}],"about":[{"href":"https:\/\/eu.tilta.com\/de\/wp-json\/wp\/v2\/types\/product"}],"replies":[{"embeddable":true,"href":"https:\/\/eu.tilta.com\/de\/wp-json\/wp\/v2\/comments?post=1973325"}],"wp:featuredmedia":[{"embeddable":true,"href":"https:\/\/eu.tilta.com\/de\/wp-json\/wp\/v2\/media\/1969683"}],"wp:attachment":[{"href":"https:\/\/eu.tilta.com\/de\/wp-json\/wp\/v2\/media?parent=1973325"}],"wp:term":[{"taxonomy":"product_cat","embeddable":true,"href":"https:\/\/eu.tilta.com\/de\/wp-json\/wp\/v2\/product_cat?post=1973325"},{"taxonomy":"product_tag","embeddable":true,"href":"https:\/\/eu.tilta.com\/de\/wp-json\/wp\/v2\/product_tag?post=1973325"}],"curies":[{"name":"wp","href":"https:\/\/api.w.org\/{rel}","templated":true}]}}