{"id":1973338,"date":"2023-02-20T10:18:13","date_gmt":"2023-02-20T09:18:13","guid":{"rendered":"https:\/\/de.tilta.com\/shop\/half-camera-cage-for-canon-r6-mark-ii\/"},"modified":"2026-03-25T11:12:52","modified_gmt":"2026-03-25T10:12:52","slug":"half-camera-cage-for-canon-r6-mark-ii","status":"publish","type":"product","link":"https:\/\/eu.tilta.com\/de\/shop\/half-camera-cage-for-canon-r6-mark-ii\/","title":{"rendered":"Halber Kamerak\u00e4fig f\u00fcr Canon R6 Mark II"},"content":{"rendered":"<p>Wir stellen Ihnen unser halbes Kamerageh\u00e4use f\u00fcr die Canon R6 Mark II vor. Das perfekte Zubeh\u00f6r f\u00fcr Fotografen und Videofilmer, die die Funktionalit\u00e4t und den Schutz ihrer Kamera verbessern m\u00f6chten.<\/p>\n<p>Dieser K\u00e4fig wurde speziell f\u00fcr die Canon R6 Mark II Kamera entwickelt. Er bietet zus\u00e4tzlichen Schutz f\u00fcr das Kamerageh\u00e4use und bietet gleichzeitig mehrere Befestigungspunkte f\u00fcr Zubeh\u00f6r.<\/p>\n<p>Der K\u00e4fig enth\u00e4lt eine NATO-Schiene, 1\/4&#8243;-20 Gewinde mit Fixierstiften und mehrere Cold Shoe-Aufnahmen, so dass Sie viele M\u00f6glichkeiten haben, Ihr Zubeh\u00f6r m\u00fchelos zu montieren.<\/p>\n<p>Der K\u00e4fig unterst\u00fctzt verschiedene <a href=\"https:\/\/de.tilta.com\/de\/product-category\/handles-de\/griffe-oben\/\">Top Handles<\/a>, die \u00fcber 1\/4&#8243;-20 montiert werden und kann mit unserem <a href=\"https:\/\/de.tilta.com\/de\/shop\/tiltaing-compact-nato-top-handle-black\/\">NATO Top Handle<\/a> \u00fcber eine zus\u00e4tzliche <a href=\"https:\/\/de.tilta.com\/de\/shop\/tiltaing-36mm-nato-rail-attachment\/\">Nato Rail Attachment<\/a> verwendet werden. (nicht enthalten)<\/p>\n<p>Au\u00dferdem enth\u00e4lt der K\u00e4fig eine Kabelklemme, mit der Sie HDMI- und USB-C-Kabel befestigen k\u00f6nnen, und ist auch mit unserem modularen Grundplattensystem kompatibel.<\/p>\n<p>Halbe K\u00e4fige bieten zwar weniger M\u00f6glichkeiten zur Befestigung von Zubeh\u00f6r, sind aber leichter und eine gute Option f\u00fcr Filmemacher oder Fotografen, die nur wenig Zubeh\u00f6r ben\u00f6tigen.<\/p>\n<p>Insgesamt verbessert unser halbes Kamerageh\u00e4use f\u00fcr die Canon R6 Mark II die Funktionalit\u00e4t der Kamera f\u00fcr die Videoproduktion erheblich und bietet gleichzeitig einen wichtigen Schutz f\u00fcr Ihr Kamerageh\u00e4use.<\/p>\n","protected":false},"excerpt":{"rendered":"<p>Wir stellen Ihnen unser halbes Kamerageh\u00e4use f\u00fcr die Canon R6 Mark II vor. Das perfekte Zubeh\u00f6r f\u00fcr Fotografen und Videofilmer, die die Funktionalit\u00e4t und den Schutz ihrer Kamera verbessern m\u00f6chten. Dieser K\u00e4fig wurde speziell f\u00fcr die Canon R6 Mark II [&hellip;]<\/p>\n","protected":false},"featured_media":1969584,"comment_status":"closed","ping_status":"closed","template":"","meta":[],"product_cat":[1087],"product_tag":[],"acf":[],"gallery_images":[1969590,1969591,1969599,1969652,1969653],"_links":{"self":[{"href":"https:\/\/eu.tilta.com\/de\/wp-json\/wp\/v2\/product\/1973338"}],"collection":[{"href":"https:\/\/eu.tilta.com\/de\/wp-json\/wp\/v2\/product"}],"about":[{"href":"https:\/\/eu.tilta.com\/de\/wp-json\/wp\/v2\/types\/product"}],"replies":[{"embeddable":true,"href":"https:\/\/eu.tilta.com\/de\/wp-json\/wp\/v2\/comments?post=1973338"}],"wp:featuredmedia":[{"embeddable":true,"href":"https:\/\/eu.tilta.com\/de\/wp-json\/wp\/v2\/media\/1969584"}],"wp:attachment":[{"href":"https:\/\/eu.tilta.com\/de\/wp-json\/wp\/v2\/media?parent=1973338"}],"wp:term":[{"taxonomy":"product_cat","embeddable":true,"href":"https:\/\/eu.tilta.com\/de\/wp-json\/wp\/v2\/product_cat?post=1973338"},{"taxonomy":"product_tag","embeddable":true,"href":"https:\/\/eu.tilta.com\/de\/wp-json\/wp\/v2\/product_tag?post=1973338"}],"curies":[{"name":"wp","href":"https:\/\/api.w.org\/{rel}","templated":true}]}}