{"id":1973350,"date":"2023-02-21T10:27:37","date_gmt":"2023-02-21T09:27:37","guid":{"rendered":"https:\/\/de.tilta.com\/shop\/tilta-canon-r6-mark-ii-lightweight-kit\/"},"modified":"2026-05-07T15:23:51","modified_gmt":"2026-05-07T13:23:51","slug":"tilta-canon-r6-mark-ii-lightweight-kit","status":"publish","type":"product","link":"https:\/\/eu.tilta.com\/de\/shop\/tilta-canon-r6-mark-ii-lightweight-kit\/","title":{"rendered":"Tilta Canon R6 Mark II Lightweight Kit"},"content":{"rendered":"<p>Wir stellen Ihnen unser Lightweight Kit f\u00fcr die Canon R6 Mark II vor. Das perfekte Zubeh\u00f6r f\u00fcr Fotografen und Videofilmer, die die Funktionalit\u00e4t ihrer Kamera erweitern und gleichzeitig ihre Ausr\u00fcstung kompakt und mobil halten m\u00f6chten.<\/p>\n<p>Dieser K\u00e4fig wurde speziell f\u00fcr die Canon R6 Mark II Kamera entwickelt. Er bietet zus\u00e4tzlichen Schutz f\u00fcr das Kamerageh\u00e4use und bietet gleichzeitig mehrere Befestigungspunkte f\u00fcr Zubeh\u00f6r.<\/p>\n<p>Der K\u00e4fig enth\u00e4lt eine NATO-Schiene, 1\/4\u2033-20-Gewinde mit Fixierstiften und mehrere Cold Shoe-Aufnahmen, so dass Sie viele M\u00f6glichkeiten haben, Ihr Zubeh\u00f6r problemlos zu montieren.<\/p>\n<p>Das Kit unterst\u00fctzt verschiedene <a href=\"https:\/\/de.tilta.com\/de\/product-category\/handles-de\/griffe-oben\/\">Top Handles<\/a>, die \u00fcber 1\/4\u2033-20 montiert werden und kann mit dem mitgelieferten <a href=\"https:\/\/de.tilta.com\/de\/shop\/tiltaing-compact-nato-top-handle-black\/\">NATO Top Handle<\/a> \u00fcber eine zus\u00e4tzliche <a href=\"https:\/\/de.tilta.com\/de\/shop\/tiltaing-36mm-nato-rail-attachment\/\">Nato Rail Attachment <\/a>verwendet werden, was eine flexiblere Bedienung und Handhabung erm\u00f6glicht.<\/p>\n<p>Der Handgriff verf\u00fcgt \u00fcber mehrere Befestigungspunkte, darunter einen Kaltschuh-Empf\u00e4nger, mit dem Sie einen externen Monitor \u00fcber unsere Kaltschuh-Zubeh\u00f6rhalterung befestigen k\u00f6nnen.<\/p>\n<p>Au\u00dferdem enth\u00e4lt das Kit eine Kabelklemme, mit der Sie HDMI- und USB-C-Kabel sichern k\u00f6nnen, und ist auch mit unserem modularen Grundplattensystem kompatibel.<\/p>\n<p>Halbe K\u00e4fige bieten zwar weniger M\u00f6glichkeiten zur Befestigung von Zubeh\u00f6r, sind aber leichter und eine gute Option f\u00fcr Filmemacher oder Fotografen, die nur wenig Zubeh\u00f6r ben\u00f6tigen.<\/p>\n<p>Insgesamt verbessert unser Lightweight Kit f\u00fcr die Canon R6 Mark II die Funktionalit\u00e4t der Kamera f\u00fcr die Videoproduktion, ohne das System unn\u00f6tig zu vergr\u00f6ssern oder zu beschweren, was es zum perfekten<\/p>\n","protected":false},"excerpt":{"rendered":"<p>Wir stellen Ihnen unser Lightweight Kit f\u00fcr die Canon R6 Mark II vor. Das perfekte Zubeh\u00f6r f\u00fcr Fotografen und Videofilmer, die die Funktionalit\u00e4t ihrer Kamera erweitern und gleichzeitig ihre Ausr\u00fcstung kompakt und mobil halten m\u00f6chten. Dieser K\u00e4fig wurde speziell f\u00fcr [&hellip;]<\/p>\n","protected":false},"featured_media":1969607,"comment_status":"closed","ping_status":"closed","template":"","meta":[],"product_cat":[1087],"product_tag":[],"acf":[],"gallery_images":[1938706,1938707,1938655,1938777,1938778],"_links":{"self":[{"href":"https:\/\/eu.tilta.com\/de\/wp-json\/wp\/v2\/product\/1973350"}],"collection":[{"href":"https:\/\/eu.tilta.com\/de\/wp-json\/wp\/v2\/product"}],"about":[{"href":"https:\/\/eu.tilta.com\/de\/wp-json\/wp\/v2\/types\/product"}],"replies":[{"embeddable":true,"href":"https:\/\/eu.tilta.com\/de\/wp-json\/wp\/v2\/comments?post=1973350"}],"wp:featuredmedia":[{"embeddable":true,"href":"https:\/\/eu.tilta.com\/de\/wp-json\/wp\/v2\/media\/1969607"}],"wp:attachment":[{"href":"https:\/\/eu.tilta.com\/de\/wp-json\/wp\/v2\/media?parent=1973350"}],"wp:term":[{"taxonomy":"product_cat","embeddable":true,"href":"https:\/\/eu.tilta.com\/de\/wp-json\/wp\/v2\/product_cat?post=1973350"},{"taxonomy":"product_tag","embeddable":true,"href":"https:\/\/eu.tilta.com\/de\/wp-json\/wp\/v2\/product_tag?post=1973350"}],"curies":[{"name":"wp","href":"https:\/\/api.w.org\/{rel}","templated":true}]}}