{"id":1973354,"date":"2023-02-21T10:24:37","date_gmt":"2023-02-21T09:24:37","guid":{"rendered":"https:\/\/de.tilta.com\/shop\/tilta-canon-r6-mark-ii-basic-kit\/"},"modified":"2025-12-05T12:10:31","modified_gmt":"2025-12-05T11:10:31","slug":"tilta-canon-r6-mark-ii-basic-kit","status":"publish","type":"product","link":"https:\/\/eu.tilta.com\/de\/shop\/tilta-canon-r6-mark-ii-basic-kit\/","title":{"rendered":"Tilta Canon R6 Mark II Basic Kit"},"content":{"rendered":"<p>Das Basic Kit f\u00fcr die Canon R6 Mark II ist die perfekte L\u00f6sung zur Erweiterung der Videofunktionen Ihrer R6 Mark II.<\/p>\n<p>Dieser hochwertige Kamerak\u00e4fig wurde speziell entwickelt, um die Funktionalit\u00e4t Ihrer Kamera zu verbessern und sie gleichzeitig vor Kratzern und St\u00f6\u00dfen zu sch\u00fctzen.<\/p>\n<p>Der K\u00e4fig verf\u00fcgt \u00fcber mehrere Befestigungspunkte, darunter eine ARRI-Rosette, eine NATO-Schiene, einen K\u00e4lteschuh und 1\/4\u2033-20-Gewinde mit Passstiften, die zahlreiche M\u00f6glichkeiten zur Befestigung Ihres Zubeh\u00f6rs bieten.<\/p>\n<p>Das Basic Kit enth\u00e4lt den NATO Top Handle, der eine flexiblere Bedienung und Handhabung erm\u00f6glicht.<\/p>\n<p>Der Griff verf\u00fcgt \u00fcber mehrere Befestigungspunkte, darunter einen Kaltschuh-Empf\u00e4nger, mit dem Sie einen externen Monitor \u00fcber unsere <a href=\"https:\/\/de.tilta.com\/de\/shop\/tiltaing-adjustable-cold-shoe-accessory-mounting-bracket\/\">Kaltschuh-Zubeh\u00f6rhalterung<\/a> befestigen k\u00f6nnen.<\/p>\n<p>Im Kit enthalten ist unsere neue universelle 15-mm-LWS-Grundplatte, die eine 15-mm-Stangenhalterung bietet und Ihre M\u00f6glichkeiten f\u00fcr die Montage von stangenbasiertem Zubeh\u00f6r wie Follow-Focus-Motoren oder Matte-Boxen erweitert.<\/p>\n<p>Das neue modulare Design verf\u00fcgt \u00fcber einen ARCA-Empf\u00e4nger, der den Austausch zwischen einem Ronin Gimbal der S-Serie und dieser Grundplatte schnell und einfach macht.<\/p>\n<p>Dieser ARCA-Adapter kann auch entfernt werden, so dass Sie andere K\u00e4fige oder Kamerasysteme direkt \u00fcber zwei 1\/4&#8243;-20 Schrauben montieren k\u00f6nnen.<\/p>\n<p>Diese Grundplatte ist mit unseren Tilta Standardschwalbenschw\u00e4nzen kompatibel und kann eine Vielzahl von Schnellwechselplatten \u00fcber 1\/4\u2033-20 und 3\/8\u2033-16 Gewinde aufnehmen.<\/p>\n<p>Die im K\u00e4fig enthaltene USB-C-Kabelklemme sichert Ihre Kabel und sorgt daf\u00fcr, dass sie sich w\u00e4hrend der Benutzung nicht l\u00f6sen.<\/p>\n<p>Dies ist besonders n\u00fctzlich, wenn Sie Videos aufnehmen, da es sicherstellt, dass sich Ihre Kabel nicht versehentlich l\u00f6sen und Ihr Filmmaterial ruinieren.<\/p>\n<p>Insgesamt verbessert das Basic Camera Cage f\u00fcr die Canon R6 Mark II die Funktionalit\u00e4t der Kamera in einer Videoproduktionsumgebung und ist die perfekte Zubeh\u00f6rsammlung f\u00fcr alle, die ihre Arbeit auf die n\u00e4chste Stufe bringen m\u00f6chten.<\/p>\n","protected":false},"excerpt":{"rendered":"<p>Das Basic Kit f\u00fcr die Canon R6 Mark II ist die perfekte L\u00f6sung zur Erweiterung der Videofunktionen Ihrer R6 Mark II. Dieser hochwertige Kamerak\u00e4fig wurde speziell entwickelt, um die Funktionalit\u00e4t Ihrer Kamera zu verbessern und sie gleichzeitig vor Kratzern und [&hellip;]<\/p>\n","protected":false},"featured_media":1969601,"comment_status":"closed","ping_status":"closed","template":"","meta":[],"product_cat":[1087],"product_tag":[],"acf":[],"gallery_images":[1938699,1938700,1938655,1938777,1938778],"_links":{"self":[{"href":"https:\/\/eu.tilta.com\/de\/wp-json\/wp\/v2\/product\/1973354"}],"collection":[{"href":"https:\/\/eu.tilta.com\/de\/wp-json\/wp\/v2\/product"}],"about":[{"href":"https:\/\/eu.tilta.com\/de\/wp-json\/wp\/v2\/types\/product"}],"replies":[{"embeddable":true,"href":"https:\/\/eu.tilta.com\/de\/wp-json\/wp\/v2\/comments?post=1973354"}],"wp:featuredmedia":[{"embeddable":true,"href":"https:\/\/eu.tilta.com\/de\/wp-json\/wp\/v2\/media\/1969601"}],"wp:attachment":[{"href":"https:\/\/eu.tilta.com\/de\/wp-json\/wp\/v2\/media?parent=1973354"}],"wp:term":[{"taxonomy":"product_cat","embeddable":true,"href":"https:\/\/eu.tilta.com\/de\/wp-json\/wp\/v2\/product_cat?post=1973354"},{"taxonomy":"product_tag","embeddable":true,"href":"https:\/\/eu.tilta.com\/de\/wp-json\/wp\/v2\/product_tag?post=1973354"}],"curies":[{"name":"wp","href":"https:\/\/api.w.org\/{rel}","templated":true}]}}