{"id":1973357,"date":"2023-02-20T10:21:33","date_gmt":"2023-02-20T09:21:33","guid":{"rendered":"https:\/\/de.tilta.com\/shop\/full-camera-cage-for-canon-r6-mark-ii\/"},"modified":"2025-12-05T12:10:31","modified_gmt":"2025-12-05T11:10:31","slug":"full-camera-cage-for-canon-r6-mark-ii","status":"publish","type":"product","link":"https:\/\/eu.tilta.com\/de\/shop\/full-camera-cage-for-canon-r6-mark-ii\/","title":{"rendered":"Full Camera Cage for Canon R6 Mark II"},"content":{"rendered":"<p>Der Full Camera Cage f\u00fcr die Canon R6 Mark II ist die ultimative Basis, die zahlreiche M\u00f6glichkeiten zur Befestigung von Zubeh\u00f6r und zur Sicherung Ihrer Kamera bietet.<\/p>\n<p>Dieser hochwertige Kamerak\u00e4fig wurde speziell entwickelt, um die Funktionalit\u00e4t Ihrer Kamera zu verbessern und sie gleichzeitig vor Kratzern und St\u00f6\u00dfen zu sch\u00fctzen.<\/p>\n<p>Der K\u00e4fig verf\u00fcgt \u00fcber mehrere Befestigungspunkte, darunter eine ARRI-Rosette, eine NATO-Schiene, einen K\u00e4lteschuh und 1\/4&#8243;-20-Gewinde mit Passstiften, die zahlreiche M\u00f6glichkeiten zur Befestigung Ihres Zubeh\u00f6rs bieten.<\/p>\n<p>Sie unterst\u00fctzt auch unseren NATO-Top-Griff und ist mit unserem neuen modularen Grundplattensystem kompatibel, das noch mehr M\u00f6glichkeiten f\u00fcr die Montage von Zubeh\u00f6r bietet.<\/p>\n<p>Die im K\u00e4fig enthaltene USB-C-Kabelklemme sichert Ihre Kabel und sorgt daf\u00fcr, dass sie sich w\u00e4hrend der Benutzung nicht l\u00f6sen.<\/p>\n<p>Dies ist besonders n\u00fctzlich, wenn Sie Videos aufnehmen, da es sicherstellt, dass sich Ihre Kabel nicht versehentlich l\u00f6sen und Ihr Filmmaterial ruinieren.<\/p>\n<p>Alles in allem ist der Full Camera Cage f\u00fcr die Canon R6 Mark II eine fantastische Basis, um die Funktionalit\u00e4t der Kamera f\u00fcr die Videoproduktion weiter zu verbessern, und das perfekte Zubeh\u00f6r f\u00fcr alle, die ihre Videoproduktion aufwerten m\u00f6chten.<\/p>\n<p>&nbsp;<\/p>\n","protected":false},"excerpt":{"rendered":"<p>Der Full Camera Cage f\u00fcr die Canon R6 Mark II ist die ultimative Basis, die zahlreiche M\u00f6glichkeiten zur Befestigung von Zubeh\u00f6r und zur Sicherung Ihrer Kamera bietet. Dieser hochwertige Kamerak\u00e4fig wurde speziell entwickelt, um die Funktionalit\u00e4t Ihrer Kamera zu verbessern [&hellip;]<\/p>\n","protected":false},"featured_media":1969585,"comment_status":"closed","ping_status":"closed","template":"","meta":[],"product_cat":[1087],"product_tag":[],"acf":[],"gallery_images":[1938647,1938648,1938655,1938777,1938778],"_links":{"self":[{"href":"https:\/\/eu.tilta.com\/de\/wp-json\/wp\/v2\/product\/1973357"}],"collection":[{"href":"https:\/\/eu.tilta.com\/de\/wp-json\/wp\/v2\/product"}],"about":[{"href":"https:\/\/eu.tilta.com\/de\/wp-json\/wp\/v2\/types\/product"}],"replies":[{"embeddable":true,"href":"https:\/\/eu.tilta.com\/de\/wp-json\/wp\/v2\/comments?post=1973357"}],"wp:featuredmedia":[{"embeddable":true,"href":"https:\/\/eu.tilta.com\/de\/wp-json\/wp\/v2\/media\/1969585"}],"wp:attachment":[{"href":"https:\/\/eu.tilta.com\/de\/wp-json\/wp\/v2\/media?parent=1973357"}],"wp:term":[{"taxonomy":"product_cat","embeddable":true,"href":"https:\/\/eu.tilta.com\/de\/wp-json\/wp\/v2\/product_cat?post=1973357"},{"taxonomy":"product_tag","embeddable":true,"href":"https:\/\/eu.tilta.com\/de\/wp-json\/wp\/v2\/product_tag?post=1973357"}],"curies":[{"name":"wp","href":"https:\/\/api.w.org\/{rel}","templated":true}]}}