{"id":1973366,"date":"2023-02-10T09:30:05","date_gmt":"2023-02-10T08:30:05","guid":{"rendered":"https:\/\/de.tilta.com\/shop\/tilta-pl-mount-auf-lpl-mount-adapter\/"},"modified":"2025-12-05T12:10:20","modified_gmt":"2025-12-05T11:10:20","slug":"tilta-pl-mount-to-lpl-mount-adapter","status":"publish","type":"product","link":"https:\/\/eu.tilta.com\/de\/shop\/tilta-pl-mount-to-lpl-mount-adapter\/","title":{"rendered":"Tilta PL-Mount auf LPL-Mount Adapter"},"content":{"rendered":"<p class=\"lead\">Mit diesem PL-Mount auf LPL-Mount Adapter k\u00f6nnen Sie PL-Objektive an Kamerageh\u00e4use mit LPL-Objektivanschluss montieren.<\/p>\n<p>Dies ist eine gro\u00dfartige Option f\u00fcr diejenigen, die S35-Objektive an ihre Vollformat-Kamerageh\u00e4use wie die <a href=\"https:\/\/de.tilta.com\/de\/product-category\/shop-by-camera-de\/for-arri-cameras-de\/arri-alexa-mini-lf-mini-de-for-arri-cameras-de\/\">Alexa Mini LF<\/a> oder <a href=\"https:\/\/de.tilta.com\/search-results\/?q=sony+venice\">Sony Venice<\/a> montieren m\u00f6chten.<\/p>\n","protected":false},"excerpt":{"rendered":"<p>Mit diesem PL-Mount auf LPL-Mount Adapter k\u00f6nnen Sie PL-Objektive an Kamerageh\u00e4use mit LPL-Objektivanschluss montieren. Dies ist eine gro\u00dfartige Option f\u00fcr diejenigen, die S35-Objektive an ihre Vollformat-Kamerageh\u00e4use wie die Alexa Mini LF oder Sony Venice montieren m\u00f6chten.<\/p>\n","protected":false},"featured_media":1969534,"comment_status":"closed","ping_status":"closed","template":"","meta":[],"product_cat":[1047,1078,1123,1132,1272],"product_tag":[],"acf":[],"gallery_images":[1969535,1969536,1969537,1969538,1969539,1969540],"_links":{"self":[{"href":"https:\/\/eu.tilta.com\/de\/wp-json\/wp\/v2\/product\/1973366"}],"collection":[{"href":"https:\/\/eu.tilta.com\/de\/wp-json\/wp\/v2\/product"}],"about":[{"href":"https:\/\/eu.tilta.com\/de\/wp-json\/wp\/v2\/types\/product"}],"replies":[{"embeddable":true,"href":"https:\/\/eu.tilta.com\/de\/wp-json\/wp\/v2\/comments?post=1973366"}],"wp:featuredmedia":[{"embeddable":true,"href":"https:\/\/eu.tilta.com\/de\/wp-json\/wp\/v2\/media\/1969534"}],"wp:attachment":[{"href":"https:\/\/eu.tilta.com\/de\/wp-json\/wp\/v2\/media?parent=1973366"}],"wp:term":[{"taxonomy":"product_cat","embeddable":true,"href":"https:\/\/eu.tilta.com\/de\/wp-json\/wp\/v2\/product_cat?post=1973366"},{"taxonomy":"product_tag","embeddable":true,"href":"https:\/\/eu.tilta.com\/de\/wp-json\/wp\/v2\/product_tag?post=1973366"}],"curies":[{"name":"wp","href":"https:\/\/api.w.org\/{rel}","templated":true}]}}