{"id":1973367,"date":"2023-01-31T09:23:13","date_gmt":"2023-01-31T08:23:13","guid":{"rendered":"https:\/\/de.tilta.com\/shop\/half-camera-cage-for-panasonic-s5-ii-iix\/"},"modified":"2026-04-12T12:08:21","modified_gmt":"2026-04-12T10:08:21","slug":"half-camera-cage-for-panasonic-s5-ii-iix","status":"publish","type":"product","link":"https:\/\/eu.tilta.com\/de\/shop\/half-camera-cage-for-panasonic-s5-ii-iix\/","title":{"rendered":"Halber Kamerak\u00e4fig f\u00fcr Panasonic S5 II\/IIX"},"content":{"rendered":"<p><em>Erweitern Sie die Funktionalit\u00e4t Ihrer Kamera mit unserem halben Kamerak\u00e4fig f\u00fcr Panasonic S5 II oder II X und halten Sie Ihr System gleichzeitig leicht!  <\/em><\/p>\n<p>Dieser Halbk\u00e4fig bietet einen Teilschutz f\u00fcr Ihr Kamerageh\u00e4use und verf\u00fcgt \u00fcber universelle Befestigungsm\u00f6glichkeiten f\u00fcr Zubeh\u00f6r wie Cold Shoe und 1\/4&#8243;-20 Gewinde mit Fixierstiften.<\/p>\n<p>\u00c4hnlich wie bei unseren anderen Systemen haben Sie auch bei unseren neuen <a href=\"https:\/\/de.tilta.com\/de\/product-category\/accessories-de\/ruten-rutenhalter\/\">15-mm-Einzelrutenhaltern<\/a> mehrere M\u00f6glichkeiten zur Befestigung von 15-mm-Ruten <a href=\"https:\/\/de.tilta.com\/de\/product-category\/accessories-de\/ruten-rutenhalter\/\">.<\/a><\/p>\n<p>Damit k\u00f6nnen Sie 15-mm-Zubeh\u00f6r f\u00fcr Ruten \u00fcber <a href=\"https:\/\/de.tilta.com\/de\/shop\/15mm-rod-holder-to-dual-1-4-20-adapter-black\/\">zwei 1\/4\u2033-20-Gewinde<\/a> oder das <a href=\"https:\/\/de.tilta.com\/de\/shop\/15mm-rod-holder-to-1-4-20-adapter-front-mounted-black\/\">Front Mount Rod Holder-Gewinde<\/a> befestigen.<\/p>\n<p>Bei diesem aktualisierten Design wurde der Schwerpunkt auf die Zug\u00e4nglichkeit gelegt, so dass alle Anschl\u00fcsse und Bedienelemente der Kamera besser zug\u00e4nglich sind.<\/p>\n<p>Die Bodenplatte verf\u00fcgt \u00fcber einen Arca Swiss-Anschluss und kann nativ an der DJI RS3 Pro \/ RS3 \/ RS2 befestigt werden.<\/p>\n<p>Dieser K\u00e4fig kann \u00fcber dieselbe ARCA-Verbindung auch an unser Modulares Grundplattensystem montiert werden. (weitere Informationen folgen in K\u00fcrze)<\/p>\n<p>Die mitgelieferte HDMI- und USB-C-Kabelklemme sorgt daf\u00fcr, dass alle angeschlossenen Kabel sicher befestigt sind.<\/p>\n","protected":false},"excerpt":{"rendered":"<p>Erweitern Sie die Funktionalit\u00e4t Ihrer Kamera mit unserem halben Kamerak\u00e4fig f\u00fcr Panasonic S5 II oder II X und halten Sie Ihr System gleichzeitig leicht! Dieser Halbk\u00e4fig bietet einen Teilschutz f\u00fcr Ihr Kamerageh\u00e4use und verf\u00fcgt \u00fcber universelle Befestigungsm\u00f6glichkeiten f\u00fcr Zubeh\u00f6r wie [&hellip;]<\/p>\n","protected":false},"featured_media":1969463,"comment_status":"closed","ping_status":"closed","template":"","meta":[],"product_cat":[1105],"product_tag":[],"acf":[],"gallery_images":[1969464,1969465],"_links":{"self":[{"href":"https:\/\/eu.tilta.com\/de\/wp-json\/wp\/v2\/product\/1973367"}],"collection":[{"href":"https:\/\/eu.tilta.com\/de\/wp-json\/wp\/v2\/product"}],"about":[{"href":"https:\/\/eu.tilta.com\/de\/wp-json\/wp\/v2\/types\/product"}],"replies":[{"embeddable":true,"href":"https:\/\/eu.tilta.com\/de\/wp-json\/wp\/v2\/comments?post=1973367"}],"wp:featuredmedia":[{"embeddable":true,"href":"https:\/\/eu.tilta.com\/de\/wp-json\/wp\/v2\/media\/1969463"}],"wp:attachment":[{"href":"https:\/\/eu.tilta.com\/de\/wp-json\/wp\/v2\/media?parent=1973367"}],"wp:term":[{"taxonomy":"product_cat","embeddable":true,"href":"https:\/\/eu.tilta.com\/de\/wp-json\/wp\/v2\/product_cat?post=1973367"},{"taxonomy":"product_tag","embeddable":true,"href":"https:\/\/eu.tilta.com\/de\/wp-json\/wp\/v2\/product_tag?post=1973367"}],"curies":[{"name":"wp","href":"https:\/\/api.w.org\/{rel}","templated":true}]}}