{"id":1973370,"date":"2023-01-31T09:20:00","date_gmt":"2023-01-31T08:20:00","guid":{"rendered":"https:\/\/de.tilta.com\/shop\/full-camera-cage-for-panasonic-s5-ii-iix-g9-ii\/"},"modified":"2025-12-05T13:36:54","modified_gmt":"2025-12-05T12:36:54","slug":"full-camera-cage-for-panasonic-s5-ii-iix","status":"publish","type":"product","link":"https:\/\/eu.tilta.com\/de\/shop\/full-camera-cage-for-panasonic-s5-ii-iix\/","title":{"rendered":"Vollst\u00e4ndiger Kamerak\u00e4fig f\u00fcr Panasonic S5 II\/IIX\/G9 II"},"content":{"rendered":"<p><em>Erweitern Sie die Funktionalit\u00e4t Ihrer Kamera mit unserem Vollst\u00e4ndiger Kamerak\u00e4fig f\u00fcr Panasonic S5 II oder IIX. <\/em><\/p>\n<p>Dieser Vollk\u00e4fig bietet zus\u00e4tzlichen Schutz f\u00fcr Ihr Kamerageh\u00e4use und verf\u00fcgt \u00fcber universelle Befestigungsm\u00f6glichkeiten f\u00fcr Zubeh\u00f6r wie NATO, ARRI Rosette, Cold Shoe und 1\/4&#8243;-20 Gewinde mit Fixierstiften.<\/p>\n<p>Der K\u00e4fig verf\u00fcgt \u00fcber zwei NATO-Schienenanschl\u00fcsse, die perfekt f\u00fcr unsere optionalen Type IV\/VI <a href=\"https:\/\/de.tilta.com\/de\/product-category\/handles-de\/seitliche-griffe\/\">Side Handles<\/a> oder <a href=\"https:\/\/de.tilta.com\/de\/shop\/tiltaing-compact-nato-top-handle-black\/\">Compact NATO Top Handle<\/a> geeignet sind.<\/p>\n<p>Diese NATO-Schienenanordnung erm\u00f6glicht es Ihnen, die Position der NATO-basierten oberen und seitlichen Griffe einfach zu wechseln, um schnell zwischen vertikalen und horizontalen Schie\u00dfkonfigurationen zu wechseln.<\/p>\n<p>\u00c4hnlich wie bei unseren anderen Systemen haben Sie auch bei unseren neuen <a href=\"https:\/\/de.tilta.com\/de\/product-category\/accessories-de\/ruten-rutenhalter\/\">15-mm-Einzelrutenhaltern<\/a> mehrere M\u00f6glichkeiten zur Befestigung von 15-mm-Ruten <a href=\"https:\/\/de.tilta.com\/de\/product-category\/accessories-de\/ruten-rutenhalter\/\">.<\/a><\/p>\n<p>Damit k\u00f6nnen Sie 15-mm-Rutenzubeh\u00f6r \u00fcber das <a href=\"https:\/\/de.tilta.com\/de\/shop\/15mm-rod-holder-to-nato-adapter-black\/\">NATO-Gewinde<\/a>, das <a href=\"https:\/\/de.tilta.com\/de\/shop\/15mm-rod-holder-to-dual-1-4-20-adapter-black\/\">doppelte 1\/4&#8243;-20-Gewinde<\/a> oder das <a href=\"https:\/\/de.tilta.com\/de\/shop\/15mm-rod-holder-to-1-4-20-adapter-front-mounted-black\/\">Front Mount Rod Holder-Gewinde<\/a> befestigen.<\/p>\n<p>Bei diesem aktualisierten Design wurde der Schwerpunkt auf die Zug\u00e4nglichkeit gelegt, so dass alle Anschl\u00fcsse und Bedienelemente der Kamera besser zug\u00e4nglich sind.<\/p>\n<p>Die Bodenplatte verf\u00fcgt \u00fcber einen Arca Swiss-Anschluss und kann nativ an der DJI RS3 Pro \/ RS3 \/ RS2 befestigt werden.<\/p>\n<p>Dieser K\u00e4fig kann \u00fcber dieselbe ARCA-Verbindung auch an unser Modulares Grundplattensystem montiert werden. (weitere Informationen folgen in K\u00fcrze)<\/p>\n<p>Die mitgelieferte HDMI- und USB-C-Kabelklemme sorgt daf\u00fcr, dass alle angeschlossenen Kabel sicher befestigt sind.<\/p>\n","protected":false},"excerpt":{"rendered":"<p>Erweitern Sie die Funktionalit\u00e4t Ihrer Kamera mit unserem Vollst\u00e4ndiger Kamerak\u00e4fig f\u00fcr Panasonic S5 II oder IIX. Dieser Vollk\u00e4fig bietet zus\u00e4tzlichen Schutz f\u00fcr Ihr Kamerageh\u00e4use und verf\u00fcgt \u00fcber universelle Befestigungsm\u00f6glichkeiten f\u00fcr Zubeh\u00f6r wie NATO, ARRI Rosette, Cold Shoe und 1\/4&#8243;-20 Gewinde [&hellip;]<\/p>\n","protected":false},"featured_media":1969454,"comment_status":"closed","ping_status":"closed","template":"","meta":[],"product_cat":[1105],"product_tag":[],"acf":[],"gallery_images":[1937764,1937765,1937769,1937770,1937771],"_links":{"self":[{"href":"https:\/\/eu.tilta.com\/de\/wp-json\/wp\/v2\/product\/1973370"}],"collection":[{"href":"https:\/\/eu.tilta.com\/de\/wp-json\/wp\/v2\/product"}],"about":[{"href":"https:\/\/eu.tilta.com\/de\/wp-json\/wp\/v2\/types\/product"}],"replies":[{"embeddable":true,"href":"https:\/\/eu.tilta.com\/de\/wp-json\/wp\/v2\/comments?post=1973370"}],"wp:featuredmedia":[{"embeddable":true,"href":"https:\/\/eu.tilta.com\/de\/wp-json\/wp\/v2\/media\/1969454"}],"wp:attachment":[{"href":"https:\/\/eu.tilta.com\/de\/wp-json\/wp\/v2\/media?parent=1973370"}],"wp:term":[{"taxonomy":"product_cat","embeddable":true,"href":"https:\/\/eu.tilta.com\/de\/wp-json\/wp\/v2\/product_cat?post=1973370"},{"taxonomy":"product_tag","embeddable":true,"href":"https:\/\/eu.tilta.com\/de\/wp-json\/wp\/v2\/product_tag?post=1973370"}],"curies":[{"name":"wp","href":"https:\/\/api.w.org\/{rel}","templated":true}]}}