{"id":1973373,"date":"2023-01-03T12:20:26","date_gmt":"2023-01-03T11:20:26","guid":{"rendered":"https:\/\/de.tilta.com\/shop\/universal-action-kamera-saugnapf-45-montagesatz\/"},"modified":"2025-12-05T12:10:24","modified_gmt":"2025-12-05T11:10:24","slug":"universal-action-camera-suction-cup-4-5-mounting-kit","status":"publish","type":"product","link":"https:\/\/eu.tilta.com\/de\/shop\/universal-action-camera-suction-cup-4-5-mounting-kit\/","title":{"rendered":"Universal Action-Kamera-Saugnapf (4,5&#8243;) Montagesatz"},"content":{"rendered":"<p>Dieses Montageset ist die perfekte schnelle und sichere Befestigungsm\u00f6glichkeit f\u00fcr verschiedene Action-Kameras wie die GoPro Hero 11, DJI Action 3 oder Insta360 X3.<\/p>\n<p>Das System besteht aus einem universellen Saugnapf und unserem Mini-Gelenkarm, mit dem Sie Ihre Action-Kamera auf Fahrzeugen oder \u00e4hnlichen Oberfl\u00e4chen in verschiedenen Konfigurationen positionieren k\u00f6nnen, um einzigartige Perspektiven zu erm\u00f6glichen.<\/p>\n<p>Dieses Kit verf\u00fcgt \u00fcber 1\/4&#8243;-20 Befestigungspunkte und ist daher leicht erweiterbar und mit fast jeder Action-Kamera oder \u00e4hnlich gro\u00dfem Zubeh\u00f6r kompatibel.<\/p>\n<p>&nbsp;<\/p>\n","protected":false},"excerpt":{"rendered":"<p>Dieses Montageset ist die perfekte schnelle und sichere Befestigungsm\u00f6glichkeit f\u00fcr verschiedene Action-Kameras wie die GoPro Hero 11, DJI Action 3 oder Insta360 X3. Das System besteht aus einem universellen Saugnapf und unserem Mini-Gelenkarm, mit dem Sie Ihre Action-Kamera auf Fahrzeugen [&hellip;]<\/p>\n","protected":false},"featured_media":1969219,"comment_status":"closed","ping_status":"closed","template":"","meta":[],"product_cat":[3095,1453,1271,1273,1274,1219,1275],"product_tag":[],"acf":[],"gallery_images":[1969262,1969220,1969221,1969222],"_links":{"self":[{"href":"https:\/\/eu.tilta.com\/de\/wp-json\/wp\/v2\/product\/1973373"}],"collection":[{"href":"https:\/\/eu.tilta.com\/de\/wp-json\/wp\/v2\/product"}],"about":[{"href":"https:\/\/eu.tilta.com\/de\/wp-json\/wp\/v2\/types\/product"}],"replies":[{"embeddable":true,"href":"https:\/\/eu.tilta.com\/de\/wp-json\/wp\/v2\/comments?post=1973373"}],"wp:featuredmedia":[{"embeddable":true,"href":"https:\/\/eu.tilta.com\/de\/wp-json\/wp\/v2\/media\/1969219"}],"wp:attachment":[{"href":"https:\/\/eu.tilta.com\/de\/wp-json\/wp\/v2\/media?parent=1973373"}],"wp:term":[{"taxonomy":"product_cat","embeddable":true,"href":"https:\/\/eu.tilta.com\/de\/wp-json\/wp\/v2\/product_cat?post=1973373"},{"taxonomy":"product_tag","embeddable":true,"href":"https:\/\/eu.tilta.com\/de\/wp-json\/wp\/v2\/product_tag?post=1973373"}],"curies":[{"name":"wp","href":"https:\/\/api.w.org\/{rel}","templated":true}]}}