{"id":1973374,"date":"2023-01-18T14:31:35","date_gmt":"2023-01-18T13:31:35","guid":{"rendered":"https:\/\/de.tilta.com\/shop\/tilta-left-side-pd-handle-with-run-stop-type-viii-black\/"},"modified":"2026-02-05T17:28:16","modified_gmt":"2026-02-05T16:28:16","slug":"tilta-left-side-pd-handle-with-run-stop-type-viii-black","status":"publish","type":"product","link":"https:\/\/eu.tilta.com\/de\/shop\/tilta-left-side-pd-handle-with-run-stop-type-viii-black\/","title":{"rendered":"Tilta Left Side PD Handle with Run\/Stop Type VIII &#8211; Black"},"content":{"rendered":"<p class=\"lead\"><em>Dieser Side Handle der n\u00e4chsten Generation ist die ultimative Option f\u00fcr die Stromversorgung verschiedener Kameras und Zubeh\u00f6rteile \u00fcber einen internen Akku mit fortschrittlichen Stromausg\u00e4ngen.<\/em><\/p>\n<p>Dieser Handgriff ist mit einem internen Akku mit hoher Kapazit\u00e4t ausgestattet und liefert 60 W PD-Leistung f\u00fcr eine l\u00e4ngere Betriebszeit, bis zu 170 % l\u00e4nger als der interne Akku einer durchschnittlichen Kamera.<\/p>\n<p>Der Griff verf\u00fcgt \u00fcber zwei USB-C-Anschl\u00fcsse, von denen einer mit dem PD-Schnellladeprotokoll ausgestattet ist, das es dem Griff erm\u00f6glicht, ein Ger\u00e4t mit der maximalen Leistung zu laden oder mit Strom zu versorgen, die das jeweilige Ger\u00e4t unterst\u00fctzen kann.<\/p>\n<p>Der Ausl\u00f6sehebel erm\u00f6glicht eine schnelle und pr\u00e4zise Einstellung des Griffwinkels, was die Bedienung vereinfacht und einen effizienteren Arbeitsablauf erm\u00f6glicht.<\/p>\n<p>Der Griff ist mit mehreren Befestigungsm\u00f6glichkeiten ausgestattet, darunter ein Kaltschuh-Empf\u00e4nger und ein 1\/4&#8243;-20-Gewinde f\u00fcr die Montage von Zubeh\u00f6r wie <a href=\"https:\/\/de.tilta.com\/de\/shop\/tiltaing-mini-articulating-arm\/\">kleinen Gelenkarmen<\/a> oder externen Monitoren.<\/p>\n<p>Der Griff verf\u00fcgt au\u00dferdem \u00fcber eine Handgelenkschlaufe f\u00fcr zus\u00e4tzliche Stabilit\u00e4t und einen Standard-USB-C-Anschluss f\u00fcr die RUN\/STOP-Steuerung.<\/p>\n<p>Die hochwertige Metallkonstruktion und die rutschfeste Abdeckung sorgen f\u00fcr mehr Sicherheit und eine komfortable Handhabung.<\/p>\n<p><em>Bringen Sie Ihre Kameraausr\u00fcstung auf die n\u00e4chste Stufe mit dem Tilta Left Side PD Handle, einem leistungsstarken und ergonomischen Kamerazubeh\u00f6r, das f\u00fcr ein nahtloses Aufnahmeerlebnis sorgt.<\/em><\/p>\n<p><strong><span style=\"text-decoration: underline;\">HINWEIS<\/span>: PD Quick Charging ist <span style=\"text-decoration: underline;\">NICHT<\/span> mit allen Kameras kompatibel. Bitte pr\u00fcfen Sie die Kompatibilit\u00e4t Ihrer Kamera, bevor Sie diesen Griff verwenden.  <\/strong><\/p>\n<p><strong>EIN INTERNER KAMERA-AKKU IST <span style=\"text-decoration: underline;\">ERFORDERLICH<\/span>, UM DEN PD-STROM ZU NUTZEN.<\/strong><\/p>\n<p>&nbsp;<\/p>\n","protected":false},"excerpt":{"rendered":"<p>Dieser Side Handle der n\u00e4chsten Generation ist die ultimative Option f\u00fcr die Stromversorgung verschiedener Kameras und Zubeh\u00f6rteile \u00fcber einen internen Akku mit fortschrittlichen Stromausg\u00e4ngen. Dieser Handgriff ist mit einem internen Akku mit hoher Kapazit\u00e4t ausgestattet und liefert 60 W PD-Leistung [&hellip;]<\/p>\n","protected":false},"featured_media":1969426,"comment_status":"closed","ping_status":"closed","template":"","meta":[],"product_cat":[1087,1088,1276,1277],"product_tag":[],"acf":[],"gallery_images":[1969451,1969450,1969427,1969429,1969428],"_links":{"self":[{"href":"https:\/\/eu.tilta.com\/de\/wp-json\/wp\/v2\/product\/1973374"}],"collection":[{"href":"https:\/\/eu.tilta.com\/de\/wp-json\/wp\/v2\/product"}],"about":[{"href":"https:\/\/eu.tilta.com\/de\/wp-json\/wp\/v2\/types\/product"}],"replies":[{"embeddable":true,"href":"https:\/\/eu.tilta.com\/de\/wp-json\/wp\/v2\/comments?post=1973374"}],"wp:featuredmedia":[{"embeddable":true,"href":"https:\/\/eu.tilta.com\/de\/wp-json\/wp\/v2\/media\/1969426"}],"wp:attachment":[{"href":"https:\/\/eu.tilta.com\/de\/wp-json\/wp\/v2\/media?parent=1973374"}],"wp:term":[{"taxonomy":"product_cat","embeddable":true,"href":"https:\/\/eu.tilta.com\/de\/wp-json\/wp\/v2\/product_cat?post=1973374"},{"taxonomy":"product_tag","embeddable":true,"href":"https:\/\/eu.tilta.com\/de\/wp-json\/wp\/v2\/product_tag?post=1973374"}],"curies":[{"name":"wp","href":"https:\/\/api.w.org\/{rel}","templated":true}]}}