{"id":1973376,"date":"2023-01-04T11:36:08","date_gmt":"2023-01-04T10:36:08","guid":{"rendered":"https:\/\/de.tilta.com\/shop\/universal-saugnapf-45%e2%80%b3-mit-montagebuegel\/"},"modified":"2025-12-05T12:10:40","modified_gmt":"2025-12-05T11:10:40","slug":"mounting-bracket-for-universal-suction-cup-4-5","status":"publish","type":"product","link":"https:\/\/eu.tilta.com\/de\/shop\/mounting-bracket-for-universal-suction-cup-4-5\/","title":{"rendered":"Universal-Saugnapf (4,5\u2033) mit Montageb\u00fcgel"},"content":{"rendered":"<p>Diese Halterung f\u00fcr den Universal-Saugnapf enth\u00e4lt sowohl die Halterung als auch den Saugnapf.<\/p>\n<p>Dieses Teil dient als Ersatz f\u00fcr das Teil, das im Universal Action Camera Suction Cup (4,5\u2033) Mounting Kit enthalten ist.<\/p>\n<p>Diese kann auch separat erworben werden, um diverses Zubeh\u00f6r \u00fcber 1\/4&#8243;-20 Gewinde zu montieren.<\/p>\n<p>Die empfohlene Tragf\u00e4higkeit betr\u00e4gt 5kg oder 11lbs.<\/p>\n","protected":false},"excerpt":{"rendered":"<p>Diese Halterung f\u00fcr den Universal-Saugnapf enth\u00e4lt sowohl die Halterung als auch den Saugnapf. Dieses Teil dient als Ersatz f\u00fcr das Teil, das im Universal Action Camera Suction Cup (4,5\u2033) Mounting Kit enthalten ist. Diese kann auch separat erworben werden, um [&hellip;]<\/p>\n","protected":false},"featured_media":1969223,"comment_status":"closed","ping_status":"closed","template":"","meta":[],"product_cat":[1271,1273,1274,1219,1275],"product_tag":[],"acf":[],"gallery_images":[1969224,1969220,1969221,1969222],"_links":{"self":[{"href":"https:\/\/eu.tilta.com\/de\/wp-json\/wp\/v2\/product\/1973376"}],"collection":[{"href":"https:\/\/eu.tilta.com\/de\/wp-json\/wp\/v2\/product"}],"about":[{"href":"https:\/\/eu.tilta.com\/de\/wp-json\/wp\/v2\/types\/product"}],"replies":[{"embeddable":true,"href":"https:\/\/eu.tilta.com\/de\/wp-json\/wp\/v2\/comments?post=1973376"}],"wp:featuredmedia":[{"embeddable":true,"href":"https:\/\/eu.tilta.com\/de\/wp-json\/wp\/v2\/media\/1969223"}],"wp:attachment":[{"href":"https:\/\/eu.tilta.com\/de\/wp-json\/wp\/v2\/media?parent=1973376"}],"wp:term":[{"taxonomy":"product_cat","embeddable":true,"href":"https:\/\/eu.tilta.com\/de\/wp-json\/wp\/v2\/product_cat?post=1973376"},{"taxonomy":"product_tag","embeddable":true,"href":"https:\/\/eu.tilta.com\/de\/wp-json\/wp\/v2\/product_tag?post=1973376"}],"curies":[{"name":"wp","href":"https:\/\/api.w.org\/{rel}","templated":true}]}}