{"id":1973381,"date":"2023-01-03T12:50:55","date_gmt":"2023-01-03T11:50:55","guid":{"rendered":"https:\/\/de.tilta.com\/shop\/52mm-filtereinsatz-adapterring-fuer-gopro-hero-11-12\/"},"modified":"2026-02-16T09:02:29","modified_gmt":"2026-02-16T08:02:29","slug":"52mm-filter-tray-adapter-ring-for-gopro-hero11","status":"publish","type":"product","link":"https:\/\/eu.tilta.com\/de\/shop\/52mm-filter-tray-adapter-ring-for-gopro-hero11\/","title":{"rendered":"52mm Filtereinsatz-Adapterring f\u00fcr GoPro HERO 11\/12"},"content":{"rendered":"<p>Dieser Filter Tray Adapter Ring erm\u00f6glicht es Ihnen, einen 52mm Zirkularfilter vor dem Objektiv Ihrer GoPro Hero 11\/12 zu montieren.<\/p>\n<p>Dieser Adapter wird mit zwei Schrauben befestigt, die direkt in unseren Vollst\u00e4ndiger Kamerak\u00e4fig f\u00fcr GoPro HERO 11\/12 passen.<\/p>\n<p>Dies schafft eine sichere Verbindung f\u00fcr die Montage einzigartiger Filter, die Sie vielleicht nicht speziell f\u00fcr diese kleineren Objektive finden k\u00f6nnen.<\/p>\n<p><strong>HINWEIS: Der vollst\u00e4ndige Kamerak\u00e4fig f\u00fcr die GoPro HERO 11\/12 ist f\u00fcr die Verwendung dieses Zubeh\u00f6rs ERFORDERLICH.  <\/strong><\/p>\n","protected":false},"excerpt":{"rendered":"<p>Dieser Filter Tray Adapter Ring erm\u00f6glicht es Ihnen, einen 52mm Zirkularfilter vor dem Objektiv Ihrer GoPro Hero 11\/12 zu montieren. Dieser Adapter wird mit zwei Schrauben befestigt, die direkt in unseren Vollst\u00e4ndiger Kamerak\u00e4fig f\u00fcr GoPro HERO 11\/12 passen. Dies schafft [&hellip;]<\/p>\n","protected":false},"featured_media":1969198,"comment_status":"closed","ping_status":"closed","template":"","meta":[],"product_cat":[4448,1274],"product_tag":[],"acf":[],"gallery_images":[1969279,1969269],"_links":{"self":[{"href":"https:\/\/eu.tilta.com\/de\/wp-json\/wp\/v2\/product\/1973381"}],"collection":[{"href":"https:\/\/eu.tilta.com\/de\/wp-json\/wp\/v2\/product"}],"about":[{"href":"https:\/\/eu.tilta.com\/de\/wp-json\/wp\/v2\/types\/product"}],"replies":[{"embeddable":true,"href":"https:\/\/eu.tilta.com\/de\/wp-json\/wp\/v2\/comments?post=1973381"}],"wp:featuredmedia":[{"embeddable":true,"href":"https:\/\/eu.tilta.com\/de\/wp-json\/wp\/v2\/media\/1969198"}],"wp:attachment":[{"href":"https:\/\/eu.tilta.com\/de\/wp-json\/wp\/v2\/media?parent=1973381"}],"wp:term":[{"taxonomy":"product_cat","embeddable":true,"href":"https:\/\/eu.tilta.com\/de\/wp-json\/wp\/v2\/product_cat?post=1973381"},{"taxonomy":"product_tag","embeddable":true,"href":"https:\/\/eu.tilta.com\/de\/wp-json\/wp\/v2\/product_tag?post=1973381"}],"curies":[{"name":"wp","href":"https:\/\/api.w.org\/{rel}","templated":true}]}}