{"id":1973390,"date":"2022-12-29T20:39:56","date_gmt":"2022-12-29T19:39:56","guid":{"rendered":"https:\/\/de.tilta.com\/shop\/full-camera-cage-for-gopro-hero-12-11-10\/"},"modified":"2025-12-05T12:11:07","modified_gmt":"2025-12-05T11:11:07","slug":"full-camera-cage-for-gopro-hero11","status":"publish","type":"product","link":"https:\/\/eu.tilta.com\/de\/shop\/full-camera-cage-for-gopro-hero11\/","title":{"rendered":"Full Camera Cage for GoPro HERO 12\/11\/10"},"content":{"rendered":"<p>Dieser Kamerak\u00e4fig bietet eine sch\u00fctzende Panzerung f\u00fcr die GoPro Hero 12\/11\/10 und verbessert die Funktionalit\u00e4t bei der Montage und Bedienung des Action-Kamerasystems erheblich.<\/p>\n<p>Dieser K\u00e4fig bietet mehrere Befestigungsm\u00f6glichkeiten f\u00fcr verschiedenes Zubeh\u00f6r, wie z.B. \u00bc&#8221;-20 mit Fixierstiften und einen Kaltschuh-Empf\u00e4nger.<\/p>\n<p>Das Seitenteil l\u00e4sst sich leicht aufklappen und mit einer einstufigen Verriegelung sichern, so dass Sie bei Bedarf einfachen Zugriff auf das Kamerageh\u00e4use haben.<\/p>\n<p>\u00dcber den integrierten USB-C-Anschluss k\u00f6nnen Sie die Kamera bequem aufladen oder einen GoPro Mic Adapter anschlie\u00dfen.<\/p>\n<p>Ein optionaler 52-mm-Filteradapterring erm\u00f6glicht es Ihnen, 52-mm-Zirkularfilter wie ND-Filter oder Zirkularpolarisatoren aufzuschrauben.<\/p>\n","protected":false},"excerpt":{"rendered":"<p>Dieser Kamerak\u00e4fig bietet eine sch\u00fctzende Panzerung f\u00fcr die GoPro Hero 12\/11\/10 und verbessert die Funktionalit\u00e4t bei der Montage und Bedienung des Action-Kamerasystems erheblich. Dieser K\u00e4fig bietet mehrere Befestigungsm\u00f6glichkeiten f\u00fcr verschiedenes Zubeh\u00f6r, wie z.B. \u00bc&#8221;-20 mit Fixierstiften und einen Kaltschuh-Empf\u00e4nger. Das [&hellip;]<\/p>\n","protected":false},"featured_media":1969204,"comment_status":"closed","ping_status":"closed","template":"","meta":[],"product_cat":[1274],"product_tag":[],"acf":[],"gallery_images":[1969205,1969206,1969189,1969190,1969191],"_links":{"self":[{"href":"https:\/\/eu.tilta.com\/de\/wp-json\/wp\/v2\/product\/1973390"}],"collection":[{"href":"https:\/\/eu.tilta.com\/de\/wp-json\/wp\/v2\/product"}],"about":[{"href":"https:\/\/eu.tilta.com\/de\/wp-json\/wp\/v2\/types\/product"}],"replies":[{"embeddable":true,"href":"https:\/\/eu.tilta.com\/de\/wp-json\/wp\/v2\/comments?post=1973390"}],"wp:featuredmedia":[{"embeddable":true,"href":"https:\/\/eu.tilta.com\/de\/wp-json\/wp\/v2\/media\/1969204"}],"wp:attachment":[{"href":"https:\/\/eu.tilta.com\/de\/wp-json\/wp\/v2\/media?parent=1973390"}],"wp:term":[{"taxonomy":"product_cat","embeddable":true,"href":"https:\/\/eu.tilta.com\/de\/wp-json\/wp\/v2\/product_cat?post=1973390"},{"taxonomy":"product_tag","embeddable":true,"href":"https:\/\/eu.tilta.com\/de\/wp-json\/wp\/v2\/product_tag?post=1973390"}],"curies":[{"name":"wp","href":"https:\/\/api.w.org\/{rel}","templated":true}]}}