{"id":1973394,"date":"2022-12-29T20:33:14","date_gmt":"2022-12-29T19:33:14","guid":{"rendered":"https:\/\/de.tilta.com\/shop\/full-camera-cage-for-insta360-x3\/"},"modified":"2026-04-30T10:01:14","modified_gmt":"2026-04-30T08:01:14","slug":"full-camera-cage-for-insta360-x3","status":"publish","type":"product","link":"https:\/\/eu.tilta.com\/de\/shop\/full-camera-cage-for-insta360-x3\/","title":{"rendered":"Full Camera Cage for Insta360 X3"},"content":{"rendered":"<p>Dieser Kamerak\u00e4fig bietet eine sch\u00fctzende Panzerung f\u00fcr die Insta360 X3 und verbessert die Funktionalit\u00e4t bei der Montage und Bedienung des Action-Kamerasystems erheblich.<\/p>\n<p>Dieser K\u00e4fig bietet mehrere Befestigungsm\u00f6glichkeiten f\u00fcr verschiedenes Zubeh\u00f6r, wie z.B. \u00bc&#8221;-20 mit Fixierstiften und einen Kaltschuh-Empf\u00e4nger.<\/p>\n<p>Der Schnellverschluss erm\u00f6glicht ein schnelles Anbringen und Entfernen des K\u00e4figs und damit einen schnelleren Zugriff auf das Kamerageh\u00e4use.<\/p>\n<p>Eine drehbare Halterung erm\u00f6glicht es Ihnen, die Kamera auf einer flachen Oberfl\u00e4che abzustellen, ohne das vordere Element der sph\u00e4rischen Linse zu zerkratzen.<\/p>\n<p>Der K\u00e4fig verf\u00fcgt \u00fcber eine sto\u00dfd\u00e4mpfende Polsterung, die das System stabilisiert und zus\u00e4tzlichen Schutz bietet.<\/p>\n<p>Der K\u00e4fig bietet au\u00dferdem einen einfachen Zugang zu allen Benutzertasten und dem Batteriefach f\u00fcr einen einfachen Batteriewechsel.<\/p>\n","protected":false},"excerpt":{"rendered":"<p>Dieser Kamerak\u00e4fig bietet eine sch\u00fctzende Panzerung f\u00fcr die Insta360 X3 und verbessert die Funktionalit\u00e4t bei der Montage und Bedienung des Action-Kamerasystems erheblich. Dieser K\u00e4fig bietet mehrere Befestigungsm\u00f6glichkeiten f\u00fcr verschiedenes Zubeh\u00f6r, wie z.B. \u00bc&#8221;-20 mit Fixierstiften und einen Kaltschuh-Empf\u00e4nger. Der Schnellverschluss [&hellip;]<\/p>\n","protected":false},"featured_media":1969213,"comment_status":"closed","ping_status":"closed","template":"","meta":[],"product_cat":[1273],"product_tag":[],"acf":[],"gallery_images":[1969214,1969266,1969177,1969178],"_links":{"self":[{"href":"https:\/\/eu.tilta.com\/de\/wp-json\/wp\/v2\/product\/1973394"}],"collection":[{"href":"https:\/\/eu.tilta.com\/de\/wp-json\/wp\/v2\/product"}],"about":[{"href":"https:\/\/eu.tilta.com\/de\/wp-json\/wp\/v2\/types\/product"}],"replies":[{"embeddable":true,"href":"https:\/\/eu.tilta.com\/de\/wp-json\/wp\/v2\/comments?post=1973394"}],"wp:featuredmedia":[{"embeddable":true,"href":"https:\/\/eu.tilta.com\/de\/wp-json\/wp\/v2\/media\/1969213"}],"wp:attachment":[{"href":"https:\/\/eu.tilta.com\/de\/wp-json\/wp\/v2\/media?parent=1973394"}],"wp:term":[{"taxonomy":"product_cat","embeddable":true,"href":"https:\/\/eu.tilta.com\/de\/wp-json\/wp\/v2\/product_cat?post=1973394"},{"taxonomy":"product_tag","embeddable":true,"href":"https:\/\/eu.tilta.com\/de\/wp-json\/wp\/v2\/product_tag?post=1973394"}],"curies":[{"name":"wp","href":"https:\/\/api.w.org\/{rel}","templated":true}]}}