{"id":1973403,"date":"2022-12-28T10:23:53","date_gmt":"2022-12-28T09:23:53","guid":{"rendered":"https:\/\/de.tilta.com\/shop\/15mm-rutenhalter-auf-nato-adapter-schwarz\/"},"modified":"2026-03-09T04:54:56","modified_gmt":"2026-03-09T03:54:56","slug":"15mm-rod-holder-to-nato-adapter-black","status":"publish","type":"product","link":"https:\/\/eu.tilta.com\/de\/shop\/15mm-rod-holder-to-nato-adapter-black\/","title":{"rendered":"15mm Rutenhalter auf NATO Adapter &#8211; Schwarz"},"content":{"rendered":"<div class=\"overview-text\">\n<p>Dieser 15-mm-Stabhalter ist die perfekte Option f\u00fcr die sichere Befestigung von schwerem Stabzubeh\u00f6r an Ihrem Kamerasystem \u00fcber einen unserer halben oder vollen Kamerak\u00e4fige mit NATO-Schiene.<\/p>\n<p>Diese spezielle Variante wird \u00fcber eine NATO-Schiene befestigt, die verhindert, dass sich die Stange dreht, und die schwerere Zubeh\u00f6rteile wie gr\u00f6\u00dfere drahtlose Follow-Focus-Motoren unterst\u00fctzt.<\/p>\n<p>Dieses Design erm\u00f6glicht es, den Rutenhalter an der Seite der meisten K\u00e4fige zu montieren, er kann aber auch \u00fcber zus\u00e4tzliche NATO-Schienen an Kamerak\u00e4figen befestigt werden.<\/p>\n<p>Das macht ihn zur perfekten, leichten L\u00f6sung f\u00fcr die Montage von Zubeh\u00f6r, das traditionell nicht \u00fcber eine einzelne Stange montiert werden kann.<\/p>\n<\/div>\n","protected":false},"excerpt":{"rendered":"<p>Dieser 15-mm-Stabhalter ist die perfekte Option f\u00fcr die sichere Befestigung von schwerem Stabzubeh\u00f6r an Ihrem Kamerasystem \u00fcber einen unserer halben oder vollen Kamerak\u00e4fige mit NATO-Schiene. Diese spezielle Variante wird \u00fcber eine NATO-Schiene befestigt, die verhindert, dass sich die Stange dreht, [&hellip;]<\/p>\n","protected":false},"featured_media":1969126,"comment_status":"closed","ping_status":"closed","template":"","meta":[],"product_cat":[3255,1073,1086,1087,1095,1098,1101,1105,1112,1118,1119,1120,1122,1066,1067,1065],"product_tag":[],"acf":[],"gallery_images":[1969127,1969360],"_links":{"self":[{"href":"https:\/\/eu.tilta.com\/de\/wp-json\/wp\/v2\/product\/1973403"}],"collection":[{"href":"https:\/\/eu.tilta.com\/de\/wp-json\/wp\/v2\/product"}],"about":[{"href":"https:\/\/eu.tilta.com\/de\/wp-json\/wp\/v2\/types\/product"}],"replies":[{"embeddable":true,"href":"https:\/\/eu.tilta.com\/de\/wp-json\/wp\/v2\/comments?post=1973403"}],"wp:featuredmedia":[{"embeddable":true,"href":"https:\/\/eu.tilta.com\/de\/wp-json\/wp\/v2\/media\/1969126"}],"wp:attachment":[{"href":"https:\/\/eu.tilta.com\/de\/wp-json\/wp\/v2\/media?parent=1973403"}],"wp:term":[{"taxonomy":"product_cat","embeddable":true,"href":"https:\/\/eu.tilta.com\/de\/wp-json\/wp\/v2\/product_cat?post=1973403"},{"taxonomy":"product_tag","embeddable":true,"href":"https:\/\/eu.tilta.com\/de\/wp-json\/wp\/v2\/product_tag?post=1973403"}],"curies":[{"name":"wp","href":"https:\/\/api.w.org\/{rel}","templated":true}]}}