{"id":1973404,"date":"2022-12-28T10:14:27","date_gmt":"2022-12-28T09:14:27","guid":{"rendered":"https:\/\/de.tilta.com\/shop\/15mm-rutenhalterung-auf-dual-1-4-20-adapter-schwarz\/"},"modified":"2026-02-13T11:33:42","modified_gmt":"2026-02-13T10:33:42","slug":"15mm-rod-holder-to-dual-1-4-20-adapter-black","status":"publish","type":"product","link":"https:\/\/eu.tilta.com\/de\/shop\/15mm-rod-holder-to-dual-1-4-20-adapter-black\/","title":{"rendered":"15mm Rutenhalterung auf Dual 1\/4&#8243;-20 Adapter &#8211; Schwarz"},"content":{"rendered":"<p>Dieser 15-mm-Stabhalter ist die perfekte Option f\u00fcr die sichere Befestigung von schwererem Stabzubeh\u00f6r an Ihrem Kamerasystem \u00fcber einen unserer halben oder vollen Kamerak\u00e4fige.<\/p>\n<p>Diese spezielle Variante wird mit zwei 1\/4\u2033-20-Schrauben befestigt, die verhindern, dass sich die Stange dreht, und unterst\u00fctzt schwereres Zubeh\u00f6r wie gr\u00f6\u00dfere drahtlose Follow-Focus-Motoren.<\/p>\n<p>Dieses Design erm\u00f6glicht es, den Rutenhalter an der Seite der meisten K\u00e4fige zu befestigen, er kann aber auch an gr\u00f6\u00dferen Kamerak\u00e4figen, die \u00fcber gen\u00fcgend Gewinde verf\u00fcgen, oben angebracht werden.<\/p>\n<p>Das macht ihn zur perfekten, leichten L\u00f6sung f\u00fcr die Montage von Zubeh\u00f6r, das traditionell nicht \u00fcber eine einzelne Stange montiert werden kann.<\/p>\n","protected":false},"excerpt":{"rendered":"<p>Dieser 15-mm-Stabhalter ist die perfekte Option f\u00fcr die sichere Befestigung von schwererem Stabzubeh\u00f6r an Ihrem Kamerasystem \u00fcber einen unserer halben oder vollen Kamerak\u00e4fige. Diese spezielle Variante wird mit zwei 1\/4\u2033-20-Schrauben befestigt, die verhindern, dass sich die Stange dreht, und unterst\u00fctzt [&hellip;]<\/p>\n","protected":false},"featured_media":1969124,"comment_status":"closed","ping_status":"closed","template":"","meta":[],"product_cat":[3255,1086,1087,1095,1098,1101,1105,1112,1118,1119,1120,1122,1066,1067,1065],"product_tag":[],"acf":[],"gallery_images":[1969125,1969362],"_links":{"self":[{"href":"https:\/\/eu.tilta.com\/de\/wp-json\/wp\/v2\/product\/1973404"}],"collection":[{"href":"https:\/\/eu.tilta.com\/de\/wp-json\/wp\/v2\/product"}],"about":[{"href":"https:\/\/eu.tilta.com\/de\/wp-json\/wp\/v2\/types\/product"}],"replies":[{"embeddable":true,"href":"https:\/\/eu.tilta.com\/de\/wp-json\/wp\/v2\/comments?post=1973404"}],"wp:featuredmedia":[{"embeddable":true,"href":"https:\/\/eu.tilta.com\/de\/wp-json\/wp\/v2\/media\/1969124"}],"wp:attachment":[{"href":"https:\/\/eu.tilta.com\/de\/wp-json\/wp\/v2\/media?parent=1973404"}],"wp:term":[{"taxonomy":"product_cat","embeddable":true,"href":"https:\/\/eu.tilta.com\/de\/wp-json\/wp\/v2\/product_cat?post=1973404"},{"taxonomy":"product_tag","embeddable":true,"href":"https:\/\/eu.tilta.com\/de\/wp-json\/wp\/v2\/product_tag?post=1973404"}],"curies":[{"name":"wp","href":"https:\/\/api.w.org\/{rel}","templated":true}]}}