{"id":1973405,"date":"2022-12-28T10:07:42","date_gmt":"2022-12-28T09:07:42","guid":{"rendered":"https:\/\/de.tilta.com\/shop\/15mm-rutenhalterung-auf-1-4-20-adapter-frontmontage-schwarz\/"},"modified":"2026-05-07T17:07:29","modified_gmt":"2026-05-07T15:07:29","slug":"15mm-rod-holder-to-1-4-20-adapter-front-mounted-black","status":"publish","type":"product","link":"https:\/\/eu.tilta.com\/de\/shop\/15mm-rod-holder-to-1-4-20-adapter-front-mounted-black\/","title":{"rendered":"15mm Rutenhalterung auf 1\/4&#8243;-20 Adapter (Frontmontage) &#8211; Schwarz"},"content":{"rendered":"<div class=\"overview-text\">\n<div class=\"overview-text\">\n<p>Dieser 15-mm-Rutenhalter ist die perfekte Option f\u00fcr die Befestigung von rutenbasiertem Zubeh\u00f6r an Ihrem Kamerasystem \u00fcber einen unserer halben oder vollen Kamerak\u00e4fige.<\/p>\n<p>Diese spezielle Variante wird mit einer 1\/4\u2033-20-Schraube befestigt und verf\u00fcgt \u00fcber einen Fixierstift, der verhindert, dass sich die Stange bei der Verwendung von Zubeh\u00f6r wie z.B. kabellosen Follow Focus Motoren dreht.<\/p>\n<p>Diese Konstruktion erm\u00f6glicht es, diesen Rutenhalter an der Vorderseite eines K\u00e4figs zu montieren, so dass die Rute n\u00e4her am Objektiv sitzt, als dies bei herk\u00f6mmlichen Grundplatten der Fall ist.<\/p>\n<p>Das macht ihn zur perfekten L\u00f6sung f\u00fcr die Montage von Follow-Focus-Systemen mit einer Stange an kompakten Objektiven.<\/p>\n<\/div>\n<\/div>\n","protected":false},"excerpt":{"rendered":"<p>Dieser 15-mm-Rutenhalter ist die perfekte Option f\u00fcr die Befestigung von rutenbasiertem Zubeh\u00f6r an Ihrem Kamerasystem \u00fcber einen unserer halben oder vollen Kamerak\u00e4fige. Diese spezielle Variante wird mit einer 1\/4\u2033-20-Schraube befestigt und verf\u00fcgt \u00fcber einen Fixierstift, der verhindert, dass sich die [&hellip;]<\/p>\n","protected":false},"featured_media":1969123,"comment_status":"closed","ping_status":"closed","template":"","meta":[],"product_cat":[3255,1086,1087,1095,1098,1101,1105,1112,1118,1119,1120,1122,1066,1067,1065],"product_tag":[],"acf":[],"gallery_images":[1936841,1936791],"_links":{"self":[{"href":"https:\/\/eu.tilta.com\/de\/wp-json\/wp\/v2\/product\/1973405"}],"collection":[{"href":"https:\/\/eu.tilta.com\/de\/wp-json\/wp\/v2\/product"}],"about":[{"href":"https:\/\/eu.tilta.com\/de\/wp-json\/wp\/v2\/types\/product"}],"replies":[{"embeddable":true,"href":"https:\/\/eu.tilta.com\/de\/wp-json\/wp\/v2\/comments?post=1973405"}],"wp:featuredmedia":[{"embeddable":true,"href":"https:\/\/eu.tilta.com\/de\/wp-json\/wp\/v2\/media\/1969123"}],"wp:attachment":[{"href":"https:\/\/eu.tilta.com\/de\/wp-json\/wp\/v2\/media?parent=1973405"}],"wp:term":[{"taxonomy":"product_cat","embeddable":true,"href":"https:\/\/eu.tilta.com\/de\/wp-json\/wp\/v2\/product_cat?post=1973405"},{"taxonomy":"product_tag","embeddable":true,"href":"https:\/\/eu.tilta.com\/de\/wp-json\/wp\/v2\/product_tag?post=1973405"}],"curies":[{"name":"wp","href":"https:\/\/api.w.org\/{rel}","templated":true}]}}