{"id":1973406,"date":"2022-12-28T10:01:00","date_gmt":"2022-12-28T09:01:00","guid":{"rendered":"https:\/\/de.tilta.com\/shop\/15mm-rutenhalter-auf-1-4-20-adapter-seitenmontage-schwarz\/"},"modified":"2025-12-05T12:10:49","modified_gmt":"2025-12-05T11:10:49","slug":"15mm-rod-holder-to-1-4-20-adapter-side-mounted-black","status":"publish","type":"product","link":"https:\/\/eu.tilta.com\/de\/shop\/15mm-rod-holder-to-1-4-20-adapter-side-mounted-black\/","title":{"rendered":"15mm Rutenhalter auf 1\/4&#8243;-20 Adapter (Seitenmontage) &#8211; Schwarz"},"content":{"rendered":"<div class=\"overview-text\">\n<p>Dieser 15-mm-Rutenhalter ist die perfekte Option f\u00fcr die Befestigung von rutenbasiertem Zubeh\u00f6r an Ihrem Kamerasystem \u00fcber einen unserer halben oder vollen Kamerak\u00e4fige.<\/p>\n<p>Diese spezielle Variante wird mit einer 1\/4&#8243;-20 Schraube befestigt und verf\u00fcgt \u00fcber einen Fixierstift, der verhindert, dass sich die Stange bei der Verwendung von Zubeh\u00f6r wie z.B. kabellosen Follow Focus Motoren dreht.<\/p>\n<p>Dank dieser Konstruktion kann dieser Rutenhalter sowohl an der Seite eines K\u00e4figs als auch an der Oberseite in parallelen und senkrechten Konfigurationen angebracht werden. (im Verh\u00e4ltnis zur Breite des Kamerageh\u00e4uses)<\/p>\n<p>Das macht es zur perfekten L\u00f6sung f\u00fcr die Montage von Follow-Focus-Systemen und Einstab-Matteboxen ohne herk\u00f6mmliche Grundplatten sowie f\u00fcr elektronische Sucher an Kamerasystemen, die keine native EVF-Unterst\u00fctzung bieten.<\/p>\n<\/div>\n","protected":false},"excerpt":{"rendered":"<p>Dieser 15-mm-Rutenhalter ist die perfekte Option f\u00fcr die Befestigung von rutenbasiertem Zubeh\u00f6r an Ihrem Kamerasystem \u00fcber einen unserer halben oder vollen Kamerak\u00e4fige. Diese spezielle Variante wird mit einer 1\/4&#8243;-20 Schraube befestigt und verf\u00fcgt \u00fcber einen Fixierstift, der verhindert, dass sich [&hellip;]<\/p>\n","protected":false},"featured_media":1969122,"comment_status":"closed","ping_status":"closed","template":"","meta":[],"product_cat":[1086,1087,1095,1098,1101,1105,1112,1118,1119,1120,1122,1066,1067,1065],"product_tag":[],"acf":[],"gallery_images":[1969365,1969367],"_links":{"self":[{"href":"https:\/\/eu.tilta.com\/de\/wp-json\/wp\/v2\/product\/1973406"}],"collection":[{"href":"https:\/\/eu.tilta.com\/de\/wp-json\/wp\/v2\/product"}],"about":[{"href":"https:\/\/eu.tilta.com\/de\/wp-json\/wp\/v2\/types\/product"}],"replies":[{"embeddable":true,"href":"https:\/\/eu.tilta.com\/de\/wp-json\/wp\/v2\/comments?post=1973406"}],"wp:featuredmedia":[{"embeddable":true,"href":"https:\/\/eu.tilta.com\/de\/wp-json\/wp\/v2\/media\/1969122"}],"wp:attachment":[{"href":"https:\/\/eu.tilta.com\/de\/wp-json\/wp\/v2\/media?parent=1973406"}],"wp:term":[{"taxonomy":"product_cat","embeddable":true,"href":"https:\/\/eu.tilta.com\/de\/wp-json\/wp\/v2\/product_cat?post=1973406"},{"taxonomy":"product_tag","embeddable":true,"href":"https:\/\/eu.tilta.com\/de\/wp-json\/wp\/v2\/product_tag?post=1973406"}],"curies":[{"name":"wp","href":"https:\/\/api.w.org\/{rel}","templated":true}]}}