{"id":1973408,"date":"2022-12-13T16:19:10","date_gmt":"2022-12-13T15:19:10","guid":{"rendered":"https:\/\/de.tilta.com\/shop\/basic-ring-grip-plus-fuer-dji-ronin\/"},"modified":"2026-03-21T16:04:42","modified_gmt":"2026-03-21T15:04:42","slug":"basic-ring-grip-plus-for-dji-ronin","status":"publish","type":"product","link":"https:\/\/eu.tilta.com\/de\/shop\/basic-ring-grip-plus-for-dji-ronin\/","title":{"rendered":"Basic Ring Grip Plus f\u00fcr DJI Ronin"},"content":{"rendered":"<p class=\"lead\">Der Basic Ring-Griff Plus ist das ultimative, kosteneffiziente Halterungssystem f\u00fcr die DJI RS2, RS3\/3 Pro und RS4\/4 Pro Gimbals.<\/p>\n<p>Diese aktualisierte Version des Basic Ring Grip unterst\u00fctzt alle Zubeh\u00f6rteile der Vorg\u00e4ngerversionen, einschlie\u00dflich der <a href=\"https:\/\/de.tilta.com\/de\/shop\/rs-2-remote-control-handle-for-advanced-ring-grip\/#\">Fernbedienung<\/a> und der <a href=\"https:\/\/de.tilta.com\/de\/shop\/dual-channel-wireless-lens-control-handle-for-advanced-ring-grip\/\">Zweikanalgriffe<\/a>.<\/p>\n<p>Der Basic Ring Grip Plus verwendet eine neue Magnesium-Aluminiumlegierung und verbessert das Vorg\u00e4ngermodell durch ein etwas geringeres Gewicht und eine verbesserte Haltbarkeit.<\/p>\n<p>Der Basic Ring Grip Plus verf\u00fcgt \u00fcber die gleichen Kontaktpunkte wie unsere anderen Modelle, d.h. Sie k\u00f6nnen die Gold- oder V-Mount-Akkuplatten verwenden, um Ihren Gimbal und Ihr Zubeh\u00f6r l\u00e4nger mit Strom zu versorgen.<\/p>\n<p>Sie k\u00f6nnen auch unser Stromversorgungsmodul verwenden, das praktische Montage- und Stromversorgungsoptionen f\u00fcr Zubeh\u00f6r wie externe Monitore oder drahtlose Videosender bietet.<\/p>\n<p>Unsere Ring Grip-Systeme bieten im Vergleich zum normalen Handbetrieb eine h\u00f6here Stabilit\u00e4t, da sie \u00fcber die beiden mitgelieferten mechanischen Griffe mehrere Kontaktpunkte nutzen.<\/p>\n<p>\u00c4hnlich wie bei den Vorg\u00e4ngerversionen k\u00f6nnen Sie den Batteriegriff des Gimbals in einen oberen Griff verwandeln, so dass Sie schnell zu Aufnahmen aus einem niedrigen Winkel \u00fcbergehen k\u00f6nnen, w\u00e4hrend Sie Ihren Gimbal mit zus\u00e4tzlicher Energie versorgen.<\/p>\n<p>Ein integrierter St\u00e4nder erm\u00f6glicht es Ihnen, den Gimbal zwischen den Aufnahmen einfach abzustellen.<\/p>\n","protected":false},"excerpt":{"rendered":"<p>Der Basic Ring-Griff Plus ist das ultimative, kosteneffiziente Halterungssystem f\u00fcr die DJI RS2, RS3\/3 Pro und RS4\/4 Pro Gimbals. Diese aktualisierte Version des Basic Ring Grip unterst\u00fctzt alle Zubeh\u00f6rteile der Vorg\u00e4ngerversionen, einschlie\u00dflich der Fernbedienung und der Zweikanalgriffe. Der Basic Ring [&hellip;]<\/p>\n","protected":false},"featured_media":1969346,"comment_status":"closed","ping_status":"closed","template":"","meta":[],"product_cat":[1278],"product_tag":[],"acf":[],"gallery_images":[1969347,1969085,1969086,1969087,1969088,1969089,1969090],"_links":{"self":[{"href":"https:\/\/eu.tilta.com\/de\/wp-json\/wp\/v2\/product\/1973408"}],"collection":[{"href":"https:\/\/eu.tilta.com\/de\/wp-json\/wp\/v2\/product"}],"about":[{"href":"https:\/\/eu.tilta.com\/de\/wp-json\/wp\/v2\/types\/product"}],"replies":[{"embeddable":true,"href":"https:\/\/eu.tilta.com\/de\/wp-json\/wp\/v2\/comments?post=1973408"}],"wp:featuredmedia":[{"embeddable":true,"href":"https:\/\/eu.tilta.com\/de\/wp-json\/wp\/v2\/media\/1969346"}],"wp:attachment":[{"href":"https:\/\/eu.tilta.com\/de\/wp-json\/wp\/v2\/media?parent=1973408"}],"wp:term":[{"taxonomy":"product_cat","embeddable":true,"href":"https:\/\/eu.tilta.com\/de\/wp-json\/wp\/v2\/product_cat?post=1973408"},{"taxonomy":"product_tag","embeddable":true,"href":"https:\/\/eu.tilta.com\/de\/wp-json\/wp\/v2\/product_tag?post=1973408"}],"curies":[{"name":"wp","href":"https:\/\/api.w.org\/{rel}","templated":true}]}}