{"id":1973409,"date":"2022-11-23T16:30:53","date_gmt":"2022-11-23T15:30:53","guid":{"rendered":"https:\/\/de.tilta.com\/shop\/tilta-kugelgelenk-fuer-mini-gelenkarm\/"},"modified":"2026-04-17T05:32:04","modified_gmt":"2026-04-17T03:32:04","slug":"ball-joint-for-mini-articulating-arm","status":"publish","type":"product","link":"https:\/\/eu.tilta.com\/de\/shop\/ball-joint-for-mini-articulating-arm\/","title":{"rendered":"Tilta Kugelgelenk f\u00fcr Mini-Gelenkarm"},"content":{"rendered":"<p>Passen Sie Ihren <a href=\"https:\/\/de.tilta.com\/de\/shop\/tiltaing-mini-articulating-arm\/\">Mini-Gelenkarm<\/a> mit neuen Kugelgelenkaufs\u00e4tzen an. Dieses Kugelgelenk kann gegen das im Lieferumfang des Mini-Gelenkarms enthaltene ausgetauscht werden und verf\u00fcgt \u00fcber verschiedene Optionen, die mehrere Befestigungsarten unterst\u00fctzen.<\/p>\n<p>Zu diesen Befestigungsarten geh\u00f6ren die ARRI-Rosette, der Kalte Schuh, die NATO, die 15\/19-mm-Stangen, die GoPro-Halterung und sogar der SmallHD-Monitoranschluss.<\/p>\n<p>Ein verl\u00e4ngerter Kugelgelenkarm kann hinzugef\u00fcgt werden, um die Gelenkpunkte zu erweitern und die Gr\u00f6\u00dfe des Arms f\u00fcr einzigartige Anwendungen zu vergr\u00f6\u00dfern.<\/p>\n","protected":false},"excerpt":{"rendered":"<p>Passen Sie Ihren Mini-Gelenkarm mit neuen Kugelgelenkaufs\u00e4tzen an. Dieses Kugelgelenk kann gegen das im Lieferumfang des Mini-Gelenkarms enthaltene ausgetauscht werden und verf\u00fcgt \u00fcber verschiedene Optionen, die mehrere Befestigungsarten unterst\u00fctzen. Zu diesen Befestigungsarten geh\u00f6ren die ARRI-Rosette, der Kalte Schuh, die NATO, [&hellip;]<\/p>\n","protected":false},"featured_media":1968767,"comment_status":"closed","ping_status":"closed","template":"","meta":[],"product_cat":[3255,3095,1078,1073,1079,1080,1081,1082,1083,1084,1085,1086,1087,1088,1089,1090,1091,1092,1093,1280,1259,1279,1095,1096,1097,1098,1099,1100,1101,1102,1103,1104,1105,1106,1107,1108,1109,1110,1111,1112,1113,3155,1114,1115,1116,1117,1118,1119,1120,1122,1123,1124,1125,1126,1071,1127,1128,1129,1130,1131,1132,1133,1134,1135,1136,1137,1220,1239,1234,1211,1247],"product_tag":[],"acf":[],"gallery_images":[1968744,1968745,1968747,1968748,1968749,1968998,1968750,1968751,1968766],"_links":{"self":[{"href":"https:\/\/eu.tilta.com\/de\/wp-json\/wp\/v2\/product\/1973409"}],"collection":[{"href":"https:\/\/eu.tilta.com\/de\/wp-json\/wp\/v2\/product"}],"about":[{"href":"https:\/\/eu.tilta.com\/de\/wp-json\/wp\/v2\/types\/product"}],"replies":[{"embeddable":true,"href":"https:\/\/eu.tilta.com\/de\/wp-json\/wp\/v2\/comments?post=1973409"}],"wp:featuredmedia":[{"embeddable":true,"href":"https:\/\/eu.tilta.com\/de\/wp-json\/wp\/v2\/media\/1968767"}],"wp:attachment":[{"href":"https:\/\/eu.tilta.com\/de\/wp-json\/wp\/v2\/media?parent=1973409"}],"wp:term":[{"taxonomy":"product_cat","embeddable":true,"href":"https:\/\/eu.tilta.com\/de\/wp-json\/wp\/v2\/product_cat?post=1973409"},{"taxonomy":"product_tag","embeddable":true,"href":"https:\/\/eu.tilta.com\/de\/wp-json\/wp\/v2\/product_tag?post=1973409"}],"curies":[{"name":"wp","href":"https:\/\/api.w.org\/{rel}","templated":true}]}}