{"id":1973418,"date":"2022-11-17T14:16:30","date_gmt":"2022-11-17T13:16:30","guid":{"rendered":"https:\/\/de.tilta.com\/shop\/tilta-advanced-seitengriff-aus-holz-schwarz\/"},"modified":"2026-02-09T21:54:46","modified_gmt":"2026-02-09T20:54:46","slug":"tiltaing-advanced-side-wooden-handle-black","status":"publish","type":"product","link":"https:\/\/eu.tilta.com\/de\/shop\/tiltaing-advanced-side-wooden-handle-black\/","title":{"rendered":"Tilta Advanced Seitengriff aus Holz &#8211; Schwarz"},"content":{"rendered":"<p>Diese Holzgriffe haben ein ergonomisches Design, um maximalen Komfort bei der Bedienung einer Kamera jeder Gr\u00f6\u00dfe zu bieten.<\/p>\n<p>Sie k\u00f6nnen sie direkt an Ihrem Kamerak\u00e4fig oder an verschiedenen Zubeh\u00f6rteilen mit den folgenden Befestigungsarten anbringen:<\/p>\n<p>Typ VII = NATO-Schiene<br \/>\nTyp IX = Ronin 4D<br \/>\nTyp X = ARRI-Rosette<br \/>\nTyp XI = 1\/4-20 mit Passstiften<\/p>\n<p>Das macht sie zur perfekten Option f\u00fcr die bequeme Handhabung Ihrer Kamera oder Ihres Monitors, wenn keine elektronische Steuerung erforderlich ist.<\/p>\n<p>Mit einer Entriegelungstaste an der Seite der Halterung k\u00f6nnen Sie den Winkel der Griffe leicht verstellen, um die perfekte Arbeitsposition zu finden und die Position f\u00fcr verschiedene Aufnahmen schnell zu \u00e4ndern.<\/p>\n<p>Die Griffe sind aus schwarzem Walnussholz geschnitzt und mit einer CNC-gefr\u00e4sten, hochwertigen Aluminiumlegierung versehen.&#8221;<\/p>\n","protected":false},"excerpt":{"rendered":"<p>Diese Holzgriffe haben ein ergonomisches Design, um maximalen Komfort bei der Bedienung einer Kamera jeder Gr\u00f6\u00dfe zu bieten. Sie k\u00f6nnen sie direkt an Ihrem Kamerak\u00e4fig oder an verschiedenen Zubeh\u00f6rteilen mit den folgenden Befestigungsarten anbringen: Typ VII = NATO-Schiene Typ IX [&hellip;]<\/p>\n","protected":false},"featured_media":1968715,"comment_status":"closed","ping_status":"closed","template":"","meta":[],"product_cat":[3897,1453,1073,1259,1276,1277],"product_tag":[],"acf":[],"gallery_images":[1924793,1924795,1924794],"_links":{"self":[{"href":"https:\/\/eu.tilta.com\/de\/wp-json\/wp\/v2\/product\/1973418"}],"collection":[{"href":"https:\/\/eu.tilta.com\/de\/wp-json\/wp\/v2\/product"}],"about":[{"href":"https:\/\/eu.tilta.com\/de\/wp-json\/wp\/v2\/types\/product"}],"replies":[{"embeddable":true,"href":"https:\/\/eu.tilta.com\/de\/wp-json\/wp\/v2\/comments?post=1973418"}],"wp:featuredmedia":[{"embeddable":true,"href":"https:\/\/eu.tilta.com\/de\/wp-json\/wp\/v2\/media\/1968715"}],"wp:attachment":[{"href":"https:\/\/eu.tilta.com\/de\/wp-json\/wp\/v2\/media?parent=1973418"}],"wp:term":[{"taxonomy":"product_cat","embeddable":true,"href":"https:\/\/eu.tilta.com\/de\/wp-json\/wp\/v2\/product_cat?post=1973418"},{"taxonomy":"product_tag","embeddable":true,"href":"https:\/\/eu.tilta.com\/de\/wp-json\/wp\/v2\/product_tag?post=1973418"}],"curies":[{"name":"wp","href":"https:\/\/api.w.org\/{rel}","templated":true}]}}