{"id":1973434,"date":"2022-11-08T16:09:27","date_gmt":"2022-11-08T15:09:27","guid":{"rendered":"https:\/\/de.tilta.com\/shop\/schnellverstellbarer-rosettenadapter-schwarz\/"},"modified":"2026-04-22T12:11:49","modified_gmt":"2026-04-22T10:11:49","slug":"quick-adjust-rosette-adapter-black","status":"publish","type":"product","link":"https:\/\/eu.tilta.com\/de\/shop\/quick-adjust-rosette-adapter-black\/","title":{"rendered":"Schnellverstellbarer Rosettenadapter &#8211; Schwarz"},"content":{"rendered":"<p class=\"p1\">Erweitern Sie die Funktionalit\u00e4t Ihrer Rosetten mit den Tilta Quick Adjust Rosettenadaptern!<\/p>\n<p class=\"p1\">Diese Adapter sind mit jeder Arri Standard-Rosette kompatibel und dienen als Br\u00fccke zwischen der Rosettenhalterung an Ihrer Kamera oder Ihrem Schulterrig und dem Rosettenanschluss an Ihrem Seitengriff oder Zubeh\u00f6r.<\/p>\n<p class=\"p1\">Nach dem Anbringen k\u00f6nnen Sie den Winkel Ihrer Rosette mit einem mit dem Daumen zug\u00e4nglichen Entriegelungshebel schnell drehen, ohne dass Sie irgendwelche Schrauben l\u00f6sen m\u00fcssen.<\/p>\n<p class=\"p1\">Sie k\u00f6nnen dies tun, w\u00e4hrend Sie die Griffe noch in der Hand halten. So k\u00f6nnen Sie schnell die bequemste Position finden und sie bei Bedarf anpassen.<\/p>\n<p class=\"p1\">Dies ist die perfekte Option f\u00fcr unsere<a href=\"https:\/\/de.tilta.com\/de\/product-category\/shoulder-rigs-de\/tilta-lightweight-schulterstativ\/\"><span class=\"s1\"> Leichtes Schulter-Rig<\/span><\/a> oder einen RS2\/RS3 Pro Gimbal \u00fcber unsere <a href=\"https:\/\/de.tilta.com\/de\/shop\/left-side-nato-rail-to-rosette-adapter\/\"><span class=\"s1\">Rosetten-Adapter<\/span><\/a>.<\/p>\n","protected":false},"excerpt":{"rendered":"<p>Erweitern Sie die Funktionalit\u00e4t Ihrer Rosetten mit den Tilta Quick Adjust Rosettenadaptern! Diese Adapter sind mit jeder Arri Standard-Rosette kompatibel und dienen als Br\u00fccke zwischen der Rosettenhalterung an Ihrer Kamera oder Ihrem Schulterrig und dem Rosettenanschluss an Ihrem Seitengriff oder [&hellip;]<\/p>\n","protected":false},"featured_media":1968682,"comment_status":"closed","ping_status":"closed","template":"","meta":[],"product_cat":[3232,1281,1243,1233,1282,1283,1234,1247],"product_tag":[],"acf":[],"gallery_images":[1968695,1968694,1968684,1968688,1968687,1968686,1968685],"_links":{"self":[{"href":"https:\/\/eu.tilta.com\/de\/wp-json\/wp\/v2\/product\/1973434"}],"collection":[{"href":"https:\/\/eu.tilta.com\/de\/wp-json\/wp\/v2\/product"}],"about":[{"href":"https:\/\/eu.tilta.com\/de\/wp-json\/wp\/v2\/types\/product"}],"replies":[{"embeddable":true,"href":"https:\/\/eu.tilta.com\/de\/wp-json\/wp\/v2\/comments?post=1973434"}],"wp:featuredmedia":[{"embeddable":true,"href":"https:\/\/eu.tilta.com\/de\/wp-json\/wp\/v2\/media\/1968682"}],"wp:attachment":[{"href":"https:\/\/eu.tilta.com\/de\/wp-json\/wp\/v2\/media?parent=1973434"}],"wp:term":[{"taxonomy":"product_cat","embeddable":true,"href":"https:\/\/eu.tilta.com\/de\/wp-json\/wp\/v2\/product_cat?post=1973434"},{"taxonomy":"product_tag","embeddable":true,"href":"https:\/\/eu.tilta.com\/de\/wp-json\/wp\/v2\/product_tag?post=1973434"}],"curies":[{"name":"wp","href":"https:\/\/api.w.org\/{rel}","templated":true}]}}