{"id":1973438,"date":"2022-11-02T09:02:53","date_gmt":"2022-11-02T08:02:53","guid":{"rendered":"https:\/\/de.tilta.com\/shop\/lpl-mount-adapterhalterung-fuer-red-v-raptor-v2\/"},"modified":"2026-02-16T09:00:14","modified_gmt":"2026-02-16T08:00:14","slug":"lpl-mount-adapter-support-for-red-v-raptor-v2","status":"publish","type":"product","link":"https:\/\/eu.tilta.com\/de\/shop\/lpl-mount-adapter-support-for-red-v-raptor-v2\/","title":{"rendered":"LPL Mount Adapterhalterung f\u00fcr RED V-RAPTOR V2"},"content":{"rendered":"<p>Diese Halterung wird an der Vorderseite des RED V-RAPTOR Kamerageh\u00e4uses angebracht, um einen LPL Lens Mount Adapter zu befestigen.<\/p>\n<p>Diese Halterung wird \u00fcber mehrere F\u00e4den befestigt, um die Sicherheit \u00fcber vier Kontaktpunkte zu erh\u00f6hen.<\/p>\n<p>Dieses Zubeh\u00f6r ist die perfekte L\u00f6sung, um Ihren LPL-Adapter mit mehr Sicherheit auszustatten. So k\u00f6nnen Sie schwerere Vollformat-Objektive unterst\u00fctzen und die Vorteile des gesamten V-RAPTOR 8K-Sensors nutzen.<\/p>\n","protected":false},"excerpt":{"rendered":"<p>Diese Halterung wird an der Vorderseite des RED V-RAPTOR Kamerageh\u00e4uses angebracht, um einen LPL Lens Mount Adapter zu befestigen. Diese Halterung wird \u00fcber mehrere F\u00e4den befestigt, um die Sicherheit \u00fcber vier Kontaktpunkte zu erh\u00f6hen. Dieses Zubeh\u00f6r ist die perfekte L\u00f6sung, [&hellip;]<\/p>\n","protected":false},"featured_media":1968643,"comment_status":"closed","ping_status":"closed","template":"","meta":[],"product_cat":[1047,4448,1113,3155],"product_tag":[],"acf":[],"gallery_images":[1968696],"_links":{"self":[{"href":"https:\/\/eu.tilta.com\/de\/wp-json\/wp\/v2\/product\/1973438"}],"collection":[{"href":"https:\/\/eu.tilta.com\/de\/wp-json\/wp\/v2\/product"}],"about":[{"href":"https:\/\/eu.tilta.com\/de\/wp-json\/wp\/v2\/types\/product"}],"replies":[{"embeddable":true,"href":"https:\/\/eu.tilta.com\/de\/wp-json\/wp\/v2\/comments?post=1973438"}],"wp:featuredmedia":[{"embeddable":true,"href":"https:\/\/eu.tilta.com\/de\/wp-json\/wp\/v2\/media\/1968643"}],"wp:attachment":[{"href":"https:\/\/eu.tilta.com\/de\/wp-json\/wp\/v2\/media?parent=1973438"}],"wp:term":[{"taxonomy":"product_cat","embeddable":true,"href":"https:\/\/eu.tilta.com\/de\/wp-json\/wp\/v2\/product_cat?post=1973438"},{"taxonomy":"product_tag","embeddable":true,"href":"https:\/\/eu.tilta.com\/de\/wp-json\/wp\/v2\/product_tag?post=1973438"}],"curies":[{"name":"wp","href":"https:\/\/api.w.org\/{rel}","templated":true}]}}