{"id":1973440,"date":"2022-10-14T09:15:43","date_gmt":"2022-10-14T07:15:43","guid":{"rendered":"https:\/\/de.tilta.com\/shop\/kamerakaefig-fuer-sony-venice-2\/"},"modified":"2025-12-05T12:11:40","modified_gmt":"2025-12-05T11:11:40","slug":"camera-cage-for-sony-venice-2","status":"publish","type":"product","link":"https:\/\/eu.tilta.com\/de\/shop\/camera-cage-for-sony-venice-2\/","title":{"rendered":"Kamerak\u00e4fig f\u00fcr Sony Venice 2"},"content":{"rendered":"<p>Erweitern Sie die Funktionalit\u00e4t Ihres Sony Venice Kamerageh\u00e4uses mit unserem neuen Kamerak\u00e4fig f\u00fcr Sony Venice 2!<\/p>\n<p>Der Rahmen dieses K\u00e4figs ist aus einer hochwertigen, CNC-gefr\u00e4sten Aluminiumlegierung gefertigt, die zus\u00e4tzlichen Schutz und Befestigungsm\u00f6glichkeiten f\u00fcr Zubeh\u00f6r bietet.<\/p>\n<p>Der K\u00e4fig selbst unterst\u00fctzt Zubeh\u00f6r \u00fcber Cold Shoe, NATO-Schiene, 1\/4\u2033-20 Gewinde und 3\/8\u2033-16 Gewinde mit Fixierstiften.<\/p>\n<p>Die aktualisierte Akkuplatte f\u00fcr Sony Venice 2 ist sowohl als Gold Mount als auch als V-Mount erh\u00e4ltlich und wird \u00fcber ein externes Kabel mit der Top Plate verbunden, die eine zuverl\u00e4ssige Stromversorgung und Kommunikation mit den verschiedenen Anschl\u00fcssen des K\u00e4figs gew\u00e4hrleistet.<\/p>\n<p>Dieses Kabel eignet sich auch f\u00fcr das gr\u00f6\u00dfere externe Aufnahmemodul, das auf der R\u00fcckseite der Kamera angebracht werden kann, und ist mit diesem voll kompatibel.<\/p>\n<p>Dies erweitert Ihre M\u00f6glichkeiten, Zubeh\u00f6r mit Strom zu versorgen und die Kamera kabellos auszul\u00f6sen, erheblich.<\/p>\n<p>Die Top Plate verwendet ein eingebautes Kommunikationskabel, \u00e4hnlich wie unser fr\u00fcheres Venice System, und bietet Run Stop-Funktionalit\u00e4t f\u00fcr alle 3-Pin Fischer R\/S-Anschl\u00fcsse des K\u00e4figs.<\/p>\n<p>Der EVF der Venice kann auch \u00fcber 15mm LWS-Stangen, die in der N\u00e4he der Vorderseite der Platte befestigt werden k\u00f6nnen, an der Top Plate montiert werden.<\/p>\n<p>Der Top Handle verf\u00fcgt \u00fcber ein verstellbares Design, das es erm\u00f6glicht, ihn einfach auf die Top Plate auf- und abzuschieben, die auch mit dem Original Top Handle von Venice kompatibel ist.<\/p>\n<p>Dies ist eine praktische L\u00f6sung, um die Balance der Kamera nach einem Objektivwechsel oder bei der Anpassung der Kamera f\u00fcr Steadicam\/Gimbal-Setups schnell anzupassen.<\/p>\n<p>Eine optionale obere Griffverl\u00e4ngerung kann montiert werden, um den Griff so zu erweitern, dass er sich um die Batterieplatte wickelt.<\/p>\n<p>Dies bietet einige zus\u00e4tzliche Befestigungsm\u00f6glichkeiten sowie eine einzigartige M\u00f6glichkeit, die Kamera vor allem bei niedrigeren Winkeln zu bedienen.<\/p>\n<p>Die Basisplatte enth\u00e4lt ein integriertes Schulterpolster und ist von Haus aus mit Tilta-Standardschwalbenschw\u00e4nzen kompatibel.<\/p>\n<p>Eine optionale multifunktionale Tilta Standard zu Arri Standard Grundplatte kann verwendet werden, um diesen K\u00e4fig bei Bedarf an einen Arri Standard Schwalbenschwanz zu montieren.<\/p>\n<p>Kompatibel mit dem Sony Venice und dem Sony Venice 2!<\/p>\n","protected":false},"excerpt":{"rendered":"<p>Erweitern Sie die Funktionalit\u00e4t Ihres Sony Venice Kamerageh\u00e4uses mit unserem neuen Kamerak\u00e4fig f\u00fcr Sony Venice 2! Der Rahmen dieses K\u00e4figs ist aus einer hochwertigen, CNC-gefr\u00e4sten Aluminiumlegierung gefertigt, die zus\u00e4tzlichen Schutz und Befestigungsm\u00f6glichkeiten f\u00fcr Zubeh\u00f6r bietet. Der K\u00e4fig selbst unterst\u00fctzt Zubeh\u00f6r [&hellip;]<\/p>\n","protected":false},"featured_media":1968591,"comment_status":"closed","ping_status":"closed","template":"","meta":[],"product_cat":[1123],"product_tag":[],"acf":[],"gallery_images":[1930234,1930209],"_links":{"self":[{"href":"https:\/\/eu.tilta.com\/de\/wp-json\/wp\/v2\/product\/1973440"}],"collection":[{"href":"https:\/\/eu.tilta.com\/de\/wp-json\/wp\/v2\/product"}],"about":[{"href":"https:\/\/eu.tilta.com\/de\/wp-json\/wp\/v2\/types\/product"}],"replies":[{"embeddable":true,"href":"https:\/\/eu.tilta.com\/de\/wp-json\/wp\/v2\/comments?post=1973440"}],"wp:featuredmedia":[{"embeddable":true,"href":"https:\/\/eu.tilta.com\/de\/wp-json\/wp\/v2\/media\/1968591"}],"wp:attachment":[{"href":"https:\/\/eu.tilta.com\/de\/wp-json\/wp\/v2\/media?parent=1973440"}],"wp:term":[{"taxonomy":"product_cat","embeddable":true,"href":"https:\/\/eu.tilta.com\/de\/wp-json\/wp\/v2\/product_cat?post=1973440"},{"taxonomy":"product_tag","embeddable":true,"href":"https:\/\/eu.tilta.com\/de\/wp-json\/wp\/v2\/product_tag?post=1973440"}],"curies":[{"name":"wp","href":"https:\/\/api.w.org\/{rel}","templated":true}]}}