{"id":1973447,"date":"2022-09-28T12:19:56","date_gmt":"2022-09-28T10:19:56","guid":{"rendered":"https:\/\/de.tilta.com\/shop\/akku-platte-fuer-dji-ronin-power-pass-through-plate-kit\/"},"modified":"2026-03-09T12:33:58","modified_gmt":"2026-03-09T11:33:58","slug":"power-pass-through-plate-for-dji-ronin","status":"publish","type":"product","link":"https:\/\/eu.tilta.com\/de\/shop\/power-pass-through-plate-for-dji-ronin\/","title":{"rendered":"Akku-Platte f\u00fcr DJI Ronin Power Pass-through Plate Kit"},"content":{"rendered":"<div class=\"overview-text\">\n<p>Dieses Battery Plate Power Pass-through Kit ersetzt den originalen Schlitten des DJI RS3 &amp; RS3 Pro und bietet erweiterte Energieoptionen.<\/p>\n<p>Wenn Sie die originale Ronin-Platte entfernen, indem Sie den H\u00f6henverstellhebel entriegeln und die Platte abnehmen, l\u00e4sst sich die Power Pass-through-Platte auf die gleiche Weise aufsetzen und verriegeln.<\/p>\n<p>Die Power Pass-Through-Platte verf\u00fcgt \u00fcber zwei 2-Pin-Lemo- und zwei P-Tap-Stromausg\u00e4nge. Damit ist diese Platte die perfekte L\u00f6sung f\u00fcr die Stromversorgung Ihrer Kamera oder von Zubeh\u00f6r wie drahtlosen Follow-Focus-Motoren, w\u00e4hrend Sie Ihren Gimbal verwenden.<\/p>\n<p>Die 2-Pin-Lemo-Anschl\u00fcsse k\u00f6nnen auch als Stromeingang dienen, so dass Sie die Platte \u00fcber eine externe Quelle mit einem 2-Pin-zu-P-Tap-Stromkabel (optional) mit Strom versorgen k\u00f6nnen.<\/p>\n<p>Die Gold-Mount- oder V-Mount-Akkuplatte erm\u00f6glicht es Ihnen, Akkus unter der Platte zu montieren. So k\u00f6nnen Sie Ihre Kamera und Ihr Zubeh\u00f6r mit Akkus h\u00f6herer Kapazit\u00e4t versorgen, ohne sie direkt an Ihrem Kamerageh\u00e4use zu befestigen.<\/p>\n<p>Dadurch l\u00e4sst sich Ihr Kamerasystem leichter auf dem Gimbal ausbalancieren und f\u00fchrt durch einen optimierten Schwerpunkt zu einer insgesamt besseren Leistung des Gimbals.<\/p>\n<p>Die M\u00f6glichkeit, einen zus\u00e4tzlichen Akku zu montieren, macht die Hydra Alien zur perfekten Erg\u00e4nzung, wenn Sie leichtere Kamerasysteme verwenden, die zus\u00e4tzliches Gewicht ben\u00f6tigen, um die beste Leistung aus dem sto\u00dfd\u00e4mpfenden Arm herauszuholen.<\/p>\n<p>Dies ist auch eine perfekte L\u00f6sung, um das Float-System um zus\u00e4tzliche Leistungsausg\u00e4nge zu erweitern.<\/p>\n<p>Dieses Kit enth\u00e4lt sowohl die Power Pass-Through-Platte als auch eine Gold- oder V-Mount-Akkuplatte mit der Option, die Akkuplatte gegen ein 2-Pin-zu-P-Tap-Stromkabel auszutauschen.<\/p>\n<\/div>\n","protected":false},"excerpt":{"rendered":"<p>Dieses Battery Plate Power Pass-through Kit ersetzt den originalen Schlitten des DJI RS3 &amp; RS3 Pro und bietet erweiterte Energieoptionen. Wenn Sie die originale Ronin-Platte entfernen, indem Sie den H\u00f6henverstellhebel entriegeln und die Platte abnehmen, l\u00e4sst sich die Power Pass-through-Platte [&hellip;]<\/p>\n","protected":false},"featured_media":1968601,"comment_status":"closed","ping_status":"closed","template":"","meta":[],"product_cat":[1047,1139],"product_tag":[],"acf":[],"gallery_images":[1968602,1968604,1968603,1968609,1968610],"_links":{"self":[{"href":"https:\/\/eu.tilta.com\/de\/wp-json\/wp\/v2\/product\/1973447"}],"collection":[{"href":"https:\/\/eu.tilta.com\/de\/wp-json\/wp\/v2\/product"}],"about":[{"href":"https:\/\/eu.tilta.com\/de\/wp-json\/wp\/v2\/types\/product"}],"replies":[{"embeddable":true,"href":"https:\/\/eu.tilta.com\/de\/wp-json\/wp\/v2\/comments?post=1973447"}],"wp:featuredmedia":[{"embeddable":true,"href":"https:\/\/eu.tilta.com\/de\/wp-json\/wp\/v2\/media\/1968601"}],"wp:attachment":[{"href":"https:\/\/eu.tilta.com\/de\/wp-json\/wp\/v2\/media?parent=1973447"}],"wp:term":[{"taxonomy":"product_cat","embeddable":true,"href":"https:\/\/eu.tilta.com\/de\/wp-json\/wp\/v2\/product_cat?post=1973447"},{"taxonomy":"product_tag","embeddable":true,"href":"https:\/\/eu.tilta.com\/de\/wp-json\/wp\/v2\/product_tag?post=1973447"}],"curies":[{"name":"wp","href":"https:\/\/api.w.org\/{rel}","templated":true}]}}