{"id":1973451,"date":"2022-09-19T11:40:25","date_gmt":"2022-09-19T09:40:25","guid":{"rendered":"https:\/\/de.tilta.com\/shop\/full-camera-cage-for-fujifilm-x-h2s-black\/"},"modified":"2025-12-05T12:11:36","modified_gmt":"2025-12-05T11:11:36","slug":"full-camera-cage-for-fujifilm-x-h2s-black","status":"publish","type":"product","link":"https:\/\/eu.tilta.com\/de\/shop\/full-camera-cage-for-fujifilm-x-h2s-black\/","title":{"rendered":"Vollst\u00e4ndiger Kamerak\u00e4fig f\u00fcr Fujifilm X-H2S &#8211; Schwarz"},"content":{"rendered":"<p>Erweitern Sie die Funktionalit\u00e4t Ihrer Fujifilm X-H2  X-H2S und erweitern Sie gleichzeitig Ihre M\u00f6glichkeiten zur Befestigung von diversem Zubeh\u00f6r mit unserem Vollst\u00e4ndiger Kamerak\u00e4fig!<\/p>\n<p>Der K\u00e4fig bietet Schutz f\u00fcr Ihr Kamerageh\u00e4use und verf\u00fcgt \u00fcber Befestigungspunkte wie 1\/4&#8243;-20 Gewinde, einen Rosettenanschluss und einen Cold Shoe-Empf\u00e4nger.<\/p>\n<p>Sie finden auch zwei NATO-Schienenanschl\u00fcsse, die mit unseren optionalen Type IV\/VI <a href=\"https:\/\/de.tilta.com\/de\/product-category\/handles-de\/seitliche-griffe\/\">Side Handles<\/a> oder <a href=\"https:\/\/de.tilta.com\/de\/shop\/tiltaing-compact-nato-top-handle-black\/\">Compact NATO Top Handle<\/a> kompatibel sind.<\/p>\n<p>Der K\u00e4fig verf\u00fcgt \u00fcber mehrere Befestigungspunkte f\u00fcr die optionalen <a href=\"https:\/\/de.tilta.com\/de\/product-category\/accessories-de\/ruten-rutenhalter\/\">15-mm-Einzelstabhalter<\/a>, die eine gro\u00dfartige, leichte L\u00f6sung f\u00fcr die Befestigung von Follow-Focus-Motoren \u00fcber einen 15-mm-Stab darstellen.<\/p>\n<p>Der Boden des K\u00e4figs erm\u00f6glicht den Zugriff auf das Batteriefach und enth\u00e4lt einen Schlitz f\u00fcr den mitgelieferten magnetischen Schraubendreher.<\/p>\n<p>Die Bodenplatte verwendet einen Arca-Swiss-Standard und kann nativ mit unserer Typ VI 15mm LWS Baseplate und der DJI RS3 Pro \/ RS3 \/ RS2 verbunden werden.<\/p>\n<p>Bitte beachten Sie, dass die H\u00f6he vom Sensor bis zu den Stangen nicht dem LWS-Standard entspricht, wenn Sie diese Grundplatte verwenden. Wir empfehlen die Typ IV Grundplatte zur Unterst\u00fctzung des LWS-Standards.<\/p>\n<p>Die Unterseite des K\u00e4figs wird mit einer 1\/4&#8243;-20 Schraube an Ihrem Kamerageh\u00e4use befestigt und verf\u00fcgt \u00fcber einen zus\u00e4tzlichen Kontaktpunkt, der verhindert, dass sich die Kamera innerhalb des K\u00e4figs bewegt.<\/p>\n","protected":false},"excerpt":{"rendered":"<p>Erweitern Sie die Funktionalit\u00e4t Ihrer Fujifilm X-H2 X-H2S und erweitern Sie gleichzeitig Ihre M\u00f6glichkeiten zur Befestigung von diversem Zubeh\u00f6r mit unserem Vollst\u00e4ndiger Kamerak\u00e4fig! Der K\u00e4fig bietet Schutz f\u00fcr Ihr Kamerageh\u00e4use und verf\u00fcgt \u00fcber Befestigungspunkte wie 1\/4&#8243;-20 Gewinde, einen Rosettenanschluss und [&hellip;]<\/p>\n","protected":false},"featured_media":1968363,"comment_status":"closed","ping_status":"closed","template":"","meta":[],"product_cat":[1096],"product_tag":[],"acf":[],"gallery_images":[1928749,1928750,1929119,1929120,1929121],"_links":{"self":[{"href":"https:\/\/eu.tilta.com\/de\/wp-json\/wp\/v2\/product\/1973451"}],"collection":[{"href":"https:\/\/eu.tilta.com\/de\/wp-json\/wp\/v2\/product"}],"about":[{"href":"https:\/\/eu.tilta.com\/de\/wp-json\/wp\/v2\/types\/product"}],"replies":[{"embeddable":true,"href":"https:\/\/eu.tilta.com\/de\/wp-json\/wp\/v2\/comments?post=1973451"}],"wp:featuredmedia":[{"embeddable":true,"href":"https:\/\/eu.tilta.com\/de\/wp-json\/wp\/v2\/media\/1968363"}],"wp:attachment":[{"href":"https:\/\/eu.tilta.com\/de\/wp-json\/wp\/v2\/media?parent=1973451"}],"wp:term":[{"taxonomy":"product_cat","embeddable":true,"href":"https:\/\/eu.tilta.com\/de\/wp-json\/wp\/v2\/product_cat?post=1973451"},{"taxonomy":"product_tag","embeddable":true,"href":"https:\/\/eu.tilta.com\/de\/wp-json\/wp\/v2\/product_tag?post=1973451"}],"curies":[{"name":"wp","href":"https:\/\/api.w.org\/{rel}","templated":true}]}}