{"id":1973452,"date":"2022-09-23T18:52:38","date_gmt":"2022-09-23T16:52:38","guid":{"rendered":"https:\/\/de.tilta.com\/shop\/12v-usb-c-auf-3-5-1-35mm-dc-stecker-stromkabel-40cm\/"},"modified":"2025-12-05T12:12:10","modified_gmt":"2025-12-05T11:12:10","slug":"12v-usb-c-to-3-5-1-35mm-dc-male-power-cable-40cm","status":"publish","type":"product","link":"https:\/\/eu.tilta.com\/de\/shop\/12v-usb-c-to-3-5-1-35mm-dc-male-power-cable-40cm\/","title":{"rendered":"12V USB-C auf 3.5\/1.35mm DC Stecker Stromkabel (40cm)"},"content":{"rendered":"<p>Mit diesem Stromkabel k\u00f6nnen Sie den 12V 3,5\/1,35mm Micro DC Anschluss Ihres Advanced Side Handle mit dem USB-C Anschluss des DJI Lidar Systems verbinden.<\/p>\n<p>So k\u00f6nnen Sie das Lidar mit Strom versorgen, ohne einen Ronin Gimbal zu verwenden.<\/p>\n<p>Damit k\u00f6nnen Sie auch anderes Zubeh\u00f6r \u00fcber eine USB-C-Verbindung mit h\u00f6herer Spannung mit Strom versorgen.<\/p>\n","protected":false},"excerpt":{"rendered":"<p>Mit diesem Stromkabel k\u00f6nnen Sie den 12V 3,5\/1,35mm Micro DC Anschluss Ihres Advanced Side Handle mit dem USB-C Anschluss des DJI Lidar Systems verbinden. So k\u00f6nnen Sie das Lidar mit Strom versorgen, ohne einen Ronin Gimbal zu verwenden. Damit k\u00f6nnen [&hellip;]<\/p>\n","protected":false},"featured_media":1968458,"comment_status":"closed","ping_status":"closed","template":"","meta":[],"product_cat":[1240],"product_tag":[],"acf":[],"gallery_images":[],"_links":{"self":[{"href":"https:\/\/eu.tilta.com\/de\/wp-json\/wp\/v2\/product\/1973452"}],"collection":[{"href":"https:\/\/eu.tilta.com\/de\/wp-json\/wp\/v2\/product"}],"about":[{"href":"https:\/\/eu.tilta.com\/de\/wp-json\/wp\/v2\/types\/product"}],"replies":[{"embeddable":true,"href":"https:\/\/eu.tilta.com\/de\/wp-json\/wp\/v2\/comments?post=1973452"}],"wp:featuredmedia":[{"embeddable":true,"href":"https:\/\/eu.tilta.com\/de\/wp-json\/wp\/v2\/media\/1968458"}],"wp:attachment":[{"href":"https:\/\/eu.tilta.com\/de\/wp-json\/wp\/v2\/media?parent=1973452"}],"wp:term":[{"taxonomy":"product_cat","embeddable":true,"href":"https:\/\/eu.tilta.com\/de\/wp-json\/wp\/v2\/product_cat?post=1973452"},{"taxonomy":"product_tag","embeddable":true,"href":"https:\/\/eu.tilta.com\/de\/wp-json\/wp\/v2\/product_tag?post=1973452"}],"curies":[{"name":"wp","href":"https:\/\/api.w.org\/{rel}","templated":true}]}}