{"id":1973453,"date":"2022-09-22T08:55:12","date_gmt":"2022-09-22T06:55:12","guid":{"rendered":"https:\/\/de.tilta.com\/shop\/power-supply-module-for-dji-transmission\/"},"modified":"2026-03-26T15:53:09","modified_gmt":"2026-03-26T14:53:09","slug":"power-supply-module-for-dji-video-transmitter","status":"publish","type":"product","link":"https:\/\/eu.tilta.com\/de\/shop\/power-supply-module-for-dji-video-transmitter\/","title":{"rendered":"Stromversorgungsmodul f\u00fcr DJI Getriebe"},"content":{"rendered":"<p>Dieses Stromversorgungsmodul ist die perfekte Montage- und Stromversorgungsl\u00f6sung f\u00fcr den DJI Video-Sender oder -Empf\u00e4nger.<\/p>\n<p>Die vordere und hintere Platte des Moduls kann auf beiden Seiten der Video\u00fcbertragungseinheiten installiert werden.<\/p>\n<p>An der Vorderseite des Moduls k\u00f6nnen Sie Ihren DJI-Videosender oder -empf\u00e4nger an einer Gold\/V-Mount-Akkuplatte an Ihrem Kamerasystem befestigen.<\/p>\n<p>Auf der R\u00fcckseite k\u00f6nnen Sie dann einen Gold- oder V-Mount-Akku anbringen, der sowohl Strom liefert als auch Strom durch das Modul an das Kamerageh\u00e4use oder den drahtlosen Monitor weiterleitet.<\/p>\n<p>Dies ist eine fantastische Option f\u00fcr alle, die nach einer sauberen und bequemen M\u00f6glichkeit suchen, das DJI-\u00dcbertragungssystem zu montieren und mit Strom zu versorgen.<\/p>\n<p><strong>HINWEIS: Diese Platte kann nur in einer Konfiguration am Sender angebracht werden, bei der sich die SDI-Anschl\u00fcsse auf der Seite des Bedieners und der LCD-Bildschirm\/Bedienknopf auf der Seite des Assistenten befinden.  <\/strong><\/p>\n","protected":false},"excerpt":{"rendered":"<p>Dieses Stromversorgungsmodul ist die perfekte Montage- und Stromversorgungsl\u00f6sung f\u00fcr den DJI Video-Sender oder -Empf\u00e4nger. Die vordere und hintere Platte des Moduls kann auf beiden Seiten der Video\u00fcbertragungseinheiten installiert werden. An der Vorderseite des Moduls k\u00f6nnen Sie Ihren DJI-Videosender oder -empf\u00e4nger [&hellip;]<\/p>\n","protected":false},"featured_media":1968431,"comment_status":"closed","ping_status":"closed","template":"","meta":[],"product_cat":[1047,1220],"product_tag":[],"acf":[],"gallery_images":[1968418,1968542,1968543,1968420,1968421],"_links":{"self":[{"href":"https:\/\/eu.tilta.com\/de\/wp-json\/wp\/v2\/product\/1973453"}],"collection":[{"href":"https:\/\/eu.tilta.com\/de\/wp-json\/wp\/v2\/product"}],"about":[{"href":"https:\/\/eu.tilta.com\/de\/wp-json\/wp\/v2\/types\/product"}],"replies":[{"embeddable":true,"href":"https:\/\/eu.tilta.com\/de\/wp-json\/wp\/v2\/comments?post=1973453"}],"wp:featuredmedia":[{"embeddable":true,"href":"https:\/\/eu.tilta.com\/de\/wp-json\/wp\/v2\/media\/1968431"}],"wp:attachment":[{"href":"https:\/\/eu.tilta.com\/de\/wp-json\/wp\/v2\/media?parent=1973453"}],"wp:term":[{"taxonomy":"product_cat","embeddable":true,"href":"https:\/\/eu.tilta.com\/de\/wp-json\/wp\/v2\/product_cat?post=1973453"},{"taxonomy":"product_tag","embeddable":true,"href":"https:\/\/eu.tilta.com\/de\/wp-json\/wp\/v2\/product_tag?post=1973453"}],"curies":[{"name":"wp","href":"https:\/\/api.w.org\/{rel}","templated":true}]}}