{"id":1973459,"date":"2022-09-23T08:55:48","date_gmt":"2022-09-23T06:55:48","guid":{"rendered":"https:\/\/de.tilta.com\/shop\/tilta-mini-articulating-arm\/"},"modified":"2026-03-20T04:17:45","modified_gmt":"2026-03-20T03:17:45","slug":"tiltaing-mini-articulating-arm","status":"publish","type":"product","link":"https:\/\/eu.tilta.com\/de\/shop\/tiltaing-mini-articulating-arm\/","title":{"rendered":"Tilta Mini Articulating Arm"},"content":{"rendered":"<p>Dieser Mini-Gelenkarm ist die perfekte Option, um verschiedenes Zubeh\u00f6r an Ihrem Kamera-Rig zu befestigen.<\/p>\n<p>Dieser verstellbare Arm verf\u00fcgt \u00fcber \u00bc&#8221;-20 Befestigungspunkte mit Fixierstiften an beiden Enden.<\/p>\n<p>Damit k\u00f6nnen Sie externe Monitore, elektronische Sucher, Kameraleuchten oder Mikrofone und anderes zus\u00e4tzliches Zubeh\u00f6r befestigen und deren Position anpassen.<\/p>\n","protected":false},"excerpt":{"rendered":"<p>Dieser Mini-Gelenkarm ist die perfekte Option, um verschiedenes Zubeh\u00f6r an Ihrem Kamera-Rig zu befestigen. Dieser verstellbare Arm verf\u00fcgt \u00fcber \u00bc&#8221;-20 Befestigungspunkte mit Fixierstiften an beiden Enden. Damit k\u00f6nnen Sie externe Monitore, elektronische Sucher, Kameraleuchten oder Mikrofone und anderes zus\u00e4tzliches Zubeh\u00f6r [&hellip;]<\/p>\n","protected":false},"featured_media":1968503,"comment_status":"closed","ping_status":"closed","template":"","meta":[],"product_cat":[3897,3255,3095,1434,1078,1073,1079,1080,1081,1082,1083,1084,1085,1086,1087,1088,1089,1090,1091,1092,1093,1280,1259,1279,1094,1095,1096,1097,1098,1099,1273,1100,1101,1102,1103,1104,1105,1106,1107,1108,1109,1110,1111,1112,1113,3155,1114,1115,1116,1117,1118,1119,1120,1122,1123,1124,1125,1126,1071,1127,1128,1129,1130,1131,1132,1133,1134,1135,1136,1137,1220,1239,1211,1247],"product_tag":[],"acf":[],"gallery_images":[1968467,1971236,1971235,1971237,1968504,1968505,1968506],"_links":{"self":[{"href":"https:\/\/eu.tilta.com\/de\/wp-json\/wp\/v2\/product\/1973459"}],"collection":[{"href":"https:\/\/eu.tilta.com\/de\/wp-json\/wp\/v2\/product"}],"about":[{"href":"https:\/\/eu.tilta.com\/de\/wp-json\/wp\/v2\/types\/product"}],"replies":[{"embeddable":true,"href":"https:\/\/eu.tilta.com\/de\/wp-json\/wp\/v2\/comments?post=1973459"}],"wp:featuredmedia":[{"embeddable":true,"href":"https:\/\/eu.tilta.com\/de\/wp-json\/wp\/v2\/media\/1968503"}],"wp:attachment":[{"href":"https:\/\/eu.tilta.com\/de\/wp-json\/wp\/v2\/media?parent=1973459"}],"wp:term":[{"taxonomy":"product_cat","embeddable":true,"href":"https:\/\/eu.tilta.com\/de\/wp-json\/wp\/v2\/product_cat?post=1973459"},{"taxonomy":"product_tag","embeddable":true,"href":"https:\/\/eu.tilta.com\/de\/wp-json\/wp\/v2\/product_tag?post=1973459"}],"curies":[{"name":"wp","href":"https:\/\/api.w.org\/{rel}","templated":true}]}}