{"id":1973460,"date":"2022-09-22T08:52:37","date_gmt":"2022-09-22T06:52:37","guid":{"rendered":"https:\/\/de.tilta.com\/shop\/battery-plate-for-dji-high-bright-remote-monitor\/"},"modified":"2026-03-26T15:53:10","modified_gmt":"2026-03-26T14:53:10","slug":"battery-plate-for-dji-high-bright-remote-monitor","status":"publish","type":"product","link":"https:\/\/eu.tilta.com\/de\/shop\/battery-plate-for-dji-high-bright-remote-monitor\/","title":{"rendered":"Akkuplatte f\u00fcr DJI High-Bright Remote Monitor"},"content":{"rendered":"<p>Mit dieser Batterieplatte k\u00f6nnen Sie Ihren High Bright Remote Monitor \u00fcber Gold Mount oder V-Mount Batterien mit h\u00f6herer Kapazit\u00e4t betreiben.<\/p>\n<p>Dies ist die perfekte L\u00f6sung, um Ihren Monitor \u00fcber einen l\u00e4ngeren Zeitraum mit Strom zu versorgen, insbesondere wenn das zus\u00e4tzliche Gewicht eines gr\u00f6\u00dferen Akkus keine Rolle spielt.<\/p>\n","protected":false},"excerpt":{"rendered":"<p>Mit dieser Batterieplatte k\u00f6nnen Sie Ihren High Bright Remote Monitor \u00fcber Gold Mount oder V-Mount Batterien mit h\u00f6herer Kapazit\u00e4t betreiben. Dies ist die perfekte L\u00f6sung, um Ihren Monitor \u00fcber einen l\u00e4ngeren Zeitraum mit Strom zu versorgen, insbesondere wenn das zus\u00e4tzliche [&hellip;]<\/p>\n","protected":false},"featured_media":1968409,"comment_status":"closed","ping_status":"closed","template":"","meta":[],"product_cat":[1220],"product_tag":[],"acf":[],"gallery_images":[1968428,1968407,1968411,1968510],"_links":{"self":[{"href":"https:\/\/eu.tilta.com\/de\/wp-json\/wp\/v2\/product\/1973460"}],"collection":[{"href":"https:\/\/eu.tilta.com\/de\/wp-json\/wp\/v2\/product"}],"about":[{"href":"https:\/\/eu.tilta.com\/de\/wp-json\/wp\/v2\/types\/product"}],"replies":[{"embeddable":true,"href":"https:\/\/eu.tilta.com\/de\/wp-json\/wp\/v2\/comments?post=1973460"}],"wp:featuredmedia":[{"embeddable":true,"href":"https:\/\/eu.tilta.com\/de\/wp-json\/wp\/v2\/media\/1968409"}],"wp:attachment":[{"href":"https:\/\/eu.tilta.com\/de\/wp-json\/wp\/v2\/media?parent=1973460"}],"wp:term":[{"taxonomy":"product_cat","embeddable":true,"href":"https:\/\/eu.tilta.com\/de\/wp-json\/wp\/v2\/product_cat?post=1973460"},{"taxonomy":"product_tag","embeddable":true,"href":"https:\/\/eu.tilta.com\/de\/wp-json\/wp\/v2\/product_tag?post=1973460"}],"curies":[{"name":"wp","href":"https:\/\/api.w.org\/{rel}","templated":true}]}}