{"id":1973463,"date":"2022-09-22T08:39:46","date_gmt":"2022-09-22T06:39:46","guid":{"rendered":"https:\/\/de.tilta.com\/shop\/tilta-advanced-side-holzgriff-typ-ix-schwarz-ein-paar\/"},"modified":"2025-12-05T12:11:56","modified_gmt":"2025-12-05T11:11:56","slug":"tiltaing-advanced-side-wooden-handle-type-ix-black-one-pair","status":"publish","type":"product","link":"https:\/\/eu.tilta.com\/de\/shop\/tiltaing-advanced-side-wooden-handle-type-ix-black-one-pair\/","title":{"rendered":"Tilta Advanced Side Holzgriff Typ IX &#8211; Schwarz (ein Paar)"},"content":{"rendered":"<p>Diese Holzgriffe haben ein ergonomisches Design, um maximalen Komfort bei der Bedienung einer Kamera jeder Gr\u00f6\u00dfe zu bieten.<\/p>\n<p>Sie k\u00f6nnen direkt an Ihrem Ronin 4D Kamerageh\u00e4use oder an den Seiten des DJI High Bright Remote Monitors befestigt werden.<\/p>\n<p>Das macht sie zur perfekten Option f\u00fcr die bequeme Handhabung Ihrer Kamera oder Ihres Monitors, wenn keine elektronische Steuerung erforderlich ist.<\/p>\n<p>Mit einer Entriegelungstaste an der Seite der Halterung k\u00f6nnen Sie den Winkel der Griffe leicht verstellen, um die perfekte Arbeitsposition zu finden und die Position f\u00fcr verschiedene Aufnahmen schnell zu \u00e4ndern.<\/p>\n<p>Diese Griffe sind aus schwarzem Walnussholz geschnitzt und mit einer CNC-gefr\u00e4sten, hochwertigen Aluminiumlegierung versehen.<\/p>\n","protected":false},"excerpt":{"rendered":"<p>Diese Holzgriffe haben ein ergonomisches Design, um maximalen Komfort bei der Bedienung einer Kamera jeder Gr\u00f6\u00dfe zu bieten. Sie k\u00f6nnen direkt an Ihrem Ronin 4D Kamerageh\u00e4use oder an den Seiten des DJI High Bright Remote Monitors befestigt werden. Das macht [&hellip;]<\/p>\n","protected":false},"featured_media":1968447,"comment_status":"closed","ping_status":"closed","template":"","meta":[],"product_cat":[1220],"product_tag":[],"acf":[],"gallery_images":[1968448,1968475,1968476,1968477,1968478,1968508],"_links":{"self":[{"href":"https:\/\/eu.tilta.com\/de\/wp-json\/wp\/v2\/product\/1973463"}],"collection":[{"href":"https:\/\/eu.tilta.com\/de\/wp-json\/wp\/v2\/product"}],"about":[{"href":"https:\/\/eu.tilta.com\/de\/wp-json\/wp\/v2\/types\/product"}],"replies":[{"embeddable":true,"href":"https:\/\/eu.tilta.com\/de\/wp-json\/wp\/v2\/comments?post=1973463"}],"wp:featuredmedia":[{"embeddable":true,"href":"https:\/\/eu.tilta.com\/de\/wp-json\/wp\/v2\/media\/1968447"}],"wp:attachment":[{"href":"https:\/\/eu.tilta.com\/de\/wp-json\/wp\/v2\/media?parent=1973463"}],"wp:term":[{"taxonomy":"product_cat","embeddable":true,"href":"https:\/\/eu.tilta.com\/de\/wp-json\/wp\/v2\/product_cat?post=1973463"},{"taxonomy":"product_tag","embeddable":true,"href":"https:\/\/eu.tilta.com\/de\/wp-json\/wp\/v2\/product_tag?post=1973463"}],"curies":[{"name":"wp","href":"https:\/\/api.w.org\/{rel}","templated":true}]}}