{"id":1973464,"date":"2022-09-22T12:37:01","date_gmt":"2022-09-22T10:37:01","guid":{"rendered":"https:\/\/de.tilta.com\/shop\/usb-c-kabelklemme-fuer-fujifilm-x-h2s-schwarz\/"},"modified":"2025-12-05T12:11:56","modified_gmt":"2025-12-05T11:11:56","slug":"usb-c-cable-clamp-attachment-for-fujifilm-x-h2s-black","status":"publish","type":"product","link":"https:\/\/eu.tilta.com\/de\/shop\/usb-c-cable-clamp-attachment-for-fujifilm-x-h2s-black\/","title":{"rendered":"USB-C Kabelklemme f\u00fcr Fujifilm X-H2S &#8211; Schwarz"},"content":{"rendered":"<p>Diese USB-C-Kabelklemme wird an unserem Fujifilm X-H2S Full Camera Cage befestigt und erm\u00f6glicht es Ihnen, ein USB-C-Kabel sicher an Ihrem Kamerak\u00e4fig zu befestigen.<\/p>\n<p>Dies schafft einen ergonomischeren Weg f\u00fcr das USB-C-Kabel und erm\u00f6glicht es Benutzern, den Anschluss am Kamerageh\u00e4use zu sch\u00fctzen.<\/p>\n","protected":false},"excerpt":{"rendered":"<p>Diese USB-C-Kabelklemme wird an unserem Fujifilm X-H2S Full Camera Cage befestigt und erm\u00f6glicht es Ihnen, ein USB-C-Kabel sicher an Ihrem Kamerak\u00e4fig zu befestigen. Dies schafft einen ergonomischeren Weg f\u00fcr das USB-C-Kabel und erm\u00f6glicht es Benutzern, den Anschluss am Kamerageh\u00e4use zu [&hellip;]<\/p>\n","protected":false},"featured_media":1968426,"comment_status":"closed","ping_status":"closed","template":"","meta":[],"product_cat":[1096],"product_tag":[],"acf":[],"gallery_images":[1968427],"_links":{"self":[{"href":"https:\/\/eu.tilta.com\/de\/wp-json\/wp\/v2\/product\/1973464"}],"collection":[{"href":"https:\/\/eu.tilta.com\/de\/wp-json\/wp\/v2\/product"}],"about":[{"href":"https:\/\/eu.tilta.com\/de\/wp-json\/wp\/v2\/types\/product"}],"replies":[{"embeddable":true,"href":"https:\/\/eu.tilta.com\/de\/wp-json\/wp\/v2\/comments?post=1973464"}],"wp:featuredmedia":[{"embeddable":true,"href":"https:\/\/eu.tilta.com\/de\/wp-json\/wp\/v2\/media\/1968426"}],"wp:attachment":[{"href":"https:\/\/eu.tilta.com\/de\/wp-json\/wp\/v2\/media?parent=1973464"}],"wp:term":[{"taxonomy":"product_cat","embeddable":true,"href":"https:\/\/eu.tilta.com\/de\/wp-json\/wp\/v2\/product_cat?post=1973464"},{"taxonomy":"product_tag","embeddable":true,"href":"https:\/\/eu.tilta.com\/de\/wp-json\/wp\/v2\/product_tag?post=1973464"}],"curies":[{"name":"wp","href":"https:\/\/api.w.org\/{rel}","templated":true}]}}