{"id":1973465,"date":"2022-09-22T08:35:03","date_gmt":"2022-09-22T06:35:03","guid":{"rendered":"https:\/\/de.tilta.com\/shop\/support-handles-for-dji-remote-monitor\/"},"modified":"2026-04-07T18:40:46","modified_gmt":"2026-04-07T16:40:46","slug":"support-handles-for-dji-remote-monitor","status":"publish","type":"product","link":"https:\/\/eu.tilta.com\/de\/shop\/support-handles-for-dji-remote-monitor\/","title":{"rendered":"Support Handles for DJI Remote Monitor"},"content":{"rendered":"<p>Diese Haltegriffe f\u00fcr den DJI High Bright Remote Monitor werden mit \u00bc&#8221;-20 Schrauben an der Seite des Monitorgeh\u00e4uses befestigt.<\/p>\n<p>Sie bieten eine bequeme und komfortable M\u00f6glichkeit, den Monitor beim Betrachten zu halten.<\/p>\n<p>Der eingebaute Standfu\u00df kann ausgefahren werden, so dass Sie den Monitor auf einer flachen Oberfl\u00e4che abstellen k\u00f6nnen, um eine alternative Betrachtungsm\u00f6glichkeit zu haben.<\/p>\n<p>Diese Griffe k\u00f6nnen auch einen zus\u00e4tzlichen Schutz f\u00fcr den Bildschirm bieten, da sie mehr Abstand zwischen dem Bildschirm und dem K\u00e4fig schaffen, falls der Monitor mit dem Gesicht nach unten f\u00e4llt.<\/p>\n","protected":false},"excerpt":{"rendered":"<p>Diese Haltegriffe f\u00fcr den DJI High Bright Remote Monitor werden mit \u00bc&#8221;-20 Schrauben an der Seite des Monitorgeh\u00e4uses befestigt. Sie bieten eine bequeme und komfortable M\u00f6glichkeit, den Monitor beim Betrachten zu halten. Der eingebaute Standfu\u00df kann ausgefahren werden, so dass [&hellip;]<\/p>\n","protected":false},"featured_media":1968484,"comment_status":"closed","ping_status":"closed","template":"","meta":[],"product_cat":[1220],"product_tag":[],"acf":[],"gallery_images":[1968483,1968480,1968482,1968507,1968481],"_links":{"self":[{"href":"https:\/\/eu.tilta.com\/de\/wp-json\/wp\/v2\/product\/1973465"}],"collection":[{"href":"https:\/\/eu.tilta.com\/de\/wp-json\/wp\/v2\/product"}],"about":[{"href":"https:\/\/eu.tilta.com\/de\/wp-json\/wp\/v2\/types\/product"}],"replies":[{"embeddable":true,"href":"https:\/\/eu.tilta.com\/de\/wp-json\/wp\/v2\/comments?post=1973465"}],"wp:featuredmedia":[{"embeddable":true,"href":"https:\/\/eu.tilta.com\/de\/wp-json\/wp\/v2\/media\/1968484"}],"wp:attachment":[{"href":"https:\/\/eu.tilta.com\/de\/wp-json\/wp\/v2\/media?parent=1973465"}],"wp:term":[{"taxonomy":"product_cat","embeddable":true,"href":"https:\/\/eu.tilta.com\/de\/wp-json\/wp\/v2\/product_cat?post=1973465"},{"taxonomy":"product_tag","embeddable":true,"href":"https:\/\/eu.tilta.com\/de\/wp-json\/wp\/v2\/product_tag?post=1973465"}],"curies":[{"name":"wp","href":"https:\/\/api.w.org\/{rel}","templated":true}]}}