{"id":1973466,"date":"2022-09-22T12:30:45","date_gmt":"2022-09-22T10:30:45","guid":{"rendered":"https:\/\/de.tilta.com\/shop\/objektivadapterhalterung-fuer-fujifilm-x-h2s-schwarz\/"},"modified":"2025-12-05T12:11:57","modified_gmt":"2025-12-05T11:11:57","slug":"lens-adapter-support-for-fujifilm-x-h2s-black","status":"publish","type":"product","link":"https:\/\/eu.tilta.com\/de\/shop\/lens-adapter-support-for-fujifilm-x-h2s-black\/","title":{"rendered":"Objektivadapterhalterung f\u00fcr Fujifilm X-H2S &#8211; Schwarz"},"content":{"rendered":"<p>Diese Objektivadapterhalterung wird an der Vorderseite unseres Fujifilm X-H2S Full Camera Cage befestigt und bietet zus\u00e4tzliche Unterst\u00fctzung f\u00fcr die VILTROX EF &#8211; FX1 und NF &#8211; FX1 Objektivadapter.<\/p>\n<p>Dadurch entsteht ein zus\u00e4tzlicher Kontaktpunkt zwischen Ihrem K\u00e4fig und dem Objektivadapter, was zu einer sichereren Verbindung beitr\u00e4gt und Bildverschiebungen, die beim Einstellen der Sch\u00e4rfe entstehen k\u00f6nnen, begrenzt.<\/p>\n<p>&nbsp;<\/p>\n","protected":false},"excerpt":{"rendered":"<p>Diese Objektivadapterhalterung wird an der Vorderseite unseres Fujifilm X-H2S Full Camera Cage befestigt und bietet zus\u00e4tzliche Unterst\u00fctzung f\u00fcr die VILTROX EF &#8211; FX1 und NF &#8211; FX1 Objektivadapter. Dadurch entsteht ein zus\u00e4tzlicher Kontaktpunkt zwischen Ihrem K\u00e4fig und dem Objektivadapter, was [&hellip;]<\/p>\n","protected":false},"featured_media":1968424,"comment_status":"closed","ping_status":"closed","template":"","meta":[],"product_cat":[1096],"product_tag":[],"acf":[],"gallery_images":[1928969],"_links":{"self":[{"href":"https:\/\/eu.tilta.com\/de\/wp-json\/wp\/v2\/product\/1973466"}],"collection":[{"href":"https:\/\/eu.tilta.com\/de\/wp-json\/wp\/v2\/product"}],"about":[{"href":"https:\/\/eu.tilta.com\/de\/wp-json\/wp\/v2\/types\/product"}],"replies":[{"embeddable":true,"href":"https:\/\/eu.tilta.com\/de\/wp-json\/wp\/v2\/comments?post=1973466"}],"wp:featuredmedia":[{"embeddable":true,"href":"https:\/\/eu.tilta.com\/de\/wp-json\/wp\/v2\/media\/1968424"}],"wp:attachment":[{"href":"https:\/\/eu.tilta.com\/de\/wp-json\/wp\/v2\/media?parent=1973466"}],"wp:term":[{"taxonomy":"product_cat","embeddable":true,"href":"https:\/\/eu.tilta.com\/de\/wp-json\/wp\/v2\/product_cat?post=1973466"},{"taxonomy":"product_tag","embeddable":true,"href":"https:\/\/eu.tilta.com\/de\/wp-json\/wp\/v2\/product_tag?post=1973466"}],"curies":[{"name":"wp","href":"https:\/\/api.w.org\/{rel}","templated":true}]}}