{"id":1973467,"date":"2022-09-22T12:24:44","date_gmt":"2022-09-22T10:24:44","guid":{"rendered":"https:\/\/de.tilta.com\/shop\/manfrotto-schnellwechselplatte-fuer-fujifilm-x-h2s-schwarz\/"},"modified":"2025-12-05T12:11:58","modified_gmt":"2025-12-05T11:11:58","slug":"manfrotto-quick-release-plate-for-fujifilm-x-h2s-black","status":"publish","type":"product","link":"https:\/\/eu.tilta.com\/de\/shop\/manfrotto-quick-release-plate-for-fujifilm-x-h2s-black\/","title":{"rendered":"Manfrotto Schnellwechselplatte f\u00fcr Fujifilm X-H2S &#8211; Schwarz"},"content":{"rendered":"<p>Diese Manfrotto Schnellwechselplatte wird an der Basis unseres Fujifilm X-H2S Kamerak\u00e4figs befestigt und erm\u00f6glicht es Benutzern, ihre Kameras schnell an kompatible Manfrotto Halterungssysteme anzuschlie\u00dfen.<\/p>\n<p>Mit dieser Platte k\u00f6nnen Sie nahtlos zwischen Stativen, Gimbals und anderen Halterungssystemen mit Manfrotto 577, 500 und 701 Empf\u00e4ngern wechseln.<\/p>\n<p>Diese Schnellwechselplatte ist nicht mit unseren 15mm LWS-Basisplatten kompatibel.<\/p>\n","protected":false},"excerpt":{"rendered":"<p>Diese Manfrotto Schnellwechselplatte wird an der Basis unseres Fujifilm X-H2S Kamerak\u00e4figs befestigt und erm\u00f6glicht es Benutzern, ihre Kameras schnell an kompatible Manfrotto Halterungssysteme anzuschlie\u00dfen. Mit dieser Platte k\u00f6nnen Sie nahtlos zwischen Stativen, Gimbals und anderen Halterungssystemen mit Manfrotto 577, 500 [&hellip;]<\/p>\n","protected":false},"featured_media":1968422,"comment_status":"closed","ping_status":"closed","template":"","meta":[],"product_cat":[1096],"product_tag":[],"acf":[],"gallery_images":[1928964],"_links":{"self":[{"href":"https:\/\/eu.tilta.com\/de\/wp-json\/wp\/v2\/product\/1973467"}],"collection":[{"href":"https:\/\/eu.tilta.com\/de\/wp-json\/wp\/v2\/product"}],"about":[{"href":"https:\/\/eu.tilta.com\/de\/wp-json\/wp\/v2\/types\/product"}],"replies":[{"embeddable":true,"href":"https:\/\/eu.tilta.com\/de\/wp-json\/wp\/v2\/comments?post=1973467"}],"wp:featuredmedia":[{"embeddable":true,"href":"https:\/\/eu.tilta.com\/de\/wp-json\/wp\/v2\/media\/1968422"}],"wp:attachment":[{"href":"https:\/\/eu.tilta.com\/de\/wp-json\/wp\/v2\/media?parent=1973467"}],"wp:term":[{"taxonomy":"product_cat","embeddable":true,"href":"https:\/\/eu.tilta.com\/de\/wp-json\/wp\/v2\/product_cat?post=1973467"},{"taxonomy":"product_tag","embeddable":true,"href":"https:\/\/eu.tilta.com\/de\/wp-json\/wp\/v2\/product_tag?post=1973467"}],"curies":[{"name":"wp","href":"https:\/\/api.w.org\/{rel}","templated":true}]}}