{"id":1973470,"date":"2022-09-08T09:01:26","date_gmt":"2022-09-08T07:01:26","guid":{"rendered":"https:\/\/de.tilta.com\/shop\/hydra-alien-shock-absorbing-head-mit-soft-spring-modul\/"},"modified":"2025-12-05T12:11:59","modified_gmt":"2025-12-05T11:11:59","slug":"hydra-alien-shock-absorbing-head-with-soft-spring-module","status":"publish","type":"product","link":"https:\/\/eu.tilta.com\/de\/shop\/hydra-alien-shock-absorbing-head-with-soft-spring-module\/","title":{"rendered":"Hydra Alien Shock Absorbing Head mit Soft Spring Modul"},"content":{"rendered":"<p>Das Hydra Alien Auto-Montagesystem wurde von Grund auf als perfekte, leichtgewichtige L\u00f6sung f\u00fcr Filmaufnahmen im Auto entwickelt und dieser neue sto\u00dfd\u00e4mpfende Kopf geht noch einen Schritt weiter.<\/p>\n<p>Dieser aktualisierte sto\u00dfd\u00e4mpfende Kopf verf\u00fcgt \u00fcber ein aktualisiertes weiches Federmodul, das speziell f\u00fcr die Unterst\u00fctzung leichterer Gimbals und Kameras in Unterhang-Konfigurationen entwickelt wurde.<\/p>\n<p>Die weicheren Federn ben\u00f6tigen nicht so viel Gewicht, um die Vibrationen richtig zu absorbieren, was zu stabileren Aufnahmen f\u00fchrt und die M\u00f6glichkeiten f\u00fcr eine leichte Montage des Systems erheblich erweitert.<\/p>\n<p>Wir empfehlen nach wie vor die Verwendung eines zus\u00e4tzlichen Gegengewichts am Shock Absorbing Arm, da dieser bei schwereren Nutzlasten besser funktioniert.<\/p>\n<p><strong>HINWEIS: Dieser sto\u00dfd\u00e4mpfende Kopf wird <span style=\"text-decoration: underline\">NICHT<\/span> f\u00fcr die Verwendung in aufrechten Konfigurationen empfohlen.<\/strong><\/p>\n<p><strong>**Das Federelement des Soft Spring Moduls wird zur Zeit <span style=\"text-decoration: underline\">NICHT<\/span> separat verkauft**.<\/strong><\/p>\n","protected":false},"excerpt":{"rendered":"<p>Das Hydra Alien Auto-Montagesystem wurde von Grund auf als perfekte, leichtgewichtige L\u00f6sung f\u00fcr Filmaufnahmen im Auto entwickelt und dieser neue sto\u00dfd\u00e4mpfende Kopf geht noch einen Schritt weiter. Dieser aktualisierte sto\u00dfd\u00e4mpfende Kopf verf\u00fcgt \u00fcber ein aktualisiertes weiches Federmodul, das speziell f\u00fcr [&hellip;]<\/p>\n","protected":false},"featured_media":1968299,"comment_status":"closed","ping_status":"closed","template":"","meta":[],"product_cat":[1138,1062],"product_tag":[],"acf":[],"gallery_images":[1968300,1968304,1968305,1968301,1968374,1968375,1968376],"_links":{"self":[{"href":"https:\/\/eu.tilta.com\/de\/wp-json\/wp\/v2\/product\/1973470"}],"collection":[{"href":"https:\/\/eu.tilta.com\/de\/wp-json\/wp\/v2\/product"}],"about":[{"href":"https:\/\/eu.tilta.com\/de\/wp-json\/wp\/v2\/types\/product"}],"replies":[{"embeddable":true,"href":"https:\/\/eu.tilta.com\/de\/wp-json\/wp\/v2\/comments?post=1973470"}],"wp:featuredmedia":[{"embeddable":true,"href":"https:\/\/eu.tilta.com\/de\/wp-json\/wp\/v2\/media\/1968299"}],"wp:attachment":[{"href":"https:\/\/eu.tilta.com\/de\/wp-json\/wp\/v2\/media?parent=1973470"}],"wp:term":[{"taxonomy":"product_cat","embeddable":true,"href":"https:\/\/eu.tilta.com\/de\/wp-json\/wp\/v2\/product_cat?post=1973470"},{"taxonomy":"product_tag","embeddable":true,"href":"https:\/\/eu.tilta.com\/de\/wp-json\/wp\/v2\/product_tag?post=1973470"}],"curies":[{"name":"wp","href":"https:\/\/api.w.org\/{rel}","templated":true}]}}