{"id":1973472,"date":"2022-09-01T18:47:21","date_gmt":"2022-09-01T16:47:21","guid":{"rendered":"https:\/\/de.tilta.com\/shop\/tilta-mini-tischstativ\/"},"modified":"2026-02-16T09:00:14","modified_gmt":"2026-02-16T08:00:14","slug":"tiltaing-mini-table-top-tripod","status":"publish","type":"product","link":"https:\/\/eu.tilta.com\/de\/shop\/tiltaing-mini-table-top-tripod\/","title":{"rendered":"Tilta Mini-Tischstativ"},"content":{"rendered":"<p>Das Mini-Tischstativ ist die perfekte leichte L\u00f6sung, um Ihr Kamerageh\u00e4use oder Ihren Gimbal in verschiedenen Konfigurationen zu unterst\u00fctzen.<\/p>\n<p>Die federbelasteten Beine spreizen sich sofort, wenn sie entriegelt werden. So k\u00f6nnen Sie schnell von handgef\u00fchrten Aufnahmen zum sicheren Ablegen der Kamera wechseln.<\/p>\n<p>Die Beine k\u00f6nnen dann wieder hochgeklappt und mit einer Sicherungsscheibe an der Oberseite des Ger\u00e4ts arretiert werden.<\/p>\n<p>Dank des universellen 1\/4&#8243;-20 Anschlusses k\u00f6nnen Sie dieses Stativ mit fast jedem Kamerak\u00e4fig, Kamerageh\u00e4use oder Gimbal-System verbinden.<\/p>\n<p>Dies ist die perfekte L\u00f6sung f\u00fcr das Absetzen des Tilta Float, da das federbelastete Design nicht zul\u00e4sst, dass das Ger\u00e4t aufgrund der Schwerkraft langsam zusammenf\u00e4llt, wenn es unter der Batterieplatte des Float&#8217;s Post montiert wird.<\/p>\n<p>Dieses Ger\u00e4t dient als Alternative zum DJI Stativ\/Extended Grip f\u00fcr Benutzer, die noch keinen Ronin Series Gimbal besitzen oder ein \u00e4hnliches Zubeh\u00f6r mit erweiterter Funktionalit\u00e4t suchen.<\/p>\n","protected":false},"excerpt":{"rendered":"<p>Das Mini-Tischstativ ist die perfekte leichte L\u00f6sung, um Ihr Kamerageh\u00e4use oder Ihren Gimbal in verschiedenen Konfigurationen zu unterst\u00fctzen. Die federbelasteten Beine spreizen sich sofort, wenn sie entriegelt werden. So k\u00f6nnen Sie schnell von handgef\u00fchrten Aufnahmen zum sicheren Ablegen der Kamera [&hellip;]<\/p>\n","protected":false},"featured_media":1968269,"comment_status":"closed","ping_status":"closed","template":"","meta":[],"product_cat":[1049,1050,4448,1139,1219],"product_tag":[],"acf":[],"gallery_images":[1927517,1928681,1927524,1927525,1928676,1928677],"_links":{"self":[{"href":"https:\/\/eu.tilta.com\/de\/wp-json\/wp\/v2\/product\/1973472"}],"collection":[{"href":"https:\/\/eu.tilta.com\/de\/wp-json\/wp\/v2\/product"}],"about":[{"href":"https:\/\/eu.tilta.com\/de\/wp-json\/wp\/v2\/types\/product"}],"replies":[{"embeddable":true,"href":"https:\/\/eu.tilta.com\/de\/wp-json\/wp\/v2\/comments?post=1973472"}],"wp:featuredmedia":[{"embeddable":true,"href":"https:\/\/eu.tilta.com\/de\/wp-json\/wp\/v2\/media\/1968269"}],"wp:attachment":[{"href":"https:\/\/eu.tilta.com\/de\/wp-json\/wp\/v2\/media?parent=1973472"}],"wp:term":[{"taxonomy":"product_cat","embeddable":true,"href":"https:\/\/eu.tilta.com\/de\/wp-json\/wp\/v2\/product_cat?post=1973472"},{"taxonomy":"product_tag","embeddable":true,"href":"https:\/\/eu.tilta.com\/de\/wp-json\/wp\/v2\/product_tag?post=1973472"}],"curies":[{"name":"wp","href":"https:\/\/api.w.org\/{rel}","templated":true}]}}