{"id":1973473,"date":"2022-08-18T09:45:20","date_gmt":"2022-08-18T07:45:20","guid":{"rendered":"https:\/\/de.tilta.com\/shop\/tilta-pocket-follow-focus\/"},"modified":"2026-04-27T15:22:52","modified_gmt":"2026-04-27T13:22:52","slug":"tiltaing-pocket-follow-focus","status":"publish","type":"product","link":"https:\/\/eu.tilta.com\/de\/shop\/tiltaing-pocket-follow-focus\/","title":{"rendered":"Tilta Pocket Follow Focus"},"content":{"rendered":"<p><span style=\"font-weight: 400\">\u00dcbernehmen Sie die kreative Kontrolle \u00fcber Ihre Bilder mit dem Tiltaing Pocket Follow Focus!<\/span><\/p>\n<p><span style=\"font-weight: 400\">Dieses neue System verbessert das Design des Mini Follow Focus und besteht aus einem neuen Verbundwerkstoff, der die Mechanik des Systems erheblich verbessert und gleichzeitig leicht und kompakt ist.  <\/span><\/p>\n<p><span style=\"font-weight: 400\">Dieses auf einer einzigen Stange basierende System wird \u00fcber eine 15-mm-Stange befestigt und ist mit Objektivgetrieben verschiedener Gr\u00f6\u00dfen kompatibel.<\/span><\/p>\n<p><span style=\"font-weight: 400\">Die austauschbaren Zahnr\u00e4der erm\u00f6glichen Ihnen die Verwendung von Objektiven mit unterschiedlich gro\u00dfen Fokussierringen. Das Kit enth\u00e4lt ein Zahnrad mit 0,8 mm Teilung, das mit den meisten Kinoobjektiven oder dem mitgelieferten Fokussierring f\u00fcr Fotoobjektive kompatibel ist.<\/span><\/p>\n<p><span style=\"font-weight: 400\">Weitere Gr\u00f6\u00dfen werden in naher Zukunft verf\u00fcgbar sein.  <\/span><\/p>\n<p><span style=\"font-weight: 400\">Das Ger\u00e4t kann um 360 Grad gedreht werden und verf\u00fcgt \u00fcber ein neues Schnellverschluss-System, mit dem Sie einen begrenzten Bereich einstellen k\u00f6nnen, um den Fokus schnell zwischen zwei bestimmten Entfernungen zu ziehen.  <\/span><span style=\"font-weight: 400\"><br \/>\n<\/span><span style=\"font-weight: 400\"><br \/>\n<\/span><span style=\"font-weight: 400\">Das Verriegelungssystem erm\u00f6glicht es Ihnen dann, die Feststellbremsen zu aktivieren oder zu deaktivieren, ohne dass Sie sie entfernen m\u00fcssen und ihre Position verlieren.  <\/span><\/p>\n<p><span style=\"font-weight: 400\">Das Fokussierrad verf\u00fcgt \u00fcber ein fl\u00fcssiges D\u00e4mpfungssystem, das das Gef\u00fchl des Objektivs selbst nachahmt und die pr\u00e4zise Fokussierung unterst\u00fctzt.<\/span><\/p>\n<p><span style=\"font-weight: 400\">Die magnetischen Markierungsscheiben k\u00f6nnen zur Markierung verschiedener Fokusabst\u00e4nde verwendet werden und lassen sich bei Bedarf einfach austauschen.  <\/span><\/p>\n<p><span style=\"font-weight: 400\">Kompatibel mit Standard-Fokuspeitschen und Kurbeln.<\/span><\/p>\n","protected":false},"excerpt":{"rendered":"<p>\u00dcbernehmen Sie die kreative Kontrolle \u00fcber Ihre Bilder mit dem Tiltaing Pocket Follow Focus! Dieses neue System verbessert das Design des Mini Follow Focus und besteht aus einem neuen Verbundwerkstoff, der die Mechanik des Systems erheblich verbessert und gleichzeitig leicht [&hellip;]<\/p>\n","protected":false},"featured_media":1970648,"comment_status":"closed","ping_status":"closed","template":"","meta":[],"product_cat":[3255,1434,1073,1079,1080,1081,1082,1083,1084,1085,1086,1087,1088,1089,1090,1091,1092,1093,1094,1095,1096,1097,1098,1099,1100,1101,1102,1103,1104,1105,1106,1107,1108,1109,1110,1111,1112,1113,3155,1114,1115,1116,1117,1118,1119,1120,1122,1124,1125,1126,1071,1127,1128,1129,1130,1131,1132,1134,1135,1136,1137,1287],"product_tag":[],"acf":[],"gallery_images":[1970653,1970651,1970652,1971058,1971003,1970650,1968263,1968244,1968245],"_links":{"self":[{"href":"https:\/\/eu.tilta.com\/de\/wp-json\/wp\/v2\/product\/1973473"}],"collection":[{"href":"https:\/\/eu.tilta.com\/de\/wp-json\/wp\/v2\/product"}],"about":[{"href":"https:\/\/eu.tilta.com\/de\/wp-json\/wp\/v2\/types\/product"}],"replies":[{"embeddable":true,"href":"https:\/\/eu.tilta.com\/de\/wp-json\/wp\/v2\/comments?post=1973473"}],"wp:featuredmedia":[{"embeddable":true,"href":"https:\/\/eu.tilta.com\/de\/wp-json\/wp\/v2\/media\/1970648"}],"wp:attachment":[{"href":"https:\/\/eu.tilta.com\/de\/wp-json\/wp\/v2\/media?parent=1973473"}],"wp:term":[{"taxonomy":"product_cat","embeddable":true,"href":"https:\/\/eu.tilta.com\/de\/wp-json\/wp\/v2\/product_cat?post=1973473"},{"taxonomy":"product_tag","embeddable":true,"href":"https:\/\/eu.tilta.com\/de\/wp-json\/wp\/v2\/product_tag?post=1973473"}],"curies":[{"name":"wp","href":"https:\/\/api.w.org\/{rel}","templated":true}]}}