{"id":1973474,"date":"2022-08-11T11:25:30","date_gmt":"2022-08-11T09:25:30","guid":{"rendered":"https:\/\/de.tilta.com\/shop\/lightweight-dual-handle-gimbal-support-system\/"},"modified":"2026-05-08T11:38:34","modified_gmt":"2026-05-08T09:38:34","slug":"lightweight-dual-handle-gimbal-support-system","status":"publish","type":"product","link":"https:\/\/eu.tilta.com\/de\/shop\/lightweight-dual-handle-gimbal-support-system\/","title":{"rendered":"Leichtes Dual Handle Gimbal Support System"},"content":{"rendered":"<p>Das Tilta Lightweight Gimbal Support System wurde speziell entwickelt, um kleinere handgef\u00fchrte Gimbals \u00fcber einen l\u00e4ngeren Zeitraum zu unterst\u00fctzen.<\/p>\n<p>Die Taillenweste verf\u00fcgt \u00fcber einen h\u00f6henverstellbaren Adapter, mit dem Sie die DJI RS2, RSC2, RS3 oder RS3 Pro \u00fcber die Unterseite des Batteriegriffs oder das erweiterte Griffstativ befestigen k\u00f6nnen.<\/p>\n<p>Sie k\u00f6nnen dann die mitgelieferten Dual Handle Brackets an Ihrem Gimbal befestigen und die Schulterriemen und St\u00fctzriemen verwenden, um die Griffe an der Weste zu befestigen.<\/p>\n<p>Dadurch werden mehrere Kontaktpunkte geschaffen, so dass Sie bequemer und stabiler arbeiten k\u00f6nnen, w\u00e4hrend Sie bei Bedarf die H\u00e4nde frei haben. (Diskretion des Benutzers wird empfohlen)<\/p>\n<p>Die Griffe selbst k\u00f6nnen in verschiedene Positionen gedreht werden, um eine komfortable Bedienung f\u00fcr viele verschiedene Konfigurationen zu erm\u00f6glichen.<\/p>\n<p>Die Halterungen, die die Griffe \u00fcber die NATO mit dem Gimbal verbinden, verf\u00fcgen \u00fcber Befestigungspunkte wie 1\/4&#8243;-20 und Cold Shoe, um weiteres Zubeh\u00f6r aufzunehmen.<\/p>\n","protected":false},"excerpt":{"rendered":"<p>Das Tilta Lightweight Gimbal Support System wurde speziell entwickelt, um kleinere handgef\u00fchrte Gimbals \u00fcber einen l\u00e4ngeren Zeitraum zu unterst\u00fctzen. Die Taillenweste verf\u00fcgt \u00fcber einen h\u00f6henverstellbaren Adapter, mit dem Sie die DJI RS2, RSC2, RS3 oder RS3 Pro \u00fcber die Unterseite [&hellip;]<\/p>\n","protected":false},"featured_media":1968209,"comment_status":"closed","ping_status":"closed","template":"","meta":[],"product_cat":[1288],"product_tag":[],"acf":[],"gallery_images":[1968164,1968169,1968200,1968201,1968199,1968196,1968197,1968198],"_links":{"self":[{"href":"https:\/\/eu.tilta.com\/de\/wp-json\/wp\/v2\/product\/1973474"}],"collection":[{"href":"https:\/\/eu.tilta.com\/de\/wp-json\/wp\/v2\/product"}],"about":[{"href":"https:\/\/eu.tilta.com\/de\/wp-json\/wp\/v2\/types\/product"}],"replies":[{"embeddable":true,"href":"https:\/\/eu.tilta.com\/de\/wp-json\/wp\/v2\/comments?post=1973474"}],"wp:featuredmedia":[{"embeddable":true,"href":"https:\/\/eu.tilta.com\/de\/wp-json\/wp\/v2\/media\/1968209"}],"wp:attachment":[{"href":"https:\/\/eu.tilta.com\/de\/wp-json\/wp\/v2\/media?parent=1973474"}],"wp:term":[{"taxonomy":"product_cat","embeddable":true,"href":"https:\/\/eu.tilta.com\/de\/wp-json\/wp\/v2\/product_cat?post=1973474"},{"taxonomy":"product_tag","embeddable":true,"href":"https:\/\/eu.tilta.com\/de\/wp-json\/wp\/v2\/product_tag?post=1973474"}],"curies":[{"name":"wp","href":"https:\/\/api.w.org\/{rel}","templated":true}]}}