{"id":1973475,"date":"2022-08-04T08:54:42","date_gmt":"2022-08-04T06:54:42","guid":{"rendered":"https:\/\/de.tilta.com\/shop\/lightweight-gimbal-support-vest\/"},"modified":"2026-03-24T11:24:03","modified_gmt":"2026-03-24T10:24:03","slug":"lightweight-gimbal-support-vest","status":"publish","type":"product","link":"https:\/\/eu.tilta.com\/de\/shop\/lightweight-gimbal-support-vest\/","title":{"rendered":"Lightweight Gimbal Support Vest"},"content":{"rendered":"<p><span style=\"font-weight: 400;\">Die Tilta Lightweight Gimbal Support Vest wurde speziell entwickelt, um kleinere Handheld-Gimbals \u00fcber einen l\u00e4ngeren Zeitraum hinweg zu unterst\u00fctzen.<\/span><\/p>\n<p>Die Taillenweste verf\u00fcgt \u00fcber einen h\u00f6henverstellbaren Adapter, mit dem Sie die DJI RS2, RSC2, RS3 oder RS3 Pro \u00fcber die Unterseite des Batteriegriffs oder das erweiterte Griffstativ befestigen k\u00f6nnen.<\/p>\n<p>Diese Weste passt perfekt zu den optionalen Dual Handle Brackets, die mit Ihrem Gimbal verbunden werden k\u00f6nnen, und zu den Support Straps, mit denen diese Griffe an der Weste befestigt werden k\u00f6nnen.<\/p>\n<p>Dadurch werden mehrere Kontaktpunkte geschaffen, so dass Sie bequemer und stabiler arbeiten k\u00f6nnen, w\u00e4hrend Sie bei Bedarf die H\u00e4nde frei haben. (Diskretion des Benutzers wird empfohlen)<\/p>\n<p>&nbsp;<\/p>\n","protected":false},"excerpt":{"rendered":"<p>Die Tilta Lightweight Gimbal Support Vest wurde speziell entwickelt, um kleinere Handheld-Gimbals \u00fcber einen l\u00e4ngeren Zeitraum hinweg zu unterst\u00fctzen. Die Taillenweste verf\u00fcgt \u00fcber einen h\u00f6henverstellbaren Adapter, mit dem Sie die DJI RS2, RSC2, RS3 oder RS3 Pro \u00fcber die Unterseite [&hellip;]<\/p>\n","protected":false},"featured_media":1968202,"comment_status":"closed","ping_status":"closed","template":"","meta":[],"product_cat":[1288],"product_tag":[],"acf":[],"gallery_images":[1968172,1968191,1968192,1968193],"_links":{"self":[{"href":"https:\/\/eu.tilta.com\/de\/wp-json\/wp\/v2\/product\/1973475"}],"collection":[{"href":"https:\/\/eu.tilta.com\/de\/wp-json\/wp\/v2\/product"}],"about":[{"href":"https:\/\/eu.tilta.com\/de\/wp-json\/wp\/v2\/types\/product"}],"replies":[{"embeddable":true,"href":"https:\/\/eu.tilta.com\/de\/wp-json\/wp\/v2\/comments?post=1973475"}],"wp:featuredmedia":[{"embeddable":true,"href":"https:\/\/eu.tilta.com\/de\/wp-json\/wp\/v2\/media\/1968202"}],"wp:attachment":[{"href":"https:\/\/eu.tilta.com\/de\/wp-json\/wp\/v2\/media?parent=1973475"}],"wp:term":[{"taxonomy":"product_cat","embeddable":true,"href":"https:\/\/eu.tilta.com\/de\/wp-json\/wp\/v2\/product_cat?post=1973475"},{"taxonomy":"product_tag","embeddable":true,"href":"https:\/\/eu.tilta.com\/de\/wp-json\/wp\/v2\/product_tag?post=1973475"}],"curies":[{"name":"wp","href":"https:\/\/api.w.org\/{rel}","templated":true}]}}