{"id":1973476,"date":"2022-08-04T08:48:20","date_gmt":"2022-08-04T06:48:20","guid":{"rendered":"https:\/\/de.tilta.com\/shop\/dual-handle-bracket-for-dji-ronin\/"},"modified":"2025-12-05T12:12:02","modified_gmt":"2025-12-05T11:12:02","slug":"dual-handle-bracket-for-dji-ronin","status":"publish","type":"product","link":"https:\/\/eu.tilta.com\/de\/shop\/dual-handle-bracket-for-dji-ronin\/","title":{"rendered":"Dual Handle Bracket for DJI Ronin"},"content":{"rendered":"<p>Die Dual Handle Bracket f\u00fcr DJI Ronin wird an die NATO-Halterung Ihres DJI RS2, RSC2, RS 3\/3 Pro und RS 4\/4 Pro angeschlossen und erm\u00f6glicht es Ihnen, Ihren Gimbal \u00fcber zwei Kontaktpunkte zu bedienen, um mehr Kontrolle und eine reibungslosere Leistung zu erzielen.<\/p>\n<p>Die Griffe selbst k\u00f6nnen in verschiedene Positionen gedreht werden, um eine komfortable Bedienung f\u00fcr viele verschiedene Konfigurationen zu erm\u00f6glichen.<\/p>\n<p>So k\u00f6nnen Sie den Gimbal sowohl in aufrechter als auch in untergeh\u00e4ngter Position betreiben.<\/p>\n<p>Die Halterungen, die die Griffe mit dem Gimbal verbinden, verf\u00fcgen \u00fcber Befestigungspunkte wie 1\/4&#8243;-20 und Cold Shoe, um weiteres Zubeh\u00f6r aufzunehmen.<\/p>\n<p>Dieses Set enth\u00e4lt eine Reisetasche aus Stoff zur Aufbewahrung und zum Transport.<\/p>\n","protected":false},"excerpt":{"rendered":"<p>Die Dual Handle Bracket f\u00fcr DJI Ronin wird an die NATO-Halterung Ihres DJI RS2, RSC2, RS 3\/3 Pro und RS 4\/4 Pro angeschlossen und erm\u00f6glicht es Ihnen, Ihren Gimbal \u00fcber zwei Kontaktpunkte zu bedienen, um mehr Kontrolle und eine reibungslosere [&hellip;]<\/p>\n","protected":false},"featured_media":1968161,"comment_status":"closed","ping_status":"closed","template":"","meta":[],"product_cat":[1288,1139],"product_tag":[],"acf":[],"gallery_images":[1968186,1968162,1968163,1968188,1968189,1968187],"_links":{"self":[{"href":"https:\/\/eu.tilta.com\/de\/wp-json\/wp\/v2\/product\/1973476"}],"collection":[{"href":"https:\/\/eu.tilta.com\/de\/wp-json\/wp\/v2\/product"}],"about":[{"href":"https:\/\/eu.tilta.com\/de\/wp-json\/wp\/v2\/types\/product"}],"replies":[{"embeddable":true,"href":"https:\/\/eu.tilta.com\/de\/wp-json\/wp\/v2\/comments?post=1973476"}],"wp:featuredmedia":[{"embeddable":true,"href":"https:\/\/eu.tilta.com\/de\/wp-json\/wp\/v2\/media\/1968161"}],"wp:attachment":[{"href":"https:\/\/eu.tilta.com\/de\/wp-json\/wp\/v2\/media?parent=1973476"}],"wp:term":[{"taxonomy":"product_cat","embeddable":true,"href":"https:\/\/eu.tilta.com\/de\/wp-json\/wp\/v2\/product_cat?post=1973476"},{"taxonomy":"product_tag","embeddable":true,"href":"https:\/\/eu.tilta.com\/de\/wp-json\/wp\/v2\/product_tag?post=1973476"}],"curies":[{"name":"wp","href":"https:\/\/api.w.org\/{rel}","templated":true}]}}