{"id":1973477,"date":"2022-08-01T09:10:29","date_gmt":"2022-08-01T07:10:29","guid":{"rendered":"https:\/\/de.tilta.com\/shop\/tilta-taktische-aufnaeher\/"},"modified":"2025-12-05T12:12:12","modified_gmt":"2025-12-05T11:12:12","slug":"tilta-tactical-patches","status":"publish","type":"product","link":"https:\/\/eu.tilta.com\/de\/shop\/tilta-tactical-patches\/","title":{"rendered":"Tilta taktische Aufn\u00e4her"},"content":{"rendered":"<p>Gestalten Sie Ihren <a href=\"https:\/\/de.tilta.com\/de\/shop\/tilta-air-windbreaker\/\">Tilta Air Windbreaker<\/a> oder andere Jacken, Rucks\u00e4cke und andere Ausr\u00fcstungsgegenst\u00e4nde mit einem Tactical Patch. W\u00e4hlen Sie zwischen Designs mit dem Tilta Eisenkopf, dem Hydra-Logo und dem Tilta-Schriftzug in sechs einzigartigen Designs. Zeigen Sie Ihre Liebe zu Tilta und bringen Sie Ihre Kreativit\u00e4t mit einem Design zum Ausdruck, das zu Ihrem Empfinden passt.<\/p>\n<p>Hergestellt aus synthetischen Materialien f\u00fcr hohe Strapazierf\u00e4higkeit und schnelle Trocknungseigenschaften. R\u00fcckseite mit Klettband zum Befestigen an Ihrer Ausr\u00fcstung. Die Flecken sind ungef\u00e4hr handtellergro\u00df.<\/p>\n","protected":false},"excerpt":{"rendered":"<p>Gestalten Sie Ihren Tilta Air Windbreaker oder andere Jacken, Rucks\u00e4cke und andere Ausr\u00fcstungsgegenst\u00e4nde mit einem Tactical Patch. W\u00e4hlen Sie zwischen Designs mit dem Tilta Eisenkopf, dem Hydra-Logo und dem Tilta-Schriftzug in sechs einzigartigen Designs. Zeigen Sie Ihre Liebe zu Tilta [&hellip;]<\/p>\n","protected":false},"featured_media":1968142,"comment_status":"closed","ping_status":"closed","template":"","meta":[],"product_cat":[1254],"product_tag":[],"acf":[],"gallery_images":[1968155,1968154,1968156],"_links":{"self":[{"href":"https:\/\/eu.tilta.com\/de\/wp-json\/wp\/v2\/product\/1973477"}],"collection":[{"href":"https:\/\/eu.tilta.com\/de\/wp-json\/wp\/v2\/product"}],"about":[{"href":"https:\/\/eu.tilta.com\/de\/wp-json\/wp\/v2\/types\/product"}],"replies":[{"embeddable":true,"href":"https:\/\/eu.tilta.com\/de\/wp-json\/wp\/v2\/comments?post=1973477"}],"wp:featuredmedia":[{"embeddable":true,"href":"https:\/\/eu.tilta.com\/de\/wp-json\/wp\/v2\/media\/1968142"}],"wp:attachment":[{"href":"https:\/\/eu.tilta.com\/de\/wp-json\/wp\/v2\/media?parent=1973477"}],"wp:term":[{"taxonomy":"product_cat","embeddable":true,"href":"https:\/\/eu.tilta.com\/de\/wp-json\/wp\/v2\/product_cat?post=1973477"},{"taxonomy":"product_tag","embeddable":true,"href":"https:\/\/eu.tilta.com\/de\/wp-json\/wp\/v2\/product_tag?post=1973477"}],"curies":[{"name":"wp","href":"https:\/\/api.w.org\/{rel}","templated":true}]}}