{"id":1973484,"date":"2022-07-29T19:49:57","date_gmt":"2022-07-29T17:49:57","guid":{"rendered":"https:\/\/de.tilta.com\/shop\/tilta-air-windbreaker\/"},"modified":"2026-04-15T03:58:21","modified_gmt":"2026-04-15T01:58:21","slug":"tilta-air-windbreaker","status":"publish","type":"product","link":"https:\/\/eu.tilta.com\/de\/shop\/tilta-air-windbreaker\/","title":{"rendered":"Tilta Air Windbreaker"},"content":{"rendered":"<p><strong>Messen Sie Ihre Gr\u00f6\u00dfe vor der Bestellung, keine R\u00fcckgabe ohne angebrachten Anh\u00e4nger.<\/strong><\/p>\n<p>Die Air Windbreaker Jacke ist das ultimative Accessoire bei der Arbeit, auf Reisen oder bei Erkundungstouren im Freien. Das leichte und flexible Material h\u00e4lt die Jacke k\u00fchl, selbst bei direkter Sonneneinstrahlung.<\/p>\n<p>Die eingebauten Bel\u00fcftungsklappen helfen, \u00dcberhitzung zu vermeiden, w\u00e4hrend der UV-Schutz Sie vor der Sonne sch\u00fctzt.<\/p>\n<p>Das fluoridfreie, wasserabweisende Gewebe sch\u00fctzt vor extremen Wetterbedingungen, w\u00e4hrend das schnell trocknende Design f\u00fcr mehr Komfort bei Aufnahmen im Freien sorgt.<\/p>\n<p>Mit den verstellbaren Kordelz\u00fcgen k\u00f6nnen Sie die Passform der Jacke bei Bedarf anpassen, insbesondere an Ihren Handgelenken und H\u00e4nden.<\/p>\n<p>Verschiedene bestickte Armaufn\u00e4her k\u00f6nnen mit Klettverschluss an der Jacke befestigt werden und zwei Farboptionen erm\u00f6glichen es Ihnen, den Look an Ihren individuellen Stil anzupassen.<\/p>\n","protected":false},"excerpt":{"rendered":"<p>Messen Sie Ihre Gr\u00f6\u00dfe vor der Bestellung, keine R\u00fcckgabe ohne angebrachten Anh\u00e4nger. Die Air Windbreaker Jacke ist das ultimative Accessoire bei der Arbeit, auf Reisen oder bei Erkundungstouren im Freien. Das leichte und flexible Material h\u00e4lt die Jacke k\u00fchl, selbst [&hellip;]<\/p>\n","protected":false},"featured_media":1968115,"comment_status":"closed","ping_status":"closed","template":"","meta":[],"product_cat":[1254],"product_tag":[],"acf":[],"gallery_images":[1968118,1968143,1968144,1968145,1968146,1968147],"_links":{"self":[{"href":"https:\/\/eu.tilta.com\/de\/wp-json\/wp\/v2\/product\/1973484"}],"collection":[{"href":"https:\/\/eu.tilta.com\/de\/wp-json\/wp\/v2\/product"}],"about":[{"href":"https:\/\/eu.tilta.com\/de\/wp-json\/wp\/v2\/types\/product"}],"replies":[{"embeddable":true,"href":"https:\/\/eu.tilta.com\/de\/wp-json\/wp\/v2\/comments?post=1973484"}],"wp:featuredmedia":[{"embeddable":true,"href":"https:\/\/eu.tilta.com\/de\/wp-json\/wp\/v2\/media\/1968115"}],"wp:attachment":[{"href":"https:\/\/eu.tilta.com\/de\/wp-json\/wp\/v2\/media?parent=1973484"}],"wp:term":[{"taxonomy":"product_cat","embeddable":true,"href":"https:\/\/eu.tilta.com\/de\/wp-json\/wp\/v2\/product_cat?post=1973484"},{"taxonomy":"product_tag","embeddable":true,"href":"https:\/\/eu.tilta.com\/de\/wp-json\/wp\/v2\/product_tag?post=1973484"}],"curies":[{"name":"wp","href":"https:\/\/api.w.org\/{rel}","templated":true}]}}