{"id":1973496,"date":"2022-07-28T12:17:10","date_gmt":"2022-07-28T10:17:10","guid":{"rendered":"https:\/\/de.tilta.com\/shop\/handgriff-verlaengerungskabel-fuer-dji-ronin-4d\/"},"modified":"2025-12-05T12:12:19","modified_gmt":"2025-12-05T11:12:19","slug":"handle-extension-cables-for-dji-ronin-4d","status":"publish","type":"product","link":"https:\/\/eu.tilta.com\/de\/shop\/handle-extension-cables-for-dji-ronin-4d\/","title":{"rendered":"Handgriff-Verl\u00e4ngerungskabel f\u00fcr DJI Ronin 4D"},"content":{"rendered":"<p>Erweitern Sie die M\u00f6glichkeiten des DJI Ronin 4D mit diesen Handle Extension Cables!<\/p>\n<p>Diese Kabel werden auf der einen Seite mit den Griffschlitzen des Ronin 4D Kamerageh\u00e4uses und auf der anderen Seite mit den ARRI Standard-Rosetten verbunden. So k\u00f6nnen Sie die Griffe verschieben, wenn Sie z.B. unser Lightweight Shoulder Rig oder ein \u00e4hnliches Halterungssystem verwenden.<\/p>\n<p>So haben Sie die volle Kontrolle, die die 4D Griffe bieten, w\u00e4hrend Sie in einer schultermontierten Konfiguration schie\u00dfen.<\/p>\n","protected":false},"excerpt":{"rendered":"<p>Erweitern Sie die M\u00f6glichkeiten des DJI Ronin 4D mit diesen Handle Extension Cables! Diese Kabel werden auf der einen Seite mit den Griffschlitzen des Ronin 4D Kamerageh\u00e4uses und auf der anderen Seite mit den ARRI Standard-Rosetten verbunden. So k\u00f6nnen Sie [&hellip;]<\/p>\n","protected":false},"featured_media":1968106,"comment_status":"closed","ping_status":"closed","template":"","meta":[],"product_cat":[1259,1233],"product_tag":[],"acf":[],"gallery_images":[1925847],"_links":{"self":[{"href":"https:\/\/eu.tilta.com\/de\/wp-json\/wp\/v2\/product\/1973496"}],"collection":[{"href":"https:\/\/eu.tilta.com\/de\/wp-json\/wp\/v2\/product"}],"about":[{"href":"https:\/\/eu.tilta.com\/de\/wp-json\/wp\/v2\/types\/product"}],"replies":[{"embeddable":true,"href":"https:\/\/eu.tilta.com\/de\/wp-json\/wp\/v2\/comments?post=1973496"}],"wp:featuredmedia":[{"embeddable":true,"href":"https:\/\/eu.tilta.com\/de\/wp-json\/wp\/v2\/media\/1968106"}],"wp:attachment":[{"href":"https:\/\/eu.tilta.com\/de\/wp-json\/wp\/v2\/media?parent=1973496"}],"wp:term":[{"taxonomy":"product_cat","embeddable":true,"href":"https:\/\/eu.tilta.com\/de\/wp-json\/wp\/v2\/product_cat?post=1973496"},{"taxonomy":"product_tag","embeddable":true,"href":"https:\/\/eu.tilta.com\/de\/wp-json\/wp\/v2\/product_tag?post=1973496"}],"curies":[{"name":"wp","href":"https:\/\/api.w.org\/{rel}","templated":true}]}}