{"id":1973497,"date":"2022-07-28T11:54:35","date_gmt":"2022-07-28T09:54:35","guid":{"rendered":"https:\/\/de.tilta.com\/shop\/500g-gegengewicht-schwarz\/"},"modified":"2026-04-01T10:34:12","modified_gmt":"2026-04-01T08:34:12","slug":"500g-counterweight-black","status":"publish","type":"product","link":"https:\/\/eu.tilta.com\/de\/shop\/500g-counterweight-black\/","title":{"rendered":"500G Gegengewicht &#8211; Schwarz"},"content":{"rendered":"<p>Dieses 500 g schwere Gegengewicht wird an der R\u00fcckseite des Lightweight Shoulder Rig montiert, um das Rig besser auf Ihrer Schulter auszubalancieren.<\/p>\n<p>Auf diese Weise k\u00f6nnen Sie den Schwerpunkt des Rigs ganz einfach an Ihre Schulter anpassen, so dass Sie das Ger\u00e4t auch \u00fcber einen l\u00e4ngeren Zeitraum hinweg bequem bedienen k\u00f6nnen.<\/p>\n<p>Dank des 1\/4&#8243;-20 Gewindes auf der R\u00fcckseite lassen sie sich nach Bedarf stapeln.<\/p>\n<p>Dieser kann auch in Verbindung mit der Seitenarm-Gegengewichtsklemme und\/oder dem Adapter f\u00fcr das Gegengewicht der Quick Release Baseplate verwendet werden.<\/p>\n<p>Dies kann f\u00fcr zus\u00e4tzliches Gewicht sorgen, wenn Sie Ihre Kamera auf einem Gimbal in extremeren Situationen ausbalancieren m\u00fcssen.<\/p>\n<p>&nbsp;<\/p>\n<p>&nbsp;<\/p>\n","protected":false},"excerpt":{"rendered":"<p>Dieses 500 g schwere Gegengewicht wird an der R\u00fcckseite des Lightweight Shoulder Rig montiert, um das Rig besser auf Ihrer Schulter auszubalancieren. Auf diese Weise k\u00f6nnen Sie den Schwerpunkt des Rigs ganz einfach an Ihre Schulter anpassen, so dass Sie [&hellip;]<\/p>\n","protected":false},"featured_media":1970387,"comment_status":"closed","ping_status":"closed","template":"","meta":[],"product_cat":[1233,1289],"product_tag":[],"acf":[],"gallery_images":[1970388,1968104,1968105],"_links":{"self":[{"href":"https:\/\/eu.tilta.com\/de\/wp-json\/wp\/v2\/product\/1973497"}],"collection":[{"href":"https:\/\/eu.tilta.com\/de\/wp-json\/wp\/v2\/product"}],"about":[{"href":"https:\/\/eu.tilta.com\/de\/wp-json\/wp\/v2\/types\/product"}],"replies":[{"embeddable":true,"href":"https:\/\/eu.tilta.com\/de\/wp-json\/wp\/v2\/comments?post=1973497"}],"wp:featuredmedia":[{"embeddable":true,"href":"https:\/\/eu.tilta.com\/de\/wp-json\/wp\/v2\/media\/1970387"}],"wp:attachment":[{"href":"https:\/\/eu.tilta.com\/de\/wp-json\/wp\/v2\/media?parent=1973497"}],"wp:term":[{"taxonomy":"product_cat","embeddable":true,"href":"https:\/\/eu.tilta.com\/de\/wp-json\/wp\/v2\/product_cat?post=1973497"},{"taxonomy":"product_tag","embeddable":true,"href":"https:\/\/eu.tilta.com\/de\/wp-json\/wp\/v2\/product_tag?post=1973497"}],"curies":[{"name":"wp","href":"https:\/\/api.w.org\/{rel}","templated":true}]}}