{"id":1973498,"date":"2022-07-25T09:17:56","date_gmt":"2022-07-25T07:17:56","guid":{"rendered":"https:\/\/de.tilta.com\/shop\/tilta-lightweight-shoulder-rig-black\/"},"modified":"2026-04-27T13:16:12","modified_gmt":"2026-04-27T11:16:12","slug":"tiltaing-lightweight-shoulder-rig-black","status":"publish","type":"product","link":"https:\/\/eu.tilta.com\/de\/shop\/tiltaing-lightweight-shoulder-rig-black\/","title":{"rendered":"Tilta Lightweight Shoulder Rig &#8211; Black"},"content":{"rendered":"<p><strong>*Kompatibel mit den meisten kompakten Kinokameras und DSLRs*.  <\/strong><\/p>\n<p><strong>HINWEIS: Die Manfrotto\/ARCA Grundplatte ist f\u00fcr die mitgelieferte Tilta Schnellwechselplatte konzipiert.<\/strong><\/p>\n<p><strong>Einige andere Manfrotto\/ARCA Schnellwechselplatten k\u00f6nnen kompatibel sein, k\u00f6nnen aber nicht garantiert werden.<\/strong><\/p>\n<p><strong>F\u00fcr weitere Informationen dar\u00fcber, wie Sie die Spannung des Hebels an Ihrer Baseplate einstellen k\u00f6nnen, wenden Sie sich bitte an: support@tilta.com  <\/strong><\/p>\n<p>Bewaffnen Sie Ihre Kamera mit dem Tilta Lightweight Shoulder Rig! Dies ist die perfekte L\u00f6sung f\u00fcr den Betrieb einer leichten, tragbaren Kamera.<\/p>\n<p>Die Basis dieses Rigs ist mit einer Dual Manfrotto ARCA Grundplatte ausgestattet, die es Ihnen erm\u00f6glicht, entweder die Schnellwechselplatte des Systems oder die mitgelieferte Manfrotto\/ARCA Platte zu verwenden.<\/p>\n<p>Diese Grundplatte kann bei Bedarf entfernt werden und andere Grundplatten oder Schwalbenschw\u00e4nze k\u00f6nnen \u00fcber 1\/4&#8243;-20 Gewinde an der Hauptplatte dieses Schulterrigs befestigt werden.<\/p>\n<p>In Verbindung mit unserem Tilta Standardschwalbenschwanz k\u00f6nnen Sie schnell von einem Stativ oder einem anderen Tragesystem auf dieses leichte Schulterstativ umsteigen.<\/p>\n<p>Das mitgelieferte Schulterpolster mit Klettverschluss l\u00e4sst sich ebenfalls unabh\u00e4ngig voneinander einstellen, so dass Sie das Kamerasystem perfekt auf Ihrer Schulter ausbalancieren k\u00f6nnen.<\/p>\n<p>Die verstellbaren, ausziehbaren Rosettenarme erm\u00f6glichen eine Feineinstellung der L\u00e4nge und des Winkels der Handgriffe f\u00fcr ein bequemeres Arbeiten in verschiedenen Positionen.<\/p>\n<p>Die Verl\u00e4ngerungsarme verf\u00fcgen \u00fcber ein 1\/4&#8243;-20 Gewinde am Arm selbst, so dass Sie einen externen Monitor \u00fcber einen Gelenkarm montieren k\u00f6nnen.<\/p>\n<p>So k\u00f6nnen Sie Ihren Monitor weiter von sich entfernt montieren, als es bei einer direkten Montage am Kamerageh\u00e4use m\u00f6glich w\u00e4re.<\/p>\n<p>Die Rosettenbr\u00fccke kann um volle 360 Grad gedreht werden, so dass dieses Rigg f\u00fcr den Transport schnell zusammengeklappt werden kann.<\/p>\n<p>Die 15-mm-LWS-Stabhalterung an der R\u00fcckseite des Rigs dient zur Aufnahme von zwei 15-mm-St\u00e4ben und stabbasiertem Zubeh\u00f6r wie verschiedenen Batterieplatten.<\/p>\n<p>So k\u00f6nnen Sie Ihre Kamera mit Strom versorgen und das Rigg auf Ihrer Schulter ausbalancieren, da es den Schwerpunkt n\u00e4her zu Ihnen verlagert, was die Bedienung \u00fcber einen l\u00e4ngeren Zeitraum hinweg einfacher und bequemer macht.<\/p>\n<p>Auf der R\u00fcckseite des Rigs finden Sie au\u00dferdem eine NATO-Schiene, an der Sie \u00fcber eine kleine Adapterplatte Gegengewichte und anderes Zubeh\u00f6r befestigen k\u00f6nnen.<\/p>\n<p>Mit diesem NATO-Adapter k\u00f6nnen Sie auch das im Lieferumfang enthaltene hintere Schulterpolster montieren, das einen zus\u00e4tzlichen Kontaktpunkt bei der Bedienung bietet.<\/p>\n<p>&nbsp;<\/p>\n<p>&nbsp;<\/p>\n<p>&nbsp;<\/p>\n","protected":false},"excerpt":{"rendered":"<p>*Kompatibel mit den meisten kompakten Kinokameras und DSLRs*. HINWEIS: Die Manfrotto\/ARCA Grundplatte ist f\u00fcr die mitgelieferte Tilta Schnellwechselplatte konzipiert. Einige andere Manfrotto\/ARCA Schnellwechselplatten k\u00f6nnen kompatibel sein, k\u00f6nnen aber nicht garantiert werden. F\u00fcr weitere Informationen dar\u00fcber, wie Sie die Spannung des [&hellip;]<\/p>\n","protected":false},"featured_media":1968070,"comment_status":"closed","ping_status":"closed","template":"","meta":[],"product_cat":[3897,1434,1073,1233],"product_tag":[],"acf":[],"gallery_images":[1971385,1971001,1971000,1971002,1968153,1968074,1968075],"_links":{"self":[{"href":"https:\/\/eu.tilta.com\/de\/wp-json\/wp\/v2\/product\/1973498"}],"collection":[{"href":"https:\/\/eu.tilta.com\/de\/wp-json\/wp\/v2\/product"}],"about":[{"href":"https:\/\/eu.tilta.com\/de\/wp-json\/wp\/v2\/types\/product"}],"replies":[{"embeddable":true,"href":"https:\/\/eu.tilta.com\/de\/wp-json\/wp\/v2\/comments?post=1973498"}],"wp:featuredmedia":[{"embeddable":true,"href":"https:\/\/eu.tilta.com\/de\/wp-json\/wp\/v2\/media\/1968070"}],"wp:attachment":[{"href":"https:\/\/eu.tilta.com\/de\/wp-json\/wp\/v2\/media?parent=1973498"}],"wp:term":[{"taxonomy":"product_cat","embeddable":true,"href":"https:\/\/eu.tilta.com\/de\/wp-json\/wp\/v2\/product_cat?post=1973498"},{"taxonomy":"product_tag","embeddable":true,"href":"https:\/\/eu.tilta.com\/de\/wp-json\/wp\/v2\/product_tag?post=1973498"}],"curies":[{"name":"wp","href":"https:\/\/api.w.org\/{rel}","templated":true}]}}