{"id":1973504,"date":"2022-07-11T09:47:34","date_gmt":"2022-07-11T07:47:34","guid":{"rendered":"https:\/\/de.tilta.com\/shop\/tilta-advanced-rechter-seitengriffaufsatz-typ-ix-schwarz\/"},"modified":"2026-02-16T09:00:14","modified_gmt":"2026-02-16T08:00:14","slug":"tiltaing-advanced-right-side-handle-attachment-type-ix-black","status":"publish","type":"product","link":"https:\/\/eu.tilta.com\/de\/shop\/tiltaing-advanced-right-side-handle-attachment-type-ix-black\/","title":{"rendered":"Tilta Advanced Rechter Seitengriffaufsatz Typ IX &#8211; Schwarz"},"content":{"rendered":"<p>Mit dieser Seitengriffbefestigung k\u00f6nnen Sie Ihren Advanced Right Side Handle aus Holz am Griffschlitz des DJI Ronin 4D oder des DJI High Bright Remote Control Monitor befestigen.<\/p>\n<p>Dieser Adapter schafft eine stabile Verbindung f\u00fcr die Befestigung des Griffs und erm\u00f6glicht gleichzeitig die Drehung \u00fcber das verstellbare Element am Griff selbst.<\/p>\n","protected":false},"excerpt":{"rendered":"<p>Mit dieser Seitengriffbefestigung k\u00f6nnen Sie Ihren Advanced Right Side Handle aus Holz am Griffschlitz des DJI Ronin 4D oder des DJI High Bright Remote Control Monitor befestigen. Dieser Adapter schafft eine stabile Verbindung f\u00fcr die Befestigung des Griffs und erm\u00f6glicht [&hellip;]<\/p>\n","protected":false},"featured_media":1967979,"comment_status":"closed","ping_status":"closed","template":"","meta":[],"product_cat":[1259,1243],"product_tag":[],"acf":[],"gallery_images":[1967980,1968018],"_links":{"self":[{"href":"https:\/\/eu.tilta.com\/de\/wp-json\/wp\/v2\/product\/1973504"}],"collection":[{"href":"https:\/\/eu.tilta.com\/de\/wp-json\/wp\/v2\/product"}],"about":[{"href":"https:\/\/eu.tilta.com\/de\/wp-json\/wp\/v2\/types\/product"}],"replies":[{"embeddable":true,"href":"https:\/\/eu.tilta.com\/de\/wp-json\/wp\/v2\/comments?post=1973504"}],"wp:featuredmedia":[{"embeddable":true,"href":"https:\/\/eu.tilta.com\/de\/wp-json\/wp\/v2\/media\/1967979"}],"wp:attachment":[{"href":"https:\/\/eu.tilta.com\/de\/wp-json\/wp\/v2\/media?parent=1973504"}],"wp:term":[{"taxonomy":"product_cat","embeddable":true,"href":"https:\/\/eu.tilta.com\/de\/wp-json\/wp\/v2\/product_cat?post=1973504"},{"taxonomy":"product_tag","embeddable":true,"href":"https:\/\/eu.tilta.com\/de\/wp-json\/wp\/v2\/product_tag?post=1973504"}],"curies":[{"name":"wp","href":"https:\/\/api.w.org\/{rel}","templated":true}]}}