{"id":1973505,"date":"2022-06-24T12:15:05","date_gmt":"2022-06-24T10:15:05","guid":{"rendered":"https:\/\/de.tilta.com\/shop\/tilta-advanced-seitengriffbefestigung-typ-xi-schwarz\/"},"modified":"2026-02-16T09:00:14","modified_gmt":"2026-02-16T08:00:14","slug":"tiltaing-advanced-side-handle-attachment-type-xi-black","status":"publish","type":"product","link":"https:\/\/eu.tilta.com\/de\/shop\/tiltaing-advanced-side-handle-attachment-type-xi-black\/","title":{"rendered":"Tilta Advanced Seitengriffbefestigung Typ XI &#8211; Schwarz"},"content":{"rendered":"<p>Mit dieser Seitengriffbefestigung k\u00f6nnen Sie Ihre fortschrittlichen rechten oder linken Seitengriffe aus Holz \u00fcber ein 1\/4&#8243;-20 Gewinde mit Fixierstiften befestigen.<\/p>\n<p>Dies ist die perfekte Option f\u00fcr die meisten unserer Kamerak\u00e4fige, da fast alle diese Anschlussart unterst\u00fctzen.<\/p>\n<p>Die Fixierstifte schaffen eine starke Verbindung f\u00fcr die Befestigung des Griffs und erm\u00f6glichen gleichzeitig die Drehung \u00fcber das verstellbare Element am Griff selbst.<\/p>\n","protected":false},"excerpt":{"rendered":"<p>Mit dieser Seitengriffbefestigung k\u00f6nnen Sie Ihre fortschrittlichen rechten oder linken Seitengriffe aus Holz \u00fcber ein 1\/4&#8243;-20 Gewinde mit Fixierstiften befestigen. Dies ist die perfekte Option f\u00fcr die meisten unserer Kamerak\u00e4fige, da fast alle diese Anschlussart unterst\u00fctzen. Die Fixierstifte schaffen eine [&hellip;]<\/p>\n","protected":false},"featured_media":1967939,"comment_status":"closed","ping_status":"closed","template":"","meta":[],"product_cat":[4448,1243],"product_tag":[],"acf":[],"gallery_images":[1967940,1968017],"_links":{"self":[{"href":"https:\/\/eu.tilta.com\/de\/wp-json\/wp\/v2\/product\/1973505"}],"collection":[{"href":"https:\/\/eu.tilta.com\/de\/wp-json\/wp\/v2\/product"}],"about":[{"href":"https:\/\/eu.tilta.com\/de\/wp-json\/wp\/v2\/types\/product"}],"replies":[{"embeddable":true,"href":"https:\/\/eu.tilta.com\/de\/wp-json\/wp\/v2\/comments?post=1973505"}],"wp:featuredmedia":[{"embeddable":true,"href":"https:\/\/eu.tilta.com\/de\/wp-json\/wp\/v2\/media\/1967939"}],"wp:attachment":[{"href":"https:\/\/eu.tilta.com\/de\/wp-json\/wp\/v2\/media?parent=1973505"}],"wp:term":[{"taxonomy":"product_cat","embeddable":true,"href":"https:\/\/eu.tilta.com\/de\/wp-json\/wp\/v2\/product_cat?post=1973505"},{"taxonomy":"product_tag","embeddable":true,"href":"https:\/\/eu.tilta.com\/de\/wp-json\/wp\/v2\/product_tag?post=1973505"}],"curies":[{"name":"wp","href":"https:\/\/api.w.org\/{rel}","templated":true}]}}