{"id":1973507,"date":"2022-06-24T10:55:57","date_gmt":"2022-06-24T08:55:57","guid":{"rendered":"https:\/\/de.tilta.com\/shop\/tilta-advanced-rechter-seitengriffaufsatz-typ-viii-schwarz\/"},"modified":"2025-12-05T12:12:23","modified_gmt":"2025-12-05T11:12:23","slug":"tiltaing-advanced-right-side-handle-attachment-type-viii-black","status":"publish","type":"product","link":"https:\/\/eu.tilta.com\/de\/shop\/tiltaing-advanced-right-side-handle-attachment-type-viii-black\/","title":{"rendered":"Tilta Advanced Rechter Seitengriffaufsatz Typ VIII &#8211; Schwarz"},"content":{"rendered":"<p>Mit dieser Seitengriffbefestigung k\u00f6nnen Sie Ihren Advanced Right Side Wooden Handle \u00fcber eine NATO-Schienenverbindung montieren.<\/p>\n<p>Dies ist die perfekte Option f\u00fcr unseren RED Raptor Cage, RED Komodo Cage oder jeden anderen Kamerak\u00e4fig, der \u00fcber eine NATO-Schiene verf\u00fcgt.<\/p>\n<p>Diese Befestigungsart kann auch mit dem mitgelieferten 36mm NATO-Schienenaufsatz, der \u00fcber 1\/4&#8243;-20 montiert werden kann, an fast jeden K\u00e4fig angepasst werden.<\/p>\n","protected":false},"excerpt":{"rendered":"<p>Mit dieser Seitengriffbefestigung k\u00f6nnen Sie Ihren Advanced Right Side Wooden Handle \u00fcber eine NATO-Schienenverbindung montieren. Dies ist die perfekte Option f\u00fcr unseren RED Raptor Cage, RED Komodo Cage oder jeden anderen Kamerak\u00e4fig, der \u00fcber eine NATO-Schiene verf\u00fcgt. Diese Befestigungsart kann [&hellip;]<\/p>\n","protected":false},"featured_media":1967933,"comment_status":"closed","ping_status":"closed","template":"","meta":[],"product_cat":[1243],"product_tag":[],"acf":[],"gallery_images":[1967934,1968019],"_links":{"self":[{"href":"https:\/\/eu.tilta.com\/de\/wp-json\/wp\/v2\/product\/1973507"}],"collection":[{"href":"https:\/\/eu.tilta.com\/de\/wp-json\/wp\/v2\/product"}],"about":[{"href":"https:\/\/eu.tilta.com\/de\/wp-json\/wp\/v2\/types\/product"}],"replies":[{"embeddable":true,"href":"https:\/\/eu.tilta.com\/de\/wp-json\/wp\/v2\/comments?post=1973507"}],"wp:featuredmedia":[{"embeddable":true,"href":"https:\/\/eu.tilta.com\/de\/wp-json\/wp\/v2\/media\/1967933"}],"wp:attachment":[{"href":"https:\/\/eu.tilta.com\/de\/wp-json\/wp\/v2\/media?parent=1973507"}],"wp:term":[{"taxonomy":"product_cat","embeddable":true,"href":"https:\/\/eu.tilta.com\/de\/wp-json\/wp\/v2\/product_cat?post=1973507"},{"taxonomy":"product_tag","embeddable":true,"href":"https:\/\/eu.tilta.com\/de\/wp-json\/wp\/v2\/product_tag?post=1973507"}],"curies":[{"name":"wp","href":"https:\/\/api.w.org\/{rel}","templated":true}]}}